{"id":71,"date":"2022-10-17T19:11:25","date_gmt":"2022-10-17T19:11:25","guid":{"rendered":"https:\/\/icaseonline.net\/umit\/?page_id=71"},"modified":"2022-10-24T12:02:28","modified_gmt":"2022-10-24T12:02:28","slug":"quiz","status":"publish","type":"page","link":"https:\/\/icaseonline.net\/umit\/quiz\/","title":{"rendered":"QUIZ"},"content":{"rendered":"<div class=\"forminator-ui forminator-custom-form forminator-custom-form-113 forminator-design--default  forminator_ajax\" data-forminator-render=\"0\" data-form=\"forminator-module-113\" data-uid=\"69d1e91b13be2\"><br\/><\/div><form\n\t\t\t\tid=\"forminator-module-113\"\n\t\t\t\tclass=\"forminator-ui forminator-custom-form forminator-custom-form-113 forminator-design--default  forminator_ajax\"\n\t\t\t\tmethod=\"post\"\n\t\t\t\tdata-forminator-render=\"0\"\n\t\t\t\tdata-form-id=\"113\"\n\t\t\t\t data-color-option=\"default\" data-design=\"default\" data-grid=\"open\" style=\"display: none;\"\n\t\t\t\tdata-uid=\"69d1e91b13be2\"\n\t\t\t><div role=\"alert\" aria-live=\"polite\" class=\"forminator-response-message forminator-error\" aria-hidden=\"true\"><\/div><div class=\"forminator-row\"><div id=\"name-1\" class=\"forminator-field-name forminator-col forminator-col-6 \"><div class=\"forminator-field\"><label for=\"forminator-field-name-1_69d1e91b13be2\" id=\"forminator-field-name-1_69d1e91b13be2-label\" class=\"forminator-label\">\u00d6\u011frencinin Ad\u0131 ve Soyad\u0131<\/label><input type=\"text\" name=\"name-1\" value=\"\" placeholder=\"\" id=\"forminator-field-name-1_69d1e91b13be2\" class=\"forminator-input forminator-name--field\" aria-required=\"false\" autocomplete=\"name\" \/><\/div><\/div><div id=\"email-1\" class=\"forminator-field-email forminator-col forminator-col-6 \"><div class=\"forminator-field\"><label for=\"forminator-field-email-1_69d1e91b13be2\" id=\"forminator-field-email-1_69d1e91b13be2-label\" class=\"forminator-label\">Email Address<\/label><input type=\"email\" name=\"email-1\" value=\"\" placeholder=\"\" id=\"forminator-field-email-1_69d1e91b13be2\" class=\"forminator-input forminator-email--field\" data-required=\"\" aria-required=\"false\" autocomplete=\"email\" \/><\/div><\/div><\/div><div class=\"forminator-row\"><div id=\"address-1\" class=\"forminator-field-address forminator-col forminator-col-12 \"><div class=\"forminator-row\"><div id=\"address-1-street_address\" class=\"forminator-col\"><div class=\"forminator-field\"><label for=\"forminator-field-address-1-street_address_69d1e91b13be2\" id=\"forminator-field-address-1-street_address_69d1e91b13be2-label\" class=\"forminator-label\">Adresinizi Yaz\u0131n\u0131z<\/label><input type=\"text\" name=\"address-1-street_address\" placeholder=\"\" id=\"forminator-field-address-1-street_address_69d1e91b13be2\" class=\"forminator-input\" data-required=\"\" aria-required=\"false\" autocomplete=\"address-line1\" value=\"\" \/><\/div><\/div><\/div><\/div><\/div><div class=\"forminator-row\"><div id=\"number-1\" class=\"forminator-field-number forminator-col forminator-col-12 \"><div class=\"forminator-field\"><label for=\"forminator-field-number-1_69d1e91b13be2\" id=\"forminator-field-number-1_69d1e91b13be2-label\" class=\"forminator-label\">Okul Numaras\u0131<\/label><input name=\"number-1\" value=\"\" placeholder=\"\" id=\"forminator-field-number-1_69d1e91b13be2\" class=\"forminator-input forminator-number--field\" inputmode=\"decimal\" data-required=\"\" data-decimals=\"0\" aria-required=\"false\" data-inputmask=\"&#039;groupSeparator&#039;: &#039;&#039;, &#039;radixPoint&#039;: &#039;&#039;, &#039;digits&#039;: &#039;0&#039;\" type=\"number\" step=\"any\" min=\"1\" max=\"1502422272\" \/><\/div><\/div><\/div><div class=\"forminator-row\"><div id=\"textarea-1\" class=\"forminator-field-textarea forminator-col forminator-col-12 \"><div class=\"forminator-field\"><label for=\"forminator-field-textarea-1_69d1e91b13be2\" id=\"forminator-field-textarea-1_69d1e91b13be2-label\" class=\"forminator-label\">H\u00fccrenin temel k\u0131s\u0131mlar\u0131n\u0131 belirtiniz.<\/label><textarea name=\"textarea-1\" placeholder=\"\" id=\"forminator-field-textarea-1_69d1e91b13be2\" class=\"forminator-textarea\" rows=\"6\" style=\"min-height:140px;\" ><\/textarea><\/div><\/div><\/div><div class=\"forminator-row\"><div id=\"select-1\" class=\"forminator-field-select forminator-col forminator-col-12 \"><div class=\"forminator-field\"><label for=\"forminator-form-113__field--select-1_69d1e91b13be2\" id=\"forminator-form-113__field--select-1_69d1e91b13be2-label\" class=\"forminator-label\">A\u015fa\u011f\u0131dakilerden hangisi h\u00fccrenin y\u00f6netim merkezidir?<\/label><div class=\"forminator-multiselect\" aria-labelledby=\"forminator-form-113__field--select-1_69d1e91b13be2-label\"><label id=\"forminator-form-113__field--select-1_69d1e91b13be2-1-label\" for=\"forminator-form-113__field--select-1_69d1e91b13be2-1\" class=\"forminator-option\"><input type=\"checkbox\" name=\"select-1[]\" value=\"one\" id=\"forminator-form-113__field--select-1_69d1e91b13be2-1\" aria-labelledby=\"forminator-form-113__field--select-1_69d1e91b13be2-1-label\" data-calculation=\"0\"   \/>H\u00fccre Zar\u0131<\/label><label id=\"forminator-form-113__field--select-1_69d1e91b13be2-2-label\" for=\"forminator-form-113__field--select-1_69d1e91b13be2-2\" class=\"forminator-option forminator-is_checked\"><input type=\"checkbox\" name=\"select-1[]\" value=\"two\" id=\"forminator-form-113__field--select-1_69d1e91b13be2-2\" aria-labelledby=\"forminator-form-113__field--select-1_69d1e91b13be2-2-label\" data-calculation=\"0\"  checked=\"checked\" \/>\u00c7ekirdek<\/label><label id=\"forminator-form-113__field--select-1_69d1e91b13be2-3-label\" for=\"forminator-form-113__field--select-1_69d1e91b13be2-3\" class=\"forminator-option\"><input type=\"checkbox\" name=\"select-1[]\" value=\"Sitoplazma\" id=\"forminator-form-113__field--select-1_69d1e91b13be2-3\" aria-labelledby=\"forminator-form-113__field--select-1_69d1e91b13be2-3-label\" data-calculation=\"0\"   \/>Sitoplazma<\/label><input type='hidden' name='select-1-multiselect-default-values' class='multiselect-default-values' value='{\"0\":\"two\"}' \/><\/div><\/div><\/div><\/div><input type=\"hidden\" name=\"referer_url\" value=\"\" \/><div class=\"forminator-row forminator-row-last\"><div class=\"forminator-col\"><div class=\"forminator-field\"><button class=\"forminator-button forminator-button-submit\">Send Message<\/button><\/div><\/div><\/div><input type=\"hidden\" id=\"forminator_nonce\" name=\"forminator_nonce\" value=\"cfaa24b9ac\" \/><input type=\"hidden\" name=\"_wp_http_referer\" value=\"\/umit\/wp-json\/wp\/v2\/pages\/71\" \/><input type=\"hidden\" name=\"form_id\" value=\"113\"><input type=\"hidden\" name=\"page_id\" value=\"71\"><input type=\"hidden\" name=\"form_type\" value=\"default\"><input type=\"hidden\" name=\"current_url\" value=\"https:\/\/icaseonline.net\/umit\/quiz\/\"><input type=\"hidden\" name=\"render_id\" value=\"0\"><input type=\"hidden\" name=\"action\" value=\"forminator_submit_form_custom-forms\"><\/form>\n","protected":false},"excerpt":{"rendered":"","protected":false},"author":2,"featured_media":0,"parent":0,"menu_order":0,"comment_status":"closed","ping_status":"closed","template":"","meta":{"om_disable_all_campaigns":false,"_monsterinsights_skip_tracking":false,"_monsterinsights_sitenote_active":false,"_monsterinsights_sitenote_note":"","_monsterinsights_sitenote_category":0,"footnotes":""},"class_list":["post-71","page","type-page","status-publish","hentry"],"yoast_head":"<!-- This site is optimized with the Yoast SEO plugin v27.2 - https:\/\/yoast.com\/product\/yoast-seo-wordpress\/ -->\n<title>QUIZ - \u00dcM\u0130T YILDIRIM<\/title>\n<meta name=\"robots\" content=\"index, follow, max-snippet:-1, max-image-preview:large, max-video-preview:-1\" \/>\n<link rel=\"canonical\" href=\"https:\/\/icaseonline.net\/umit\/quiz\/\" \/>\n<meta property=\"og:locale\" content=\"en_US\" \/>\n<meta property=\"og:type\" content=\"article\" \/>\n<meta property=\"og:title\" content=\"QUIZ - \u00dcM\u0130T YILDIRIM\" \/>\n<meta property=\"og:url\" content=\"https:\/\/icaseonline.net\/umit\/quiz\/\" \/>\n<meta property=\"og:site_name\" content=\"\u00dcM\u0130T YILDIRIM\" \/>\n<meta property=\"article:modified_time\" content=\"2022-10-24T12:02:28+00:00\" \/>\n<meta name=\"twitter:card\" content=\"summary_large_image\" \/>\n<meta name=\"twitter:label1\" content=\"Est. reading time\" \/>\n\t<meta name=\"twitter:data1\" content=\"1 minute\" \/>\n<script type=\"application\/ld+json\" class=\"yoast-schema-graph\">{\"@context\":\"https:\/\/schema.org\",\"@graph\":[{\"@type\":\"WebPage\",\"@id\":\"https:\/\/icaseonline.net\/umit\/quiz\/\",\"url\":\"https:\/\/icaseonline.net\/umit\/quiz\/\",\"name\":\"QUIZ - \u00dcM\u0130T YILDIRIM\",\"isPartOf\":{\"@id\":\"https:\/\/icaseonline.net\/umit\/#website\"},\"datePublished\":\"2022-10-17T19:11:25+00:00\",\"dateModified\":\"2022-10-24T12:02:28+00:00\",\"breadcrumb\":{\"@id\":\"https:\/\/icaseonline.net\/umit\/quiz\/#breadcrumb\"},\"inLanguage\":\"en-US\",\"potentialAction\":[{\"@type\":\"ReadAction\",\"target\":[\"https:\/\/icaseonline.net\/umit\/quiz\/\"]}]},{\"@type\":\"BreadcrumbList\",\"@id\":\"https:\/\/icaseonline.net\/umit\/quiz\/#breadcrumb\",\"itemListElement\":[{\"@type\":\"ListItem\",\"position\":1,\"name\":\"Home\",\"item\":\"https:\/\/icaseonline.net\/umit\/\"},{\"@type\":\"ListItem\",\"position\":2,\"name\":\"QUIZ\"}]},{\"@type\":\"WebSite\",\"@id\":\"https:\/\/icaseonline.net\/umit\/#website\",\"url\":\"https:\/\/icaseonline.net\/umit\/\",\"name\":\"\u00dcM\u0130T YILDIRIM\",\"description\":\"IFE 5025 - Bilgi ve \u0130leti\u015fim Teknolojileri Destekli Fen E\u011fitimi\",\"potentialAction\":[{\"@type\":\"SearchAction\",\"target\":{\"@type\":\"EntryPoint\",\"urlTemplate\":\"https:\/\/icaseonline.net\/umit\/?s={search_term_string}\"},\"query-input\":{\"@type\":\"PropertyValueSpecification\",\"valueRequired\":true,\"valueName\":\"search_term_string\"}}],\"inLanguage\":\"en-US\"}]}<\/script>\n<!-- \/ Yoast SEO plugin. -->","yoast_head_json":{"title":"QUIZ - \u00dcM\u0130T YILDIRIM","robots":{"index":"index","follow":"follow","max-snippet":"max-snippet:-1","max-image-preview":"max-image-preview:large","max-video-preview":"max-video-preview:-1"},"canonical":"https:\/\/icaseonline.net\/umit\/quiz\/","og_locale":"en_US","og_type":"article","og_title":"QUIZ - \u00dcM\u0130T YILDIRIM","og_url":"https:\/\/icaseonline.net\/umit\/quiz\/","og_site_name":"\u00dcM\u0130T YILDIRIM","article_modified_time":"2022-10-24T12:02:28+00:00","twitter_card":"summary_large_image","twitter_misc":{"Est. reading time":"1 minute"},"schema":{"@context":"https:\/\/schema.org","@graph":[{"@type":"WebPage","@id":"https:\/\/icaseonline.net\/umit\/quiz\/","url":"https:\/\/icaseonline.net\/umit\/quiz\/","name":"QUIZ - \u00dcM\u0130T YILDIRIM","isPartOf":{"@id":"https:\/\/icaseonline.net\/umit\/#website"},"datePublished":"2022-10-17T19:11:25+00:00","dateModified":"2022-10-24T12:02:28+00:00","breadcrumb":{"@id":"https:\/\/icaseonline.net\/umit\/quiz\/#breadcrumb"},"inLanguage":"en-US","potentialAction":[{"@type":"ReadAction","target":["https:\/\/icaseonline.net\/umit\/quiz\/"]}]},{"@type":"BreadcrumbList","@id":"https:\/\/icaseonline.net\/umit\/quiz\/#breadcrumb","itemListElement":[{"@type":"ListItem","position":1,"name":"Home","item":"https:\/\/icaseonline.net\/umit\/"},{"@type":"ListItem","position":2,"name":"QUIZ"}]},{"@type":"WebSite","@id":"https:\/\/icaseonline.net\/umit\/#website","url":"https:\/\/icaseonline.net\/umit\/","name":"\u00dcM\u0130T YILDIRIM","description":"IFE 5025 - Bilgi ve \u0130leti\u015fim Teknolojileri Destekli Fen E\u011fitimi","potentialAction":[{"@type":"SearchAction","target":{"@type":"EntryPoint","urlTemplate":"https:\/\/icaseonline.net\/umit\/?s={search_term_string}"},"query-input":{"@type":"PropertyValueSpecification","valueRequired":true,"valueName":"search_term_string"}}],"inLanguage":"en-US"}]}},"_links":{"self":[{"href":"https:\/\/icaseonline.net\/umit\/wp-json\/wp\/v2\/pages\/71","targetHints":{"allow":["GET"]}}],"collection":[{"href":"https:\/\/icaseonline.net\/umit\/wp-json\/wp\/v2\/pages"}],"about":[{"href":"https:\/\/icaseonline.net\/umit\/wp-json\/wp\/v2\/types\/page"}],"author":[{"embeddable":true,"href":"https:\/\/icaseonline.net\/umit\/wp-json\/wp\/v2\/users\/2"}],"replies":[{"embeddable":true,"href":"https:\/\/icaseonline.net\/umit\/wp-json\/wp\/v2\/comments?post=71"}],"version-history":[{"count":3,"href":"https:\/\/icaseonline.net\/umit\/wp-json\/wp\/v2\/pages\/71\/revisions"}],"predecessor-version":[{"id":114,"href":"https:\/\/icaseonline.net\/umit\/wp-json\/wp\/v2\/pages\/71\/revisions\/114"}],"wp:attachment":[{"href":"https:\/\/icaseonline.net\/umit\/wp-json\/wp\/v2\/media?parent=71"}],"curies":[{"name":"wp","href":"https:\/\/api.w.org\/{rel}","templated":true}]}}