{"id":52,"date":"2022-10-17T16:35:19","date_gmt":"2022-10-17T16:35:19","guid":{"rendered":"https:\/\/icaseonline.net\/umit\/?page_id=52"},"modified":"2022-10-17T16:35:20","modified_gmt":"2022-10-17T16:35:20","slug":"3-hafta","status":"publish","type":"page","link":"https:\/\/icaseonline.net\/umit\/3-hafta\/","title":{"rendered":"3.HAFTA"},"content":{"rendered":"","protected":false},"excerpt":{"rendered":"","protected":false},"author":2,"featured_media":0,"parent":0,"menu_order":0,"comment_status":"closed","ping_status":"closed","template":"","meta":{"om_disable_all_campaigns":false,"_monsterinsights_skip_tracking":false,"_monsterinsights_sitenote_active":false,"_monsterinsights_sitenote_note":"","_monsterinsights_sitenote_category":0,"footnotes":""},"class_list":["post-52","page","type-page","status-publish","hentry"],"yoast_head":"<!-- This site is optimized with the Yoast SEO plugin v27.2 - https:\/\/yoast.com\/product\/yoast-seo-wordpress\/ -->\n<title>3.HAFTA - \u00dcM\u0130T YILDIRIM<\/title>\n<meta name=\"robots\" content=\"index, follow, max-snippet:-1, max-image-preview:large, max-video-preview:-1\" \/>\n<link rel=\"canonical\" href=\"https:\/\/icaseonline.net\/umit\/3-hafta\/\" \/>\n<meta property=\"og:locale\" content=\"en_US\" \/>\n<meta property=\"og:type\" content=\"article\" \/>\n<meta property=\"og:title\" content=\"3.HAFTA - \u00dcM\u0130T YILDIRIM\" \/>\n<meta property=\"og:url\" content=\"https:\/\/icaseonline.net\/umit\/3-hafta\/\" \/>\n<meta property=\"og:site_name\" content=\"\u00dcM\u0130T YILDIRIM\" \/>\n<meta property=\"article:modified_time\" content=\"2022-10-17T16:35:20+00:00\" \/>\n<meta name=\"twitter:card\" content=\"summary_large_image\" \/>\n<script type=\"application\/ld+json\" class=\"yoast-schema-graph\">{\"@context\":\"https:\/\/schema.org\",\"@graph\":[{\"@type\":\"WebPage\",\"@id\":\"https:\/\/icaseonline.net\/umit\/3-hafta\/\",\"url\":\"https:\/\/icaseonline.net\/umit\/3-hafta\/\",\"name\":\"3.HAFTA - \u00dcM\u0130T YILDIRIM\",\"isPartOf\":{\"@id\":\"https:\/\/icaseonline.net\/umit\/#website\"},\"datePublished\":\"2022-10-17T16:35:19+00:00\",\"dateModified\":\"2022-10-17T16:35:20+00:00\",\"breadcrumb\":{\"@id\":\"https:\/\/icaseonline.net\/umit\/3-hafta\/#breadcrumb\"},\"inLanguage\":\"en-US\",\"potentialAction\":[{\"@type\":\"ReadAction\",\"target\":[\"https:\/\/icaseonline.net\/umit\/3-hafta\/\"]}]},{\"@type\":\"BreadcrumbList\",\"@id\":\"https:\/\/icaseonline.net\/umit\/3-hafta\/#breadcrumb\",\"itemListElement\":[{\"@type\":\"ListItem\",\"position\":1,\"name\":\"Home\",\"item\":\"https:\/\/icaseonline.net\/umit\/\"},{\"@type\":\"ListItem\",\"position\":2,\"name\":\"3.HAFTA\"}]},{\"@type\":\"WebSite\",\"@id\":\"https:\/\/icaseonline.net\/umit\/#website\",\"url\":\"https:\/\/icaseonline.net\/umit\/\",\"name\":\"\u00dcM\u0130T YILDIRIM\",\"description\":\"IFE 5025 - Bilgi ve \u0130leti\u015fim Teknolojileri Destekli Fen E\u011fitimi\",\"potentialAction\":[{\"@type\":\"SearchAction\",\"target\":{\"@type\":\"EntryPoint\",\"urlTemplate\":\"https:\/\/icaseonline.net\/umit\/?s={search_term_string}\"},\"query-input\":{\"@type\":\"PropertyValueSpecification\",\"valueRequired\":true,\"valueName\":\"search_term_string\"}}],\"inLanguage\":\"en-US\"}]}<\/script>\n<!-- \/ Yoast SEO plugin. -->","yoast_head_json":{"title":"3.HAFTA - \u00dcM\u0130T YILDIRIM","robots":{"index":"index","follow":"follow","max-snippet":"max-snippet:-1","max-image-preview":"max-image-preview:large","max-video-preview":"max-video-preview:-1"},"canonical":"https:\/\/icaseonline.net\/umit\/3-hafta\/","og_locale":"en_US","og_type":"article","og_title":"3.HAFTA - \u00dcM\u0130T YILDIRIM","og_url":"https:\/\/icaseonline.net\/umit\/3-hafta\/","og_site_name":"\u00dcM\u0130T YILDIRIM","article_modified_time":"2022-10-17T16:35:20+00:00","twitter_card":"summary_large_image","schema":{"@context":"https:\/\/schema.org","@graph":[{"@type":"WebPage","@id":"https:\/\/icaseonline.net\/umit\/3-hafta\/","url":"https:\/\/icaseonline.net\/umit\/3-hafta\/","name":"3.HAFTA - \u00dcM\u0130T YILDIRIM","isPartOf":{"@id":"https:\/\/icaseonline.net\/umit\/#website"},"datePublished":"2022-10-17T16:35:19+00:00","dateModified":"2022-10-17T16:35:20+00:00","breadcrumb":{"@id":"https:\/\/icaseonline.net\/umit\/3-hafta\/#breadcrumb"},"inLanguage":"en-US","potentialAction":[{"@type":"ReadAction","target":["https:\/\/icaseonline.net\/umit\/3-hafta\/"]}]},{"@type":"BreadcrumbList","@id":"https:\/\/icaseonline.net\/umit\/3-hafta\/#breadcrumb","itemListElement":[{"@type":"ListItem","position":1,"name":"Home","item":"https:\/\/icaseonline.net\/umit\/"},{"@type":"ListItem","position":2,"name":"3.HAFTA"}]},{"@type":"WebSite","@id":"https:\/\/icaseonline.net\/umit\/#website","url":"https:\/\/icaseonline.net\/umit\/","name":"\u00dcM\u0130T YILDIRIM","description":"IFE 5025 - Bilgi ve \u0130leti\u015fim Teknolojileri Destekli Fen E\u011fitimi","potentialAction":[{"@type":"SearchAction","target":{"@type":"EntryPoint","urlTemplate":"https:\/\/icaseonline.net\/umit\/?s={search_term_string}"},"query-input":{"@type":"PropertyValueSpecification","valueRequired":true,"valueName":"search_term_string"}}],"inLanguage":"en-US"}]}},"_links":{"self":[{"href":"https:\/\/icaseonline.net\/umit\/wp-json\/wp\/v2\/pages\/52","targetHints":{"allow":["GET"]}}],"collection":[{"href":"https:\/\/icaseonline.net\/umit\/wp-json\/wp\/v2\/pages"}],"about":[{"href":"https:\/\/icaseonline.net\/umit\/wp-json\/wp\/v2\/types\/page"}],"author":[{"embeddable":true,"href":"https:\/\/icaseonline.net\/umit\/wp-json\/wp\/v2\/users\/2"}],"replies":[{"embeddable":true,"href":"https:\/\/icaseonline.net\/umit\/wp-json\/wp\/v2\/comments?post=52"}],"version-history":[{"count":1,"href":"https:\/\/icaseonline.net\/umit\/wp-json\/wp\/v2\/pages\/52\/revisions"}],"predecessor-version":[{"id":54,"href":"https:\/\/icaseonline.net\/umit\/wp-json\/wp\/v2\/pages\/52\/revisions\/54"}],"wp:attachment":[{"href":"https:\/\/icaseonline.net\/umit\/wp-json\/wp\/v2\/media?parent=52"}],"curies":[{"name":"wp","href":"https:\/\/api.w.org\/{rel}","templated":true}]}}