{"id":29,"date":"2022-10-17T14:54:43","date_gmt":"2022-10-17T14:54:43","guid":{"rendered":"https:\/\/icaseonline.net\/umit\/?page_id=29"},"modified":"2022-10-17T18:19:26","modified_gmt":"2022-10-17T18:19:26","slug":"ders-icerigi","status":"publish","type":"page","link":"https:\/\/icaseonline.net\/umit\/ders-icerigi\/","title":{"rendered":"DERS \u0130\u00c7ER\u0130\u011e\u0130"},"content":{"rendered":"<p><strong>1.Hafta<\/strong>: Bilgi ve \u0130leti\u015fim Teknolojileri destekli ilk\u00f6\u011fretim fen \u00f6\u011fretimine giri\u015f<br \/>\n<strong>2.Hafta<\/strong>: Uzaktan e\u011fitim i\u00e7in web sayfas\u0131 tasar\u0131m\u0131 teorik \u00e7er\u00e7eve<br \/>\n<strong>3.Hafta<\/strong>: Uzaktan e\u011fitim i\u00e7in web sayfas\u0131 tasar\u0131m\u0131 programlama<br \/>\n<strong>4.Hafta<\/strong>: Uzaktan e\u011fitim i\u00e7in web sayfas\u0131 tasar\u0131m\u0131 \u0130lk\u00f6\u011fretim fen e\u011fitiminde uygulamalar<br \/>\n<strong>5.Hafta<\/strong>: Lego Mindstorms NXT 2.0 \u2013 Giri\u015f<br \/>\n<strong>6.Hafta<\/strong>: Lego Mindstorms NXT 2.0 Robot programlama<br \/>\n<strong>7.Hafta<\/strong>: Lego Mindstorms NXT 2.0 \u0130lk\u00f6\u011fretim fen e\u011fitiminde uygulamalar<br \/>\n<strong>8.Hafta<\/strong>: Ara S\u0131nav<br \/>\n<strong>9.Hafta<\/strong>: \u0130lk\u00f6\u011fretim fen e\u011fitiminde elektronik kitap tasar\u0131m\u0131<br \/>\n<strong>10.Hafta<\/strong>: \u0130lk\u00f6\u011fretim fen \u00f6\u011fretim materyallerinin dijitalle\u015ftirilmesi<br \/>\n<strong>11.Hafta<\/strong>: Sanal laboratuar deneyleri Fizik, Kimya<br \/>\n<strong>12.Hafta<\/strong>: Sanal laboratuar deneyleri Biyoloji, Astronomi<br \/>\n<strong>13.Hafta<\/strong>: \u0130lk\u00f6\u011fretim fen e\u011fitiminde kavram haritalama ve zihin haritalama uygulamalar\u0131<br \/>\n<strong>14.Hafta<\/strong>: Video tasar\u0131m programlar\u0131<br \/>\n<strong>15.Hafta<\/strong>: Yar\u0131y\u0131l Sonu S\u0131nav\u0131<\/p>\n","protected":false},"excerpt":{"rendered":"<p>1.Hafta: Bilgi ve \u0130leti\u015fim Teknolojileri destekli ilk\u00f6\u011fretim fen \u00f6\u011fretimine giri\u015f 2.Hafta: Uzaktan e\u011fitim i\u00e7in web sayfas\u0131 tasar\u0131m\u0131 teorik \u00e7er\u00e7eve 3.Hafta: Uzaktan e\u011fitim i\u00e7in web sayfas\u0131 tasar\u0131m\u0131 programlama 4.Hafta: Uzaktan e\u011fitim i\u00e7in web sayfas\u0131 tasar\u0131m\u0131 \u0130lk\u00f6\u011fretim fen e\u011fitiminde uygulamalar 5.Hafta: Lego &hellip; <a href=\"https:\/\/icaseonline.net\/umit\/ders-icerigi\/\">Continue reading <span class=\"meta-nav\">&rarr;<\/span><\/a><\/p>\n","protected":false},"author":2,"featured_media":0,"parent":0,"menu_order":0,"comment_status":"closed","ping_status":"closed","template":"","meta":{"om_disable_all_campaigns":false,"_monsterinsights_skip_tracking":false,"_monsterinsights_sitenote_active":false,"_monsterinsights_sitenote_note":"","_monsterinsights_sitenote_category":0,"footnotes":""},"class_list":["post-29","page","type-page","status-publish","hentry"],"yoast_head":"<!-- This site is optimized with the Yoast SEO plugin v27.2 - https:\/\/yoast.com\/product\/yoast-seo-wordpress\/ -->\n<title>DERS \u0130\u00c7ER\u0130\u011e\u0130 - \u00dcM\u0130T YILDIRIM<\/title>\n<meta name=\"robots\" content=\"index, follow, max-snippet:-1, max-image-preview:large, max-video-preview:-1\" \/>\n<link rel=\"canonical\" href=\"https:\/\/icaseonline.net\/umit\/ders-icerigi\/\" \/>\n<meta property=\"og:locale\" content=\"en_US\" \/>\n<meta property=\"og:type\" content=\"article\" \/>\n<meta property=\"og:title\" content=\"DERS \u0130\u00c7ER\u0130\u011e\u0130 - \u00dcM\u0130T YILDIRIM\" \/>\n<meta property=\"og:description\" content=\"1.Hafta: Bilgi ve \u0130leti\u015fim Teknolojileri destekli ilk\u00f6\u011fretim fen \u00f6\u011fretimine giri\u015f 2.Hafta: Uzaktan e\u011fitim i\u00e7in web sayfas\u0131 tasar\u0131m\u0131 teorik \u00e7er\u00e7eve 3.Hafta: Uzaktan e\u011fitim i\u00e7in web sayfas\u0131 tasar\u0131m\u0131 programlama 4.Hafta: Uzaktan e\u011fitim i\u00e7in web sayfas\u0131 tasar\u0131m\u0131 \u0130lk\u00f6\u011fretim fen e\u011fitiminde uygulamalar 5.Hafta: Lego &hellip; Continue reading &rarr;\" \/>\n<meta property=\"og:url\" content=\"https:\/\/icaseonline.net\/umit\/ders-icerigi\/\" \/>\n<meta property=\"og:site_name\" content=\"\u00dcM\u0130T YILDIRIM\" \/>\n<meta property=\"article:modified_time\" content=\"2022-10-17T18:19:26+00:00\" \/>\n<meta name=\"twitter:card\" content=\"summary_large_image\" \/>\n<meta name=\"twitter:label1\" content=\"Est. reading time\" \/>\n\t<meta name=\"twitter:data1\" content=\"1 minute\" \/>\n<script type=\"application\/ld+json\" class=\"yoast-schema-graph\">{\"@context\":\"https:\/\/schema.org\",\"@graph\":[{\"@type\":\"WebPage\",\"@id\":\"https:\/\/icaseonline.net\/umit\/ders-icerigi\/\",\"url\":\"https:\/\/icaseonline.net\/umit\/ders-icerigi\/\",\"name\":\"DERS \u0130\u00c7ER\u0130\u011e\u0130 - \u00dcM\u0130T YILDIRIM\",\"isPartOf\":{\"@id\":\"https:\/\/icaseonline.net\/umit\/#website\"},\"datePublished\":\"2022-10-17T14:54:43+00:00\",\"dateModified\":\"2022-10-17T18:19:26+00:00\",\"breadcrumb\":{\"@id\":\"https:\/\/icaseonline.net\/umit\/ders-icerigi\/#breadcrumb\"},\"inLanguage\":\"en-US\",\"potentialAction\":[{\"@type\":\"ReadAction\",\"target\":[\"https:\/\/icaseonline.net\/umit\/ders-icerigi\/\"]}]},{\"@type\":\"BreadcrumbList\",\"@id\":\"https:\/\/icaseonline.net\/umit\/ders-icerigi\/#breadcrumb\",\"itemListElement\":[{\"@type\":\"ListItem\",\"position\":1,\"name\":\"Home\",\"item\":\"https:\/\/icaseonline.net\/umit\/\"},{\"@type\":\"ListItem\",\"position\":2,\"name\":\"DERS \u0130\u00c7ER\u0130\u011e\u0130\"}]},{\"@type\":\"WebSite\",\"@id\":\"https:\/\/icaseonline.net\/umit\/#website\",\"url\":\"https:\/\/icaseonline.net\/umit\/\",\"name\":\"\u00dcM\u0130T YILDIRIM\",\"description\":\"IFE 5025 - Bilgi ve \u0130leti\u015fim Teknolojileri Destekli Fen E\u011fitimi\",\"potentialAction\":[{\"@type\":\"SearchAction\",\"target\":{\"@type\":\"EntryPoint\",\"urlTemplate\":\"https:\/\/icaseonline.net\/umit\/?s={search_term_string}\"},\"query-input\":{\"@type\":\"PropertyValueSpecification\",\"valueRequired\":true,\"valueName\":\"search_term_string\"}}],\"inLanguage\":\"en-US\"}]}<\/script>\n<!-- \/ Yoast SEO plugin. -->","yoast_head_json":{"title":"DERS \u0130\u00c7ER\u0130\u011e\u0130 - \u00dcM\u0130T YILDIRIM","robots":{"index":"index","follow":"follow","max-snippet":"max-snippet:-1","max-image-preview":"max-image-preview:large","max-video-preview":"max-video-preview:-1"},"canonical":"https:\/\/icaseonline.net\/umit\/ders-icerigi\/","og_locale":"en_US","og_type":"article","og_title":"DERS \u0130\u00c7ER\u0130\u011e\u0130 - \u00dcM\u0130T YILDIRIM","og_description":"1.Hafta: Bilgi ve \u0130leti\u015fim Teknolojileri destekli ilk\u00f6\u011fretim fen \u00f6\u011fretimine giri\u015f 2.Hafta: Uzaktan e\u011fitim i\u00e7in web sayfas\u0131 tasar\u0131m\u0131 teorik \u00e7er\u00e7eve 3.Hafta: Uzaktan e\u011fitim i\u00e7in web sayfas\u0131 tasar\u0131m\u0131 programlama 4.Hafta: Uzaktan e\u011fitim i\u00e7in web sayfas\u0131 tasar\u0131m\u0131 \u0130lk\u00f6\u011fretim fen e\u011fitiminde uygulamalar 5.Hafta: Lego &hellip; Continue reading &rarr;","og_url":"https:\/\/icaseonline.net\/umit\/ders-icerigi\/","og_site_name":"\u00dcM\u0130T YILDIRIM","article_modified_time":"2022-10-17T18:19:26+00:00","twitter_card":"summary_large_image","twitter_misc":{"Est. reading time":"1 minute"},"schema":{"@context":"https:\/\/schema.org","@graph":[{"@type":"WebPage","@id":"https:\/\/icaseonline.net\/umit\/ders-icerigi\/","url":"https:\/\/icaseonline.net\/umit\/ders-icerigi\/","name":"DERS \u0130\u00c7ER\u0130\u011e\u0130 - \u00dcM\u0130T YILDIRIM","isPartOf":{"@id":"https:\/\/icaseonline.net\/umit\/#website"},"datePublished":"2022-10-17T14:54:43+00:00","dateModified":"2022-10-17T18:19:26+00:00","breadcrumb":{"@id":"https:\/\/icaseonline.net\/umit\/ders-icerigi\/#breadcrumb"},"inLanguage":"en-US","potentialAction":[{"@type":"ReadAction","target":["https:\/\/icaseonline.net\/umit\/ders-icerigi\/"]}]},{"@type":"BreadcrumbList","@id":"https:\/\/icaseonline.net\/umit\/ders-icerigi\/#breadcrumb","itemListElement":[{"@type":"ListItem","position":1,"name":"Home","item":"https:\/\/icaseonline.net\/umit\/"},{"@type":"ListItem","position":2,"name":"DERS \u0130\u00c7ER\u0130\u011e\u0130"}]},{"@type":"WebSite","@id":"https:\/\/icaseonline.net\/umit\/#website","url":"https:\/\/icaseonline.net\/umit\/","name":"\u00dcM\u0130T YILDIRIM","description":"IFE 5025 - Bilgi ve \u0130leti\u015fim Teknolojileri Destekli Fen E\u011fitimi","potentialAction":[{"@type":"SearchAction","target":{"@type":"EntryPoint","urlTemplate":"https:\/\/icaseonline.net\/umit\/?s={search_term_string}"},"query-input":{"@type":"PropertyValueSpecification","valueRequired":true,"valueName":"search_term_string"}}],"inLanguage":"en-US"}]}},"_links":{"self":[{"href":"https:\/\/icaseonline.net\/umit\/wp-json\/wp\/v2\/pages\/29","targetHints":{"allow":["GET"]}}],"collection":[{"href":"https:\/\/icaseonline.net\/umit\/wp-json\/wp\/v2\/pages"}],"about":[{"href":"https:\/\/icaseonline.net\/umit\/wp-json\/wp\/v2\/types\/page"}],"author":[{"embeddable":true,"href":"https:\/\/icaseonline.net\/umit\/wp-json\/wp\/v2\/users\/2"}],"replies":[{"embeddable":true,"href":"https:\/\/icaseonline.net\/umit\/wp-json\/wp\/v2\/comments?post=29"}],"version-history":[{"count":2,"href":"https:\/\/icaseonline.net\/umit\/wp-json\/wp\/v2\/pages\/29\/revisions"}],"predecessor-version":[{"id":67,"href":"https:\/\/icaseonline.net\/umit\/wp-json\/wp\/v2\/pages\/29\/revisions\/67"}],"wp:attachment":[{"href":"https:\/\/icaseonline.net\/umit\/wp-json\/wp\/v2\/media?parent=29"}],"curies":[{"name":"wp","href":"https:\/\/api.w.org\/{rel}","templated":true}]}}