{"id":25,"date":"2022-10-17T14:52:40","date_gmt":"2022-10-17T14:52:40","guid":{"rendered":"https:\/\/icaseonline.net\/umit\/?page_id=25"},"modified":"2022-10-19T17:05:31","modified_gmt":"2022-10-19T17:05:31","slug":"hakkinda","status":"publish","type":"page","link":"https:\/\/icaseonline.net\/umit\/hakkinda\/","title":{"rendered":"HAKKINDA"},"content":{"rendered":"\r\n<p><strong><a href=\"https:\/\/bef.deu.edu.tr\/ifb\/\">Dokuz Eyl\u00fcl \u00dcniversitesi Buca E\u011fitim Fak\u00fcltesi Fen Bilgisi \u00d6\u011fretmenli\u011fi<\/a> b\u00f6l\u00fcm\u00fcnden 2004 y\u0131l\u0131nda mezun oldum. \u00c7e\u015fitli devlet okullar\u0131nda 2005 y\u0131l\u0131ndan beri g\u00f6rev yapmaktay\u0131m. 2022 y\u0131l\u0131 itibariyle Fen Bilgisi \u00d6\u011fretmenli\u011fi alan\u0131nda y\u00fcksek lisansa ba\u015flad\u0131m.<\/strong><\/p>\r\n","protected":false},"excerpt":{"rendered":"<p>Dokuz Eyl\u00fcl \u00dcniversitesi Buca E\u011fitim Fak\u00fcltesi Fen Bilgisi \u00d6\u011fretmenli\u011fi b\u00f6l\u00fcm\u00fcnden 2004 y\u0131l\u0131nda mezun oldum. \u00c7e\u015fitli devlet okullar\u0131nda 2005 y\u0131l\u0131ndan beri g\u00f6rev yapmaktay\u0131m. 2022 y\u0131l\u0131 itibariyle Fen Bilgisi \u00d6\u011fretmenli\u011fi alan\u0131nda y\u00fcksek lisansa ba\u015flad\u0131m.<\/p>\n","protected":false},"author":2,"featured_media":0,"parent":0,"menu_order":0,"comment_status":"closed","ping_status":"closed","template":"","meta":{"om_disable_all_campaigns":false,"_monsterinsights_skip_tracking":false,"_monsterinsights_sitenote_active":false,"_monsterinsights_sitenote_note":"","_monsterinsights_sitenote_category":0,"footnotes":""},"class_list":["post-25","page","type-page","status-publish","hentry"],"yoast_head":"<!-- This site is optimized with the Yoast SEO plugin v27.2 - https:\/\/yoast.com\/product\/yoast-seo-wordpress\/ -->\n<title>HAKKINDA - \u00dcM\u0130T YILDIRIM<\/title>\n<meta name=\"robots\" content=\"index, follow, max-snippet:-1, max-image-preview:large, max-video-preview:-1\" \/>\n<link rel=\"canonical\" href=\"https:\/\/icaseonline.net\/umit\/hakkinda\/\" \/>\n<meta property=\"og:locale\" content=\"en_US\" \/>\n<meta property=\"og:type\" content=\"article\" \/>\n<meta property=\"og:title\" content=\"HAKKINDA - \u00dcM\u0130T YILDIRIM\" \/>\n<meta property=\"og:description\" content=\"Dokuz Eyl\u00fcl \u00dcniversitesi Buca E\u011fitim Fak\u00fcltesi Fen Bilgisi \u00d6\u011fretmenli\u011fi b\u00f6l\u00fcm\u00fcnden 2004 y\u0131l\u0131nda mezun oldum. \u00c7e\u015fitli devlet okullar\u0131nda 2005 y\u0131l\u0131ndan beri g\u00f6rev yapmaktay\u0131m. 2022 y\u0131l\u0131 itibariyle Fen Bilgisi \u00d6\u011fretmenli\u011fi alan\u0131nda y\u00fcksek lisansa ba\u015flad\u0131m.\" \/>\n<meta property=\"og:url\" content=\"https:\/\/icaseonline.net\/umit\/hakkinda\/\" \/>\n<meta property=\"og:site_name\" content=\"\u00dcM\u0130T YILDIRIM\" \/>\n<meta property=\"article:modified_time\" content=\"2022-10-19T17:05:31+00:00\" \/>\n<meta name=\"twitter:card\" content=\"summary_large_image\" \/>\n<meta name=\"twitter:label1\" content=\"Est. reading time\" \/>\n\t<meta name=\"twitter:data1\" content=\"1 minute\" \/>\n<script type=\"application\/ld+json\" class=\"yoast-schema-graph\">{\"@context\":\"https:\/\/schema.org\",\"@graph\":[{\"@type\":\"WebPage\",\"@id\":\"https:\/\/icaseonline.net\/umit\/hakkinda\/\",\"url\":\"https:\/\/icaseonline.net\/umit\/hakkinda\/\",\"name\":\"HAKKINDA - \u00dcM\u0130T YILDIRIM\",\"isPartOf\":{\"@id\":\"https:\/\/icaseonline.net\/umit\/#website\"},\"datePublished\":\"2022-10-17T14:52:40+00:00\",\"dateModified\":\"2022-10-19T17:05:31+00:00\",\"breadcrumb\":{\"@id\":\"https:\/\/icaseonline.net\/umit\/hakkinda\/#breadcrumb\"},\"inLanguage\":\"en-US\",\"potentialAction\":[{\"@type\":\"ReadAction\",\"target\":[\"https:\/\/icaseonline.net\/umit\/hakkinda\/\"]}]},{\"@type\":\"BreadcrumbList\",\"@id\":\"https:\/\/icaseonline.net\/umit\/hakkinda\/#breadcrumb\",\"itemListElement\":[{\"@type\":\"ListItem\",\"position\":1,\"name\":\"Home\",\"item\":\"https:\/\/icaseonline.net\/umit\/\"},{\"@type\":\"ListItem\",\"position\":2,\"name\":\"HAKKINDA\"}]},{\"@type\":\"WebSite\",\"@id\":\"https:\/\/icaseonline.net\/umit\/#website\",\"url\":\"https:\/\/icaseonline.net\/umit\/\",\"name\":\"\u00dcM\u0130T YILDIRIM\",\"description\":\"IFE 5025 - Bilgi ve \u0130leti\u015fim Teknolojileri Destekli Fen E\u011fitimi\",\"potentialAction\":[{\"@type\":\"SearchAction\",\"target\":{\"@type\":\"EntryPoint\",\"urlTemplate\":\"https:\/\/icaseonline.net\/umit\/?s={search_term_string}\"},\"query-input\":{\"@type\":\"PropertyValueSpecification\",\"valueRequired\":true,\"valueName\":\"search_term_string\"}}],\"inLanguage\":\"en-US\"}]}<\/script>\n<!-- \/ Yoast SEO plugin. -->","yoast_head_json":{"title":"HAKKINDA - \u00dcM\u0130T YILDIRIM","robots":{"index":"index","follow":"follow","max-snippet":"max-snippet:-1","max-image-preview":"max-image-preview:large","max-video-preview":"max-video-preview:-1"},"canonical":"https:\/\/icaseonline.net\/umit\/hakkinda\/","og_locale":"en_US","og_type":"article","og_title":"HAKKINDA - \u00dcM\u0130T YILDIRIM","og_description":"Dokuz Eyl\u00fcl \u00dcniversitesi Buca E\u011fitim Fak\u00fcltesi Fen Bilgisi \u00d6\u011fretmenli\u011fi b\u00f6l\u00fcm\u00fcnden 2004 y\u0131l\u0131nda mezun oldum. \u00c7e\u015fitli devlet okullar\u0131nda 2005 y\u0131l\u0131ndan beri g\u00f6rev yapmaktay\u0131m. 2022 y\u0131l\u0131 itibariyle Fen Bilgisi \u00d6\u011fretmenli\u011fi alan\u0131nda y\u00fcksek lisansa ba\u015flad\u0131m.","og_url":"https:\/\/icaseonline.net\/umit\/hakkinda\/","og_site_name":"\u00dcM\u0130T YILDIRIM","article_modified_time":"2022-10-19T17:05:31+00:00","twitter_card":"summary_large_image","twitter_misc":{"Est. reading time":"1 minute"},"schema":{"@context":"https:\/\/schema.org","@graph":[{"@type":"WebPage","@id":"https:\/\/icaseonline.net\/umit\/hakkinda\/","url":"https:\/\/icaseonline.net\/umit\/hakkinda\/","name":"HAKKINDA - \u00dcM\u0130T YILDIRIM","isPartOf":{"@id":"https:\/\/icaseonline.net\/umit\/#website"},"datePublished":"2022-10-17T14:52:40+00:00","dateModified":"2022-10-19T17:05:31+00:00","breadcrumb":{"@id":"https:\/\/icaseonline.net\/umit\/hakkinda\/#breadcrumb"},"inLanguage":"en-US","potentialAction":[{"@type":"ReadAction","target":["https:\/\/icaseonline.net\/umit\/hakkinda\/"]}]},{"@type":"BreadcrumbList","@id":"https:\/\/icaseonline.net\/umit\/hakkinda\/#breadcrumb","itemListElement":[{"@type":"ListItem","position":1,"name":"Home","item":"https:\/\/icaseonline.net\/umit\/"},{"@type":"ListItem","position":2,"name":"HAKKINDA"}]},{"@type":"WebSite","@id":"https:\/\/icaseonline.net\/umit\/#website","url":"https:\/\/icaseonline.net\/umit\/","name":"\u00dcM\u0130T YILDIRIM","description":"IFE 5025 - Bilgi ve \u0130leti\u015fim Teknolojileri Destekli Fen E\u011fitimi","potentialAction":[{"@type":"SearchAction","target":{"@type":"EntryPoint","urlTemplate":"https:\/\/icaseonline.net\/umit\/?s={search_term_string}"},"query-input":{"@type":"PropertyValueSpecification","valueRequired":true,"valueName":"search_term_string"}}],"inLanguage":"en-US"}]}},"_links":{"self":[{"href":"https:\/\/icaseonline.net\/umit\/wp-json\/wp\/v2\/pages\/25","targetHints":{"allow":["GET"]}}],"collection":[{"href":"https:\/\/icaseonline.net\/umit\/wp-json\/wp\/v2\/pages"}],"about":[{"href":"https:\/\/icaseonline.net\/umit\/wp-json\/wp\/v2\/types\/page"}],"author":[{"embeddable":true,"href":"https:\/\/icaseonline.net\/umit\/wp-json\/wp\/v2\/users\/2"}],"replies":[{"embeddable":true,"href":"https:\/\/icaseonline.net\/umit\/wp-json\/wp\/v2\/comments?post=25"}],"version-history":[{"count":5,"href":"https:\/\/icaseonline.net\/umit\/wp-json\/wp\/v2\/pages\/25\/revisions"}],"predecessor-version":[{"id":88,"href":"https:\/\/icaseonline.net\/umit\/wp-json\/wp\/v2\/pages\/25\/revisions\/88"}],"wp:attachment":[{"href":"https:\/\/icaseonline.net\/umit\/wp-json\/wp\/v2\/media?parent=25"}],"curies":[{"name":"wp","href":"https:\/\/api.w.org\/{rel}","templated":true}]}}