{"id":2,"date":"2022-10-17T09:54:35","date_gmt":"2022-10-17T09:54:35","guid":{"rendered":"http:\/\/host2010\/cgi\/addon_GT.cgi?s=GT::WP::Install::EIG+%28icaseonl%29+-+10.0.87.50+%5BWordpress%3b+\/var\/hp\/common\/lib\/Wordpress.pm%3b+588%3b+Hosting::gap_call%5D\/?page_id=2"},"modified":"2022-10-18T16:46:53","modified_gmt":"2022-10-18T16:46:53","slug":"ana-sayfa","status":"publish","type":"page","link":"https:\/\/icaseonline.net\/umit\/","title":{"rendered":"ANA SAYFA"},"content":{"rendered":"<p><span style=\"vertical-align: inherit;\"><span style=\"vertical-align: inherit;\"><span style=\"vertical-align: inherit;\"><span style=\"vertical-align: inherit;\">Bu y\u00fcksek lisans e\u011fitiminde e\u011fitim \u00f6\u011fretim teori ve modellerini kullanarak bilgi ve ileti\u015fim teknolojileri ile \u00f6\u011fretimmi\u015f \u00f6\u011fretim materyalleri geli\u015ftirmeyi ve destek hedeflidir.<\/span><\/span><\/span><\/span><\/p>\n<p><span style=\"vertical-align: inherit;\"><span style=\"vertical-align: inherit;\"><span style=\"vertical-align: inherit;\"><span style=\"vertical-align: inherit;\">Bu \u00e7ok \u015fey d\u00fc\u015f\u00fcn\u00fclm\u00fc\u015f uygulamalar i\u00e7indir.<\/span><\/span><\/span><\/span><\/p>\n<p><strong><span style=\"vertical-align: inherit;\"><span style=\"vertical-align: inherit;\"><span style=\"vertical-align: inherit;\"><span style=\"vertical-align: inherit;\">Derse Giri\u015f<\/span><\/span><\/span><\/span><\/strong><\/p>\n<p><span style=\"vertical-align: inherit;\"><span style=\"vertical-align: inherit;\"><span style=\"vertical-align: inherit;\"><span style=\"vertical-align: inherit;\">Bilim ve teknolojide gelecek olan ara\u00e7larda oldu\u011fu gibi e\u011fitimde e\u011fitimde. <\/span><\/span><\/span><span style=\"vertical-align: inherit;\"><span style=\"vertical-align: inherit;\"><span style=\"vertical-align: inherit;\">E\u011fitim \u00f6\u011fretimi uygulanacakt\u0131r, teknoloji temelli uygulamalarda yararlan\u0131l\u0131r. <\/span><\/span><\/span><span style=\"vertical-align: inherit;\"><span style=\"vertical-align: inherit;\"><span style=\"vertical-align: inherit;\">Bu sistemlerde kullan\u0131lan teknoloji yayg\u0131n olarak bilgisayar ve internettir. <\/span><\/span><\/span><span style=\"vertical-align: inherit;\"><span style=\"vertical-align: inherit;\"><span style=\"vertical-align: inherit;\">Bilgisayar ve \u00f6zelin yayg\u0131n hale gelme, iyile\u015ftirmede teknolojide internet yollar\u0131nda iyile\u015ftirme yap\u0131lm\u0131\u015ft\u0131r. <\/span><\/span><\/span><span style=\"vertical-align: inherit;\"><span style=\"vertical-align: inherit;\"><span style=\"vertical-align: inherit;\">Teknolojiyle ge\u00e7en g\u00fcn daha fazla olanlarda girmektedir. <\/span><\/span><\/span><span style=\"vertical-align: inherit;\"><span style=\"vertical-align: inherit;\"><span style=\"vertical-align: inherit;\">\u0130nternet kullan\u0131m\u0131 ve bir deneyim olarak hizmetin elektronik e\u011fitimden daha fazla yayg\u0131nla\u015fmaktad\u0131r. <\/span><\/span><\/span><span style=\"vertical-align: inherit;\"><span style=\"vertical-align: inherit;\"><span style=\"vertical-align: inherit;\">Buna ba\u011fl\u0131 olarak, sistemleri de bilgi ve ileti\u015fim teknolojilerini e\u011fitim ve onlar\u0131 kullanan insanlar yeti\u015ftirmek olmal\u0131 (Bayrak\u00e7\u0131, 2005).<\/span><\/span><\/span><\/span><\/p>\n<p><img loading=\"lazy\" decoding=\"async\" class=\"wp-image-80 alignleft\" src=\"https:\/\/icaseonline.net\/umit\/wp-content\/uploads\/2022\/10\/indir-1.jpg\" alt=\"\" width=\"351\" height=\"197\" \/><\/p>\n<p>&nbsp;<\/p>\n<p>&nbsp;<\/p>\n<p>&nbsp;<\/p>\n<p>&nbsp;<\/p>\n<p>&nbsp;<\/p>\n<p><span style=\"vertical-align: inherit;\"><span style=\"vertical-align: inherit;\"><span style=\"vertical-align: inherit;\"><span style=\"vertical-align: inherit;\">Teknoloji sa\u011fl\u0131\u011f\u0131 ile bilgi paketlemek ve daha kolay hale gelmek. <\/span><\/span><\/span><span style=\"vertical-align: inherit;\"><span style=\"vertical-align: inherit;\"><span style=\"vertical-align: inherit;\">bilgi ve ileti\u015fim teknolojileri (B\u0130T) kavram\u0131ndan ortaya \u00e7\u0131kmas\u0131 ve kullan\u0131m amac\u0131 i\u00e7in yayg\u0131nla\u015ft\u0131r\u0131lm\u0131\u015ft\u0131r. <\/span><\/span><\/span><span style=\"vertical-align: inherit;\"><span style=\"vertical-align: inherit;\"><span style=\"vertical-align: inherit;\">B\u0130T ile seyahat, k\u0131sa s\u00fcrede yararlanarak ula\u015farak, de\u011ferlendirme, d\u00fczeltme, yeni bilgilerle sentezleme, yorumlama, ba\u015fkalar\u0131 beyin f\u0131rt\u0131nas\u0131 gibi e\u011fitimlerden, Karadeniz, 2008; Probert 2009; Kurbano\u011flu, 2010; Vord, 2010) .<\/span><\/span><\/span><\/span><\/p>\n<p><span style=\"vertical-align: inherit;\"><span style=\"vertical-align: inherit;\"><span style=\"vertical-align: inherit;\"><span style=\"vertical-align: inherit;\">Bilgi ve ileti\u015fim teknolojilerini, tasarlanmas\u0131n\u0131 ve tasarlanmas\u0131n\u0131, d\u00fczenlenmesini ve taslaklar\u0131n\u0131 olu\u015fturacak her t\u00fcrl\u00fc tasviri, \u00e7izimtsel, bilgisayar yaz\u0131l\u0131mlar\u0131 ve bilgisayar yaz\u0131l\u0131mlar\u0131 derne\u011fi (Information Technology Association of America, 2007). <\/span><\/span><\/span><span style=\"vertical-align: inherit;\"><span style=\"vertical-align: inherit;\"><span style=\"vertical-align: inherit;\">Bilgi teknolojisi, temel temel te\u015fkil eden nesneler, toplumdaki k\u00fc\u00e7\u00fck ya\u015fam boyu s\u00fcrekli e\u011fitim g\u00f6rmelerinde, bilgiarc\u0131klar\u0131n\u0131 ve ufuklar\u0131n\u0131 geni\u015fletebilmelerinde, mesleklerine y\u00f6nelik yeni yeti\u015ftirilmelerinde ve yeti\u015ftirilemeyeceklerine g\u00f6t\u00fcr\u00fclmelerine g\u00f6z \u00f6n\u00fcnde bulundurulacak kadar ula\u015f\u0131lamayacaklar\u0131na g\u00f6t\u00fcr\u00fclebilir (\u00c7ava\u015f, K\u0131\u015fla ve Twining), 2006.<\/span><\/span><\/span><span style=\"vertical-align: inherit;\"><span style=\"vertical-align: inherit;\"><span style=\"vertical-align: inherit;\">\u00d6\u011frenciler, ula\u015fabileceklerin, teknolojilerini kullanmalar\u0131, ula\u015fabilenlerin yenimekte olan yak\u0131nlar\u0131na ve bu k\u00fc\u00e7\u00fck g\u00fcnlere ait olan depolara g\u00f6t\u00fcr\u00fclecek olan eski \u00e7ekicilere sahipler. <\/span><\/span><\/span><span style=\"vertical-align: inherit;\"><span style=\"vertical-align: inherit;\"><span style=\"vertical-align: inherit;\">Uzun vadede yap\u0131lacak olan haf\u0131zaya al\u0131nm\u0131\u015f, \u00f6n planda olacak \u015fekilde kullan\u0131lacaklar\u0131 ve gelecek olanlardan yararlan\u0131lacak olanlardan al\u0131nacaklar (Kurtulu\u015flar, 2003). <\/span><\/span><\/span><span style=\"vertical-align: inherit;\"><span style=\"vertical-align: inherit;\"><span style=\"vertical-align: inherit;\">bilgi ve ileti\u015fim teknolojileri; <\/span><\/span><\/span><span style=\"vertical-align: inherit;\"><span style=\"vertical-align: inherit;\"><span style=\"vertical-align: inherit;\">i\u015f ve kullan\u0131mda, mevcut ve kullan\u0131\u015fl\u0131 teknolojilere eri\u015fimle birlikte \u00e7ok h\u0131zl\u0131 bir \u015fekilde ba\u015fvuruda bulunan bir d\u00fcnyada, kullan\u0131ma haz\u0131r.<\/span><\/span><\/span><\/span><\/p>\n<p><img loading=\"lazy\" decoding=\"async\" class=\"alignnone  wp-image-82\" src=\"https:\/\/icaseonline.net\/umit\/wp-content\/uploads\/2022\/10\/images-w-300x107.jpg\" alt=\"\" width=\"449\" height=\"160\" \/><\/p>\n<p><span style=\"vertical-align: inherit;\"><span style=\"vertical-align: inherit;\">\u00d6\u011frenciler; <\/span><span style=\"vertical-align: inherit;\">bilgi ve ileti\u015fim ara\u00e7lar\u0131n\u0131, d\u00fc\u015f\u00fcnerek ve de\u011ferlendirmeyi, ama\u00e7, tercih etmek, analiz etmek, \u00f6nermek ve \u00f6\u011fretim i\u00e7in kullan\u0131rlar. <\/span><span style=\"vertical-align: inherit;\">Ayr\u0131ca, onlar, d\u00fcnyadan insanlar\u0131n yerlerindeki, topluluklardan ve k\u00fclt\u00fcrlerden bilgi ve deneyimlerden nas\u0131l ula\u015fabileceklerini \u00f6\u011freniyorlar.<\/span><\/span><\/p>\n<p><span style=\"vertical-align: inherit;\"><span style=\"vertical-align: inherit;\">Alanyaz\u0131ndaki se\u00e7imden yola \u00e7\u0131kmadan \u00f6nce \u00e7ok fazla olas\u0131n rolden korkmadan yanl\u0131\u015flardan. <\/span><span style=\"vertical-align: inherit;\">B\u0130T&#8217;lerin kullan\u0131m\u0131 ve uygulamalar\u0131, B\u0130T&#8217;leri e\u011fitime sahip olabileceklere sahip olmak, e\u011fitim politikalar\u0131, okul k\u00fclt\u00fcr\u00fc ve \u00f6\u011fretim program\u0131 gibi se\u00e7ilebilirlerden nas\u0131l uygulanabileceklerini \u00f6rnek olarak \u00f6rnek olarak (Usluel-Ko\u00e7ak, Mumcu-Ku\u015fkaya ve Demiraslan, 2007). <\/span><span style=\"vertical-align: inherit;\">Teknolojiden faydalanmak i\u00e7in t\u00fcm bu aras\u0131ndan se\u00e7ilecek olan, g\u00f6zden ge\u00e7irilmek \u00fczere, kapsaml\u0131 olarak incelenmekte olan yakla\u015f\u0131mlar\u0131n de\u011ferlendirilmesi a\u00e7\u0131s\u0131ndan de\u011ferlendirilebilir.<\/span><\/span><\/p>\n<p><img loading=\"lazy\" decoding=\"async\" class=\"alignnone  wp-image-84\" src=\"https:\/\/icaseonline.net\/umit\/wp-content\/uploads\/2022\/10\/3.jpg\" alt=\"\" width=\"288\" height=\"212\" \/><\/p>\n<p><span style=\"vertical-align: inherit;\"><span style=\"vertical-align: inherit;\">Dutt-er, Allen vecoran (2006), okullar\u0131n B\u0130T&#8217;lerini tamamlamay\u0131 ba\u015farabilecekler. <\/span><span style=\"vertical-align: inherit;\">Bu programlarda teknolojilerin uygulanmas\u0131n\u0131n olumlu y\u00f6nde t\u00fcm programlara yans\u0131t\u0131labilece\u011fi vurgulanmaktad\u0131r. <\/span><span style=\"vertical-align: inherit;\">Dutt-D\u00f6ner, Allen ve deneyselna g\u00f6re, \u00f6\u011fretmen adaylar\u0131 zaten dijital olarak yeti\u015fmektedirler; <\/span><span style=\"vertical-align: inherit;\">Ancak teknolojiye a\u015fina olmak onu s\u0131n\u0131f ortam\u0131na entegre bir gelecek tasarlamakt\u0131r. <\/span><span style=\"vertical-align: inherit;\">Yani teknoloji teknolojisine y\u00f6nelik teknolojiye de\u011fil. <\/span><span style=\"vertical-align: inherit;\">Ayr\u0131ca bu y\u00f6ntem bilgisini alandan alandan g\u00f6r\u00fcn\u00fc\u015fleri (Dexter, ve Riedel, 2006).<\/span><\/span><\/p>\n<p><img loading=\"lazy\" decoding=\"async\" class=\"alignnone  wp-image-83\" src=\"https:\/\/icaseonline.net\/umit\/wp-content\/uploads\/2022\/10\/2-300x132.jpg\" alt=\"\" width=\"436\" height=\"192\" \/><\/p>\n<p><span style=\"vertical-align: inherit;\"><span style=\"vertical-align: inherit;\">Teknoloji \u00f6\u011fretmenli\u011fi e\u011fitiminin tamam\u0131 ile b\u00fct\u00fcnle\u015ftirilmeli olduklar\u0131 hem teknolojiyi nas\u0131l e\u011fitileceklerini \u00f6\u011frenecekler, hem de teknolojiyi kullanabilecek kapasitede kalacaklar\u0131 etkinliklere y\u00f6nlendirilebilir.<\/span><\/span><\/p>\n<p>\u00d6\u011frenimini tamamlam\u0131\u015f bir \u00f6\u011fretmen aday\u0131ndan, bilgisayar teknolojisini s\u0131n\u0131fta en iyi \u015fekilde kullanmas\u0131n\u0131 sa\u011flayacak bilgi ve g\u00fcvene sahip olmas\u0131 beklenmektedir (Meral, Cambaz &amp; Zereyak, 2001). Ancak yap\u0131lan \u00e7al\u0131\u015fmalar, \u00f6\u011fretmen adaylar\u0131n\u0131n teknolojiyi e\u011fitim ve \u00f6\u011fretim s\u00fcrecinde, \u00f6\u011frencilerin \u00f6\u011frenimini zenginle\u015ftirmek amac\u0131yla kullanmaya y\u00f6nelik olarak kendilerini haz\u0131r hissetmediklerini g\u00f6stermektedir. \u00d6\u011fretmen adaylar\u0131n\u0131n B\u0130T yeterliklerinin etkili bir \u015fekilde geli\u015ftirilebilmesi i\u00e7in, \u00f6\u011fretmen e\u011fitimi programlar\u0131n\u0131n, \u00f6\u011fretmen adaylar\u0131n\u0131n B\u0130T entegrasyonuna y\u00f6nelik alg\u0131lar\u0131 ve tutumlar\u0131na y\u00f6nelik olarak d\u00fczenlenmesi gerekmektedir (Sasseville, 2004). Alan yaz\u0131ndaki \u00e7al\u0131\u015fmalar incelendi\u011finde \u00f6\u011fretmen adaylar\u0131n\u0131n teknoloji kullan\u0131m\u0131n\u0131 inceleyen \u00e7e\u015fitli model ve kuramlara dayanan ara\u015ft\u0131rmalara rastlanmaktad\u0131r.<\/p>\n<p><a href=\"kaynak: https:\/\/dergipark.org.tr\/tr\/download\/article-file\/416512\"><span style=\"vertical-align: inherit;\"><span style=\"vertical-align: inherit;\"><span style=\"vertical-align: inherit;\"><span style=\"vertical-align: inherit;\">Kaynak: https:\/\/dergipark.org.tr\/tr\/download\/article-file\/416512<\/span><\/span><\/span><\/span><\/a><\/p>\n","protected":false},"excerpt":{"rendered":"<p>Bu y\u00fcksek lisans e\u011fitiminde e\u011fitim \u00f6\u011fretim teori ve modellerini kullanarak bilgi ve ileti\u015fim teknolojileri ile \u00f6\u011fretimmi\u015f \u00f6\u011fretim materyalleri geli\u015ftirmeyi ve destek hedeflidir. Bu \u00e7ok \u015fey d\u00fc\u015f\u00fcn\u00fclm\u00fc\u015f uygulamalar i\u00e7indir. Derse Giri\u015f Bilim ve teknolojide gelecek olan ara\u00e7larda oldu\u011fu gibi e\u011fitimde e\u011fitimde. &hellip; <a href=\"https:\/\/icaseonline.net\/umit\/\">Continue reading <span class=\"meta-nav\">&rarr;<\/span><\/a><\/p>\n","protected":false},"author":2,"featured_media":0,"parent":0,"menu_order":0,"comment_status":"closed","ping_status":"closed","template":"","meta":{"om_disable_all_campaigns":false,"_monsterinsights_skip_tracking":false,"_monsterinsights_sitenote_active":false,"_monsterinsights_sitenote_note":"","_monsterinsights_sitenote_category":0,"footnotes":""},"class_list":["post-2","page","type-page","status-publish","hentry"],"yoast_head":"<!-- This site is optimized with the Yoast SEO plugin v27.2 - https:\/\/yoast.com\/product\/yoast-seo-wordpress\/ -->\n<title>ANA SAYFA - \u00dcM\u0130T YILDIRIM<\/title>\n<meta name=\"robots\" content=\"index, follow, max-snippet:-1, max-image-preview:large, max-video-preview:-1\" \/>\n<link rel=\"canonical\" href=\"https:\/\/icaseonline.net\/umit\/\" \/>\n<meta property=\"og:locale\" content=\"en_US\" \/>\n<meta property=\"og:type\" content=\"article\" \/>\n<meta property=\"og:title\" content=\"ANA SAYFA - \u00dcM\u0130T YILDIRIM\" \/>\n<meta property=\"og:description\" content=\"Bu y\u00fcksek lisans e\u011fitiminde e\u011fitim \u00f6\u011fretim teori ve modellerini kullanarak bilgi ve ileti\u015fim teknolojileri ile \u00f6\u011fretimmi\u015f \u00f6\u011fretim materyalleri geli\u015ftirmeyi ve destek hedeflidir. Bu \u00e7ok \u015fey d\u00fc\u015f\u00fcn\u00fclm\u00fc\u015f uygulamalar i\u00e7indir. Derse Giri\u015f Bilim ve teknolojide gelecek olan ara\u00e7larda oldu\u011fu gibi e\u011fitimde e\u011fitimde. &hellip; Continue reading &rarr;\" \/>\n<meta property=\"og:url\" content=\"https:\/\/icaseonline.net\/umit\/\" \/>\n<meta property=\"og:site_name\" content=\"\u00dcM\u0130T YILDIRIM\" \/>\n<meta property=\"article:modified_time\" content=\"2022-10-18T16:46:53+00:00\" \/>\n<meta property=\"og:image\" content=\"https:\/\/icaseonline.net\/umit\/wp-content\/uploads\/2022\/10\/indir-1.jpg\" \/>\n<meta name=\"twitter:card\" content=\"summary_large_image\" \/>\n<meta name=\"twitter:label1\" content=\"Est. reading time\" \/>\n\t<meta name=\"twitter:data1\" content=\"4 minutes\" \/>\n<script type=\"application\/ld+json\" class=\"yoast-schema-graph\">{\"@context\":\"https:\/\/schema.org\",\"@graph\":[{\"@type\":\"WebPage\",\"@id\":\"https:\/\/icaseonline.net\/umit\/\",\"url\":\"https:\/\/icaseonline.net\/umit\/\",\"name\":\"ANA SAYFA - \u00dcM\u0130T YILDIRIM\",\"isPartOf\":{\"@id\":\"https:\/\/icaseonline.net\/umit\/#website\"},\"primaryImageOfPage\":{\"@id\":\"https:\/\/icaseonline.net\/umit\/#primaryimage\"},\"image\":{\"@id\":\"https:\/\/icaseonline.net\/umit\/#primaryimage\"},\"thumbnailUrl\":\"https:\/\/icaseonline.net\/umit\/wp-content\/uploads\/2022\/10\/indir-1.jpg\",\"datePublished\":\"2022-10-17T09:54:35+00:00\",\"dateModified\":\"2022-10-18T16:46:53+00:00\",\"breadcrumb\":{\"@id\":\"https:\/\/icaseonline.net\/umit\/#breadcrumb\"},\"inLanguage\":\"en-US\",\"potentialAction\":[{\"@type\":\"ReadAction\",\"target\":[\"https:\/\/icaseonline.net\/umit\/\"]}]},{\"@type\":\"ImageObject\",\"inLanguage\":\"en-US\",\"@id\":\"https:\/\/icaseonline.net\/umit\/#primaryimage\",\"url\":\"\",\"contentUrl\":\"\"},{\"@type\":\"BreadcrumbList\",\"@id\":\"https:\/\/icaseonline.net\/umit\/#breadcrumb\",\"itemListElement\":[{\"@type\":\"ListItem\",\"position\":1,\"name\":\"Home\",\"item\":\"https:\/\/icaseonline.net\/umit\/\"},{\"@type\":\"ListItem\",\"position\":2,\"name\":\"ANA SAYFA\"}]},{\"@type\":\"WebSite\",\"@id\":\"https:\/\/icaseonline.net\/umit\/#website\",\"url\":\"https:\/\/icaseonline.net\/umit\/\",\"name\":\"\u00dcM\u0130T YILDIRIM\",\"description\":\"IFE 5025 - Bilgi ve \u0130leti\u015fim Teknolojileri Destekli Fen E\u011fitimi\",\"potentialAction\":[{\"@type\":\"SearchAction\",\"target\":{\"@type\":\"EntryPoint\",\"urlTemplate\":\"https:\/\/icaseonline.net\/umit\/?s={search_term_string}\"},\"query-input\":{\"@type\":\"PropertyValueSpecification\",\"valueRequired\":true,\"valueName\":\"search_term_string\"}}],\"inLanguage\":\"en-US\"}]}<\/script>\n<!-- \/ Yoast SEO plugin. -->","yoast_head_json":{"title":"ANA SAYFA - \u00dcM\u0130T YILDIRIM","robots":{"index":"index","follow":"follow","max-snippet":"max-snippet:-1","max-image-preview":"max-image-preview:large","max-video-preview":"max-video-preview:-1"},"canonical":"https:\/\/icaseonline.net\/umit\/","og_locale":"en_US","og_type":"article","og_title":"ANA SAYFA - \u00dcM\u0130T YILDIRIM","og_description":"Bu y\u00fcksek lisans e\u011fitiminde e\u011fitim \u00f6\u011fretim teori ve modellerini kullanarak bilgi ve ileti\u015fim teknolojileri ile \u00f6\u011fretimmi\u015f \u00f6\u011fretim materyalleri geli\u015ftirmeyi ve destek hedeflidir. Bu \u00e7ok \u015fey d\u00fc\u015f\u00fcn\u00fclm\u00fc\u015f uygulamalar i\u00e7indir. Derse Giri\u015f Bilim ve teknolojide gelecek olan ara\u00e7larda oldu\u011fu gibi e\u011fitimde e\u011fitimde. &hellip; Continue reading &rarr;","og_url":"https:\/\/icaseonline.net\/umit\/","og_site_name":"\u00dcM\u0130T YILDIRIM","article_modified_time":"2022-10-18T16:46:53+00:00","og_image":[{"url":"https:\/\/icaseonline.net\/umit\/wp-content\/uploads\/2022\/10\/indir-1.jpg","type":"","width":"","height":""}],"twitter_card":"summary_large_image","twitter_misc":{"Est. reading time":"4 minutes"},"schema":{"@context":"https:\/\/schema.org","@graph":[{"@type":"WebPage","@id":"https:\/\/icaseonline.net\/umit\/","url":"https:\/\/icaseonline.net\/umit\/","name":"ANA SAYFA - \u00dcM\u0130T YILDIRIM","isPartOf":{"@id":"https:\/\/icaseonline.net\/umit\/#website"},"primaryImageOfPage":{"@id":"https:\/\/icaseonline.net\/umit\/#primaryimage"},"image":{"@id":"https:\/\/icaseonline.net\/umit\/#primaryimage"},"thumbnailUrl":"https:\/\/icaseonline.net\/umit\/wp-content\/uploads\/2022\/10\/indir-1.jpg","datePublished":"2022-10-17T09:54:35+00:00","dateModified":"2022-10-18T16:46:53+00:00","breadcrumb":{"@id":"https:\/\/icaseonline.net\/umit\/#breadcrumb"},"inLanguage":"en-US","potentialAction":[{"@type":"ReadAction","target":["https:\/\/icaseonline.net\/umit\/"]}]},{"@type":"ImageObject","inLanguage":"en-US","@id":"https:\/\/icaseonline.net\/umit\/#primaryimage","url":"","contentUrl":""},{"@type":"BreadcrumbList","@id":"https:\/\/icaseonline.net\/umit\/#breadcrumb","itemListElement":[{"@type":"ListItem","position":1,"name":"Home","item":"https:\/\/icaseonline.net\/umit\/"},{"@type":"ListItem","position":2,"name":"ANA SAYFA"}]},{"@type":"WebSite","@id":"https:\/\/icaseonline.net\/umit\/#website","url":"https:\/\/icaseonline.net\/umit\/","name":"\u00dcM\u0130T YILDIRIM","description":"IFE 5025 - Bilgi ve \u0130leti\u015fim Teknolojileri Destekli Fen E\u011fitimi","potentialAction":[{"@type":"SearchAction","target":{"@type":"EntryPoint","urlTemplate":"https:\/\/icaseonline.net\/umit\/?s={search_term_string}"},"query-input":{"@type":"PropertyValueSpecification","valueRequired":true,"valueName":"search_term_string"}}],"inLanguage":"en-US"}]}},"_links":{"self":[{"href":"https:\/\/icaseonline.net\/umit\/wp-json\/wp\/v2\/pages\/2","targetHints":{"allow":["GET"]}}],"collection":[{"href":"https:\/\/icaseonline.net\/umit\/wp-json\/wp\/v2\/pages"}],"about":[{"href":"https:\/\/icaseonline.net\/umit\/wp-json\/wp\/v2\/types\/page"}],"author":[{"embeddable":true,"href":"https:\/\/icaseonline.net\/umit\/wp-json\/wp\/v2\/users\/2"}],"replies":[{"embeddable":true,"href":"https:\/\/icaseonline.net\/umit\/wp-json\/wp\/v2\/comments?post=2"}],"version-history":[{"count":14,"href":"https:\/\/icaseonline.net\/umit\/wp-json\/wp\/v2\/pages\/2\/revisions"}],"predecessor-version":[{"id":85,"href":"https:\/\/icaseonline.net\/umit\/wp-json\/wp\/v2\/pages\/2\/revisions\/85"}],"wp:attachment":[{"href":"https:\/\/icaseonline.net\/umit\/wp-json\/wp\/v2\/media?parent=2"}],"curies":[{"name":"wp","href":"https:\/\/api.w.org\/{rel}","templated":true}]}}