{"id":15,"date":"2022-10-17T11:56:20","date_gmt":"2022-10-17T11:56:20","guid":{"rendered":"https:\/\/icaseonline.net\/umit\/?page_id=15"},"modified":"2022-10-24T11:47:33","modified_gmt":"2022-10-24T11:47:33","slug":"2-hafta","status":"publish","type":"page","link":"https:\/\/icaseonline.net\/umit\/2-hafta\/","title":{"rendered":"2. HAFTA"},"content":{"rendered":"<h1 class=\"entry-title\">2. Hafta: WordPress kurulumu<\/h1>\n<div class=\"entry-content\">\n<p>Bir wordpress web sayfas\u0131 nas\u0131l yap\u0131l\u0131r?<\/p>\n<p>WORDPESSTE S\u0130TEN\u0130N KURULUMU:<\/p>\n<figure class=\"wp-container-2 wp-block-gallery-1 wp-block-gallery columns-1 is-cropped\">\n<ul class=\"blocks-gallery-grid\">\n<li class=\"blocks-gallery-item\">\n<figure><img loading=\"lazy\" decoding=\"async\" class=\"wp-image-82\" src=\"https:\/\/icaseonline.net\/esra\/wp-content\/uploads\/2021\/10\/1.png\" sizes=\"auto, (max-width: 847px) 100vw, 847px\" srcset=\"https:\/\/icaseonline.net\/esra\/wp-content\/uploads\/2021\/10\/1.png 847w, https:\/\/icaseonline.net\/esra\/wp-content\/uploads\/2021\/10\/1-300x159.png 300w, https:\/\/icaseonline.net\/esra\/wp-content\/uploads\/2021\/10\/1-768x408.png 768w\" alt=\"\" width=\"847\" height=\"450\" data-id=\"82\" data-full-url=\"https:\/\/icaseonline.net\/esra\/wp-content\/uploads\/2021\/10\/1.png\" data-link=\"https:\/\/icaseonline.net\/esra\/?attachment_id=82\" \/><\/figure>\n<\/li>\n<\/ul>\n<\/figure>\n<p><strong>1)<\/strong>\u00a0Yukar\u0131da g\u00f6sterilen URL\u2019yi arama \u00e7ubu\u011funuza yazarak sitenizi kurmaya ba\u015flay\u0131n.<a href=\"https:\/\/wordpress.com\/\">https:\/\/wordpress.com\/<\/a><\/p>\n<figure class=\"wp-container-4 wp-block-gallery-3 wp-block-gallery columns-1 is-cropped\">\n<ul class=\"blocks-gallery-grid\">\n<li class=\"blocks-gallery-item\">\n<figure><img loading=\"lazy\" decoding=\"async\" class=\"wp-image-83\" src=\"https:\/\/icaseonline.net\/esra\/wp-content\/uploads\/2021\/10\/2..png\" sizes=\"auto, (max-width: 841px) 100vw, 841px\" srcset=\"https:\/\/icaseonline.net\/esra\/wp-content\/uploads\/2021\/10\/2..png 841w, https:\/\/icaseonline.net\/esra\/wp-content\/uploads\/2021\/10\/2.-300x161.png 300w, https:\/\/icaseonline.net\/esra\/wp-content\/uploads\/2021\/10\/2.-768x413.png 768w\" alt=\"\" width=\"841\" height=\"452\" data-id=\"83\" data-full-url=\"https:\/\/icaseonline.net\/esra\/wp-content\/uploads\/2021\/10\/2..png\" data-link=\"https:\/\/icaseonline.net\/esra\/?attachment_id=83\" \/><\/figure>\n<\/li>\n<\/ul>\n<\/figure>\n<p><strong>2)\u00a0<\/strong>Gerekli yerleri doldurduktan sonra e-posta adresinize gelen e-posta ile mail adresinizi do\u011frulay\u0131p hesab\u0131n\u0131z\u0131 etkinle\u015ftirin.<\/p>\n<p><strong>3)<\/strong>\u00a0\u0130stedi\u011finiz bir alan ad\u0131n\u0131 yazd\u0131ktan sonra wordpess\u2019in sa\u011flam\u0131\u015f oldu\u011fu \u00fccretsiz alan ad\u0131n\u0131 se\u00e7in.<\/p>\n<figure class=\"wp-container-6 wp-block-gallery-5 wp-block-gallery columns-1 is-cropped\">\n<ul class=\"blocks-gallery-grid\">\n<li class=\"blocks-gallery-item\">\n<figure><img loading=\"lazy\" decoding=\"async\" class=\"wp-image-86\" src=\"https:\/\/icaseonline.net\/esra\/wp-content\/uploads\/2021\/10\/4..png\" sizes=\"auto, (max-width: 849px) 100vw, 849px\" srcset=\"https:\/\/icaseonline.net\/esra\/wp-content\/uploads\/2021\/10\/4..png 849w, https:\/\/icaseonline.net\/esra\/wp-content\/uploads\/2021\/10\/4.-300x159.png 300w, https:\/\/icaseonline.net\/esra\/wp-content\/uploads\/2021\/10\/4.-768x406.png 768w\" alt=\"\" width=\"849\" height=\"449\" data-id=\"86\" data-full-url=\"https:\/\/icaseonline.net\/esra\/wp-content\/uploads\/2021\/10\/4..png\" data-link=\"https:\/\/icaseonline.net\/esra\/?attachment_id=86\" \/><\/figure>\n<\/li>\n<\/ul>\n<\/figure>\n<figure class=\"wp-block-image size-full\"><img loading=\"lazy\" decoding=\"async\" class=\"wp-image-87\" src=\"https:\/\/icaseonline.net\/esra\/wp-content\/uploads\/2021\/10\/5..png\" sizes=\"auto, (max-width: 851px) 100vw, 851px\" srcset=\"https:\/\/icaseonline.net\/esra\/wp-content\/uploads\/2021\/10\/5..png 851w, https:\/\/icaseonline.net\/esra\/wp-content\/uploads\/2021\/10\/5.-300x160.png 300w, https:\/\/icaseonline.net\/esra\/wp-content\/uploads\/2021\/10\/5.-768x411.png 768w\" alt=\"\" width=\"851\" height=\"455\" \/><\/figure>\n<p><strong>5)\u00a0<\/strong>Sitenizin kurulumu ger\u00e7ekle\u015fti, art\u0131k sitenize bir tema belirleyebilir ve sayfalar\u0131n\u0131z\u0131 diledi\u011finiz gibi d\u00fczenleyebilirsiniz.<\/p>\n<p><strong>Kontrol Paneline Giri\u015f<\/strong><\/p>\n<figure class=\"wp-container-8 wp-block-gallery-7 wp-block-gallery columns-1 is-cropped\">\n<ul class=\"blocks-gallery-grid\">\n<li class=\"blocks-gallery-item\">\n<figure><img loading=\"lazy\" decoding=\"async\" class=\"wp-image-89\" src=\"https:\/\/icaseonline.net\/esra\/wp-content\/uploads\/2021\/10\/6..png\" sizes=\"auto, (max-width: 850px) 100vw, 850px\" srcset=\"https:\/\/icaseonline.net\/esra\/wp-content\/uploads\/2021\/10\/6..png 850w, https:\/\/icaseonline.net\/esra\/wp-content\/uploads\/2021\/10\/6.-300x160.png 300w, https:\/\/icaseonline.net\/esra\/wp-content\/uploads\/2021\/10\/6.-768x408.png 768w\" alt=\"\" width=\"850\" height=\"452\" data-id=\"89\" data-full-url=\"https:\/\/icaseonline.net\/esra\/wp-content\/uploads\/2021\/10\/6..png\" data-link=\"https:\/\/icaseonline.net\/esra\/?attachment_id=89\" \/><\/figure>\n<\/li>\n<\/ul>\n<\/figure>\n<p>Sitenizin URL\u2019sinin sonuna \u201c\/admin\u201d yaz\u0131s\u0131n\u0131 ekleyerek kontrol paneline ula\u015fabilirsiniz.<\/p>\n<figure class=\"wp-block-image size-full\"><img loading=\"lazy\" decoding=\"async\" class=\"wp-image-90\" src=\"https:\/\/icaseonline.net\/esra\/wp-content\/uploads\/2021\/10\/7..png\" sizes=\"auto, (max-width: 847px) 100vw, 847px\" srcset=\"https:\/\/icaseonline.net\/esra\/wp-content\/uploads\/2021\/10\/7..png 847w, https:\/\/icaseonline.net\/esra\/wp-content\/uploads\/2021\/10\/7.-300x162.png 300w, https:\/\/icaseonline.net\/esra\/wp-content\/uploads\/2021\/10\/7.-768x413.png 768w\" alt=\"\" width=\"847\" height=\"456\" \/><\/figure>\n<p>Kontrol paneli \u00fczerinden sitenize sayfa ekleyip \u00e7\u0131karabilir ve sayfalar\u0131n\u0131z\u0131n i\u00e7eri\u011fini d\u00fczenleyebilirsiniz.<\/p>\n<figure class=\"wp-container-10 wp-block-gallery-9 wp-block-gallery columns-1 is-cropped\">\n<ul class=\"blocks-gallery-grid\">\n<li class=\"blocks-gallery-item\">\n<figure><img loading=\"lazy\" decoding=\"async\" class=\"wp-image-91\" src=\"https:\/\/icaseonline.net\/esra\/wp-content\/uploads\/2021\/10\/8..png\" sizes=\"auto, (max-width: 849px) 100vw, 849px\" srcset=\"https:\/\/icaseonline.net\/esra\/wp-content\/uploads\/2021\/10\/8..png 849w, https:\/\/icaseonline.net\/esra\/wp-content\/uploads\/2021\/10\/8.-300x160.png 300w, https:\/\/icaseonline.net\/esra\/wp-content\/uploads\/2021\/10\/8.-768x411.png 768w\" alt=\"\" width=\"849\" height=\"454\" data-id=\"91\" data-full-url=\"https:\/\/icaseonline.net\/esra\/wp-content\/uploads\/2021\/10\/8..png\" data-link=\"https:\/\/icaseonline.net\/esra\/?attachment_id=91\" \/><\/figure>\n<\/li>\n<\/ul>\n<\/figure>\n<p>Kontrol paneli \u00fczerindeki g\u00f6r\u00fcn\u00fcm b\u00f6l\u00fcm\u00fcnden; Sitenize bir tema ayarlayabilirsiniz.<\/p>\n<figure class=\"wp-container-12 wp-block-gallery-11 wp-block-gallery columns-1 is-cropped\">\n<ul class=\"blocks-gallery-grid\">\n<li class=\"blocks-gallery-item\">\n<figure><img loading=\"lazy\" decoding=\"async\" class=\"wp-image-94\" src=\"https:\/\/icaseonline.net\/esra\/wp-content\/uploads\/2021\/10\/9..png\" sizes=\"auto, (max-width: 844px) 100vw, 844px\" srcset=\"https:\/\/icaseonline.net\/esra\/wp-content\/uploads\/2021\/10\/9..png 844w, https:\/\/icaseonline.net\/esra\/wp-content\/uploads\/2021\/10\/9.-300x82.png 300w, https:\/\/icaseonline.net\/esra\/wp-content\/uploads\/2021\/10\/9.-768x209.png 768w\" alt=\"\" width=\"844\" height=\"230\" data-id=\"94\" data-full-url=\"https:\/\/icaseonline.net\/esra\/wp-content\/uploads\/2021\/10\/9..png\" data-link=\"https:\/\/icaseonline.net\/esra\/?attachment_id=94\" \/><\/figure>\n<\/li>\n<\/ul>\n<\/figure>\n<p>Men\u00fclerinize ekleme ve \u00e7\u0131karmalar yaparak adlar\u0131n\u0131 d\u00fczenleyebilirsiniz.<\/p>\n<figure class=\"wp-container-14 wp-block-gallery-13 wp-block-gallery columns-1 is-cropped\">\n<ul class=\"blocks-gallery-grid\">\n<li class=\"blocks-gallery-item\">\n<figure><img loading=\"lazy\" decoding=\"async\" class=\"wp-image-96\" src=\"https:\/\/icaseonline.net\/esra\/wp-content\/uploads\/2021\/10\/10.png\" sizes=\"auto, (max-width: 762px) 100vw, 762px\" srcset=\"https:\/\/icaseonline.net\/esra\/wp-content\/uploads\/2021\/10\/10.png 762w, https:\/\/icaseonline.net\/esra\/wp-content\/uploads\/2021\/10\/10-300x156.png 300w\" alt=\"\" width=\"762\" height=\"397\" data-id=\"96\" data-full-url=\"https:\/\/icaseonline.net\/esra\/wp-content\/uploads\/2021\/10\/10.png\" data-link=\"https:\/\/icaseonline.net\/esra\/?attachment_id=96\" \/><\/figure>\n<\/li>\n<\/ul>\n<\/figure>\n<figure class=\"wp-container-16 wp-block-gallery-15 wp-block-gallery columns-1 is-cropped\">\n<ul class=\"blocks-gallery-grid\">\n<li class=\"blocks-gallery-item\">\n<figure><img loading=\"lazy\" decoding=\"async\" class=\"wp-image-97\" src=\"https:\/\/icaseonline.net\/esra\/wp-content\/uploads\/2021\/10\/13.png\" sizes=\"auto, (max-width: 760px) 100vw, 760px\" srcset=\"https:\/\/icaseonline.net\/esra\/wp-content\/uploads\/2021\/10\/13.png 760w, https:\/\/icaseonline.net\/esra\/wp-content\/uploads\/2021\/10\/13-300x156.png 300w\" alt=\"\" width=\"760\" height=\"396\" data-id=\"97\" data-full-url=\"https:\/\/icaseonline.net\/esra\/wp-content\/uploads\/2021\/10\/13.png\" data-link=\"https:\/\/icaseonline.net\/esra\/?attachment_id=97\" \/><\/figure>\n<\/li>\n<\/ul>\n<\/figure>\n<p>Bile\u015fenler b\u00f6l\u00fcm\u00fcnden sayfan\u0131z\u0131n a\u015fa\u011f\u0131 ya da yan k\u0131s\u0131mlar\u0131na; arama, blog istatistikleri ve takvim gibi daha bir\u00e7ok bile\u015feni ekleyebilirsiniz.<\/p>\n<p>A\u015fa\u011f\u0131daki videoyu izleyip web sayfan\u0131z\u0131 tasarlayabilirsiniz.<\/p>\n<figure class=\"wp-block-embed is-type-video is-provider-youtube wp-block-embed-youtube wp-embed-aspect-16-9 wp-has-aspect-ratio\">\n<div class=\"wp-block-embed__wrapper\"><iframe loading=\"lazy\" title=\"Wordpress E\u011fitimi 2020 - Ders 2 - WordPress Tema Kurulumu ve Basit Sayfa D\u00fczenleme\" src=\"https:\/\/www.youtube.com\/embed\/2nKUhsRtJTA?feature=oembed\" width=\"640\" height=\"360\" frameborder=\"0\" allowfullscreen=\"allowfullscreen\" data-mce-fragment=\"1\"><\/iframe><\/div>\n<\/figure>\n<p><strong>\u0130yi Bir Web Sitesi Tasar\u0131m\u0131 Nas\u0131l Olur?<\/strong><br \/>\nBunu web tasar\u0131mc\u0131lara soracak olursan\u0131z bir\u00e7ok farkl\u0131 cevapla kar\u015f\u0131la\u015fman\u0131z m\u00fcmk\u00fcn. Ancak detaya girmeden temel prensiplere inecek olursak; iyi bir web sitesi tasar\u0131m\u0131, grafik tasar\u0131m\u0131 a\u00e7\u0131s\u0131ndan g\u00f6ze ho\u015f gelmeli, kullan\u0131\u015fl\u0131 olmal\u0131 ve ziyaret\u00e7ilerde memnuniyet yaratmal\u0131 diyebiliriz. \u0130yi bir web sitesi tasar\u0131m\u0131 i\u00e7in ba\u011fl\u0131 kalman\u0131z gereken prensipler ise;<\/p>\n<p><strong>1- \u0130yi Bir Web Sitesi Tasar\u0131m\u0131, \u00dcr\u00fcn\u00fc \/ Hizmeti Anla\u015f\u0131labilir K\u0131lmal\u0131<\/strong><br \/>\nWeb sitenizin amac\u0131, ziyaret\u00e7i siteye girer girmez anla\u015f\u0131labilir olmal\u0131! Web sitenizi tasarlay\u0131p geli\u015ftirirken pazarlama mesaj\u0131n\u0131z\u0131 ana sayfaya (landing page), 5 kelimeyi ge\u00e7meden ve bakan ki\u015finin sorular\u0131na cevap verebilecek veya o ki\u015finin \u00fcr\u00fcn\u00fcn\u00fczden \/ servisinizden ne elde edece\u011fini a\u00e7\u0131klayacak \u015fekilde koyun.<\/p>\n<p><strong>2- \u0130yi Bir Web Sitesi Tasar\u0131m\u0131, \u00dcr\u00fcn\u00fc \/ Hizmeti Kullan\u0131\u015fl\u0131 K\u0131lmal\u0131<\/strong><br \/>\n\u0130yi bir web sitesi, \u00fcr\u00fcn\u00fcn \/ hizmetin ne denli kullan\u0131\u015fl\u0131, hayat kurtar\u0131c\u0131, yararl\u0131, gerekli vb. oldu\u011funa de\u011finir ve bunun aksine ima dahi eden t\u00fcm vurgulardan ka\u00e7\u0131n\u0131r. Yani web siteniz sadece \u00fcr\u00fcnlerin \/ hizmetin yer ald\u0131\u011f\u0131 bir vitrin olmamal\u0131, onu potansiyel m\u00fc\u015fterilerinize anlatmal\u0131, sevdirmeli, ona ihtiya\u00e7lar\u0131 oldu\u011funa ikna etmeli!<\/p>\n<p><strong>3- \u0130yi Bir Web Sitesi Estetik A\u00e7\u0131dan Cezbedici Olmal\u0131<\/strong><br \/>\nKi\u015filerin g\u00fcnl\u00fck hayatlar\u0131nda yer ald\u0131klar\u0131 ve onlar\u0131n iyi bir ruh haline sahip olmalar\u0131 \u00fczerinde do\u011frudan etkisi oldu\u011fundan, \u00fcr\u00fcnler estetik a\u00e7\u0131dan cezbedici olmal\u0131 (buna web siteleri de dahil, \u00e7\u00fcnk\u00fc o da sizin bir \u00fcr\u00fcn\u00fcn\u00fcz).<\/p>\n<p>Temel prensipleri uygularken, temel ve etkisi kan\u0131tlanm\u0131\u015f bir d\u00fczene de sahip olmas\u0131 gerekiyor tabii ki. Bu d\u00fczenin ilk ve olmazsa olmaz unsuru \u201cAna Sayfa\u201d. Web sitenizi ziyaret eden ki\u015filerin dikkatini \u00e7ekebilmesi ve ki\u015filerin sayfada daha fazla kalmas\u0131n\u0131 sa\u011flayabilmesi i\u00e7in ana sayfan\u0131z\u0131n, ziyaret\u00e7ilerin ilgi alan\u0131na hitap edecek alakal\u0131 i\u00e7eriklere, d\u00fczenli bir yap\u0131ya sahip olmas\u0131 ve kolay okunabilir olmas\u0131 gerekli.<\/p>\n<p><strong>Web Sitesi Ana Sayfas\u0131nda Bulunmas\u0131 Gereken 5 Temel Unsur<\/strong><br \/>\n<em>\u2013 Logo:<\/em>\u00a0Logo veya logotype, sayfa y\u00fcklenir y\u00fcklenmez ziyaret\u00e7ilerin dikkatini \u00e7ekebilmesi ve web sitesine bir giri\u015f sembol\u00fc olarak sayfan\u0131n sol \u00fcst veya \u00fcst ortas\u0131na yerle\u015ftirilmeli.<br \/>\n<em>\u2013 Ba\u015fl\u0131k ve a\u00e7\u0131klama:<\/em>\u00a0Markan\u0131z\u0131 ve i\u015flemlenizi tan\u0131mlayan bir ba\u015fl\u0131\u011fa ve onu destekleyecek 2-3 kelimelik bir a\u00e7\u0131klamaya ihtiyac\u0131n\u0131z var! Bu ikili, i\u015fletmenizin ne yapt\u0131\u011f\u0131n\u0131 ve ziyaret\u00e7iye ne vaat etti\u011fini a\u00e7\u0131klamal\u0131.<br \/>\n<em>\u2013 Eylem \u00e7a\u011fr\u0131s\u0131 butonu:<\/em>\u00a0Web sitenizin ana sayfas\u0131ndaki bir ziyaret\u00e7inin ne yapmas\u0131n\u0131 istiyorsunuz? O zaman; anasayfan\u0131za, onu buna y\u00f6nlendiren bir ba\u015fl\u0131k, a\u00e7\u0131klama ve buton (e\u011fer ba\u015fka bir yere y\u00f6nlendirmeniz gerekiyorsa) da koymal\u0131s\u0131n\u0131z.<br \/>\n\u2013<em>\u00a0G\u00f6rsel elemanlar:<\/em>\u00a0Logonuzu ve ba\u015fl\u0131\u011f\u0131n\u0131z\u0131 tamamlayan kaliteli bir g\u00f6rsel \u00f6ge markan\u0131z\u0131n de\u011ferini y\u00fckseltir. Bu; \u00fcr\u00fcn veya hizmetinizi temsil eden bir g\u00f6rsel, sundu\u011funuz \u015feyin yaratt\u0131\u011f\u0131 etkiyi g\u00f6steren bir g\u00f6rsel, ekibinizin bir foto\u011fraf veya g\u00f6rseli olabilir. Bu g\u00f6rselin, y\u00fcksek kalitede ve \u00e7\u00f6z\u00fcn\u00fcrl\u00fckte olmas\u0131na \u00f6zen g\u00f6sterin.<br \/>\n<em>\u2013 Gezinme Men\u00fcs\u00fc:<\/em>\u00a0Navigasyon \u00f6geleri, web sitesindeki ziyaret\u00e7ilere nerede olduklar\u0131n\u0131 ve nereye gidebileceklerini g\u00f6sterir. Bunun i\u00e7in logo ve ba\u015fl\u0131\u011f\u0131n\u0131z\u0131n hemen alt\u0131na, sayfan\u0131n \u00fcst k\u0131sm\u0131na bir gezinme men\u00fcs\u00fc yerle\u015ftirmeyi unutmay\u0131n.<\/p>\n<p><strong>Ek \u0130\u00e7erikler<\/strong><br \/>\n\u0130yi bir web sitesi tasar\u0131m\u0131nda ana sayfan\u0131n rol\u00fc ne kadar \u00f6nemliyse de ziyaret\u00e7ilere ek i\u00e7eriklerle markan\u0131z, yeriniz, kendiniz, tak\u0131m\u0131n\u0131z vb. hakk\u0131nda bilgiler vermenizde \u00f6nemli (zaten gezinme men\u00fcs\u00fc de bunun i\u00e7in yok mu?). \u0130yi bir web sitesi tasar\u0131m\u0131, hakk\u0131nda, ileti\u015fim, blog, \u00fcr\u00fcn katalo\u011fu ve referanslar gibi b\u00f6l\u00fcmleri de i\u00e7ermeli. Bu tip ek i\u00e7erikler hem ziyaret\u00e7ilerin markan\u0131z, \u00fcr\u00fcn veya hizmetleriniz hakk\u0131nda daha detayl\u0131 bilgi sahibi olmas\u0131n\u0131 hem de SEO a\u00e7\u0131s\u0131ndan web sitenizin daha g\u00fc\u00e7l\u00fc olmas\u0131n\u0131 sa\u011flar.<\/p>\n<p>Kaynak:\u00a0<a href=\"https:\/\/www.horato.com\/tr\/post\/web-sitesi-tasariminiz-nasil-ve-neden-iyi-olmali-68\">https:\/\/www.horato.com\/tr\/post\/web-sitesi-tasariminiz-nasil-ve-neden-iyi-olmali-68<\/a><\/p>\n<\/div>\n","protected":false},"excerpt":{"rendered":"<p>2. Hafta: WordPress kurulumu Bir wordpress web sayfas\u0131 nas\u0131l yap\u0131l\u0131r? WORDPESSTE S\u0130TEN\u0130N KURULUMU: 1)\u00a0Yukar\u0131da g\u00f6sterilen URL\u2019yi arama \u00e7ubu\u011funuza yazarak sitenizi kurmaya ba\u015flay\u0131n.https:\/\/wordpress.com\/ 2)\u00a0Gerekli yerleri doldurduktan sonra e-posta adresinize gelen e-posta ile mail adresinizi do\u011frulay\u0131p hesab\u0131n\u0131z\u0131 etkinle\u015ftirin. 3)\u00a0\u0130stedi\u011finiz bir alan ad\u0131n\u0131 &hellip; <a href=\"https:\/\/icaseonline.net\/umit\/2-hafta\/\">Continue reading <span class=\"meta-nav\">&rarr;<\/span><\/a><\/p>\n","protected":false},"author":2,"featured_media":0,"parent":0,"menu_order":0,"comment_status":"closed","ping_status":"closed","template":"","meta":{"om_disable_all_campaigns":false,"_monsterinsights_skip_tracking":false,"_monsterinsights_sitenote_active":false,"_monsterinsights_sitenote_note":"","_monsterinsights_sitenote_category":0,"footnotes":""},"class_list":["post-15","page","type-page","status-publish","hentry"],"yoast_head":"<!-- This site is optimized with the Yoast SEO plugin v27.2 - https:\/\/yoast.com\/product\/yoast-seo-wordpress\/ -->\n<title>2. HAFTA - \u00dcM\u0130T YILDIRIM<\/title>\n<meta name=\"robots\" content=\"index, follow, max-snippet:-1, max-image-preview:large, max-video-preview:-1\" \/>\n<link rel=\"canonical\" href=\"https:\/\/icaseonline.net\/umit\/2-hafta\/\" \/>\n<meta property=\"og:locale\" content=\"en_US\" \/>\n<meta property=\"og:type\" content=\"article\" \/>\n<meta property=\"og:title\" content=\"2. HAFTA - \u00dcM\u0130T YILDIRIM\" \/>\n<meta property=\"og:description\" content=\"2. Hafta: WordPress kurulumu Bir wordpress web sayfas\u0131 nas\u0131l yap\u0131l\u0131r? WORDPESSTE S\u0130TEN\u0130N KURULUMU: 1)\u00a0Yukar\u0131da g\u00f6sterilen URL\u2019yi arama \u00e7ubu\u011funuza yazarak sitenizi kurmaya ba\u015flay\u0131n.https:\/\/wordpress.com\/ 2)\u00a0Gerekli yerleri doldurduktan sonra e-posta adresinize gelen e-posta ile mail adresinizi do\u011frulay\u0131p hesab\u0131n\u0131z\u0131 etkinle\u015ftirin. 3)\u00a0\u0130stedi\u011finiz bir alan ad\u0131n\u0131 &hellip; Continue reading &rarr;\" \/>\n<meta property=\"og:url\" content=\"https:\/\/icaseonline.net\/umit\/2-hafta\/\" \/>\n<meta property=\"og:site_name\" content=\"\u00dcM\u0130T YILDIRIM\" \/>\n<meta property=\"article:modified_time\" content=\"2022-10-24T11:47:33+00:00\" \/>\n<meta property=\"og:image\" content=\"https:\/\/icaseonline.net\/esra\/wp-content\/uploads\/2021\/10\/1.png\" \/>\n<meta name=\"twitter:card\" content=\"summary_large_image\" \/>\n<meta name=\"twitter:label1\" content=\"Est. reading time\" \/>\n\t<meta name=\"twitter:data1\" content=\"5 minutes\" \/>\n<script type=\"application\/ld+json\" class=\"yoast-schema-graph\">{\"@context\":\"https:\/\/schema.org\",\"@graph\":[{\"@type\":\"WebPage\",\"@id\":\"https:\/\/icaseonline.net\/umit\/2-hafta\/\",\"url\":\"https:\/\/icaseonline.net\/umit\/2-hafta\/\",\"name\":\"2. HAFTA - \u00dcM\u0130T YILDIRIM\",\"isPartOf\":{\"@id\":\"https:\/\/icaseonline.net\/umit\/#website\"},\"primaryImageOfPage\":{\"@id\":\"https:\/\/icaseonline.net\/umit\/2-hafta\/#primaryimage\"},\"image\":{\"@id\":\"https:\/\/icaseonline.net\/umit\/2-hafta\/#primaryimage\"},\"thumbnailUrl\":\"https:\/\/icaseonline.net\/esra\/wp-content\/uploads\/2021\/10\/1.png\",\"datePublished\":\"2022-10-17T11:56:20+00:00\",\"dateModified\":\"2022-10-24T11:47:33+00:00\",\"breadcrumb\":{\"@id\":\"https:\/\/icaseonline.net\/umit\/2-hafta\/#breadcrumb\"},\"inLanguage\":\"en-US\",\"potentialAction\":[{\"@type\":\"ReadAction\",\"target\":[\"https:\/\/icaseonline.net\/umit\/2-hafta\/\"]}]},{\"@type\":\"ImageObject\",\"inLanguage\":\"en-US\",\"@id\":\"https:\/\/icaseonline.net\/umit\/2-hafta\/#primaryimage\",\"url\":\"https:\/\/icaseonline.net\/esra\/wp-content\/uploads\/2021\/10\/1.png\",\"contentUrl\":\"https:\/\/icaseonline.net\/esra\/wp-content\/uploads\/2021\/10\/1.png\"},{\"@type\":\"BreadcrumbList\",\"@id\":\"https:\/\/icaseonline.net\/umit\/2-hafta\/#breadcrumb\",\"itemListElement\":[{\"@type\":\"ListItem\",\"position\":1,\"name\":\"Home\",\"item\":\"https:\/\/icaseonline.net\/umit\/\"},{\"@type\":\"ListItem\",\"position\":2,\"name\":\"2. HAFTA\"}]},{\"@type\":\"WebSite\",\"@id\":\"https:\/\/icaseonline.net\/umit\/#website\",\"url\":\"https:\/\/icaseonline.net\/umit\/\",\"name\":\"\u00dcM\u0130T YILDIRIM\",\"description\":\"IFE 5025 - Bilgi ve \u0130leti\u015fim Teknolojileri Destekli Fen E\u011fitimi\",\"potentialAction\":[{\"@type\":\"SearchAction\",\"target\":{\"@type\":\"EntryPoint\",\"urlTemplate\":\"https:\/\/icaseonline.net\/umit\/?s={search_term_string}\"},\"query-input\":{\"@type\":\"PropertyValueSpecification\",\"valueRequired\":true,\"valueName\":\"search_term_string\"}}],\"inLanguage\":\"en-US\"}]}<\/script>\n<!-- \/ Yoast SEO plugin. -->","yoast_head_json":{"title":"2. HAFTA - \u00dcM\u0130T YILDIRIM","robots":{"index":"index","follow":"follow","max-snippet":"max-snippet:-1","max-image-preview":"max-image-preview:large","max-video-preview":"max-video-preview:-1"},"canonical":"https:\/\/icaseonline.net\/umit\/2-hafta\/","og_locale":"en_US","og_type":"article","og_title":"2. HAFTA - \u00dcM\u0130T YILDIRIM","og_description":"2. Hafta: WordPress kurulumu Bir wordpress web sayfas\u0131 nas\u0131l yap\u0131l\u0131r? WORDPESSTE S\u0130TEN\u0130N KURULUMU: 1)\u00a0Yukar\u0131da g\u00f6sterilen URL\u2019yi arama \u00e7ubu\u011funuza yazarak sitenizi kurmaya ba\u015flay\u0131n.https:\/\/wordpress.com\/ 2)\u00a0Gerekli yerleri doldurduktan sonra e-posta adresinize gelen e-posta ile mail adresinizi do\u011frulay\u0131p hesab\u0131n\u0131z\u0131 etkinle\u015ftirin. 3)\u00a0\u0130stedi\u011finiz bir alan ad\u0131n\u0131 &hellip; Continue reading &rarr;","og_url":"https:\/\/icaseonline.net\/umit\/2-hafta\/","og_site_name":"\u00dcM\u0130T YILDIRIM","article_modified_time":"2022-10-24T11:47:33+00:00","og_image":[{"url":"https:\/\/icaseonline.net\/esra\/wp-content\/uploads\/2021\/10\/1.png","type":"","width":"","height":""}],"twitter_card":"summary_large_image","twitter_misc":{"Est. reading time":"5 minutes"},"schema":{"@context":"https:\/\/schema.org","@graph":[{"@type":"WebPage","@id":"https:\/\/icaseonline.net\/umit\/2-hafta\/","url":"https:\/\/icaseonline.net\/umit\/2-hafta\/","name":"2. HAFTA - \u00dcM\u0130T YILDIRIM","isPartOf":{"@id":"https:\/\/icaseonline.net\/umit\/#website"},"primaryImageOfPage":{"@id":"https:\/\/icaseonline.net\/umit\/2-hafta\/#primaryimage"},"image":{"@id":"https:\/\/icaseonline.net\/umit\/2-hafta\/#primaryimage"},"thumbnailUrl":"https:\/\/icaseonline.net\/esra\/wp-content\/uploads\/2021\/10\/1.png","datePublished":"2022-10-17T11:56:20+00:00","dateModified":"2022-10-24T11:47:33+00:00","breadcrumb":{"@id":"https:\/\/icaseonline.net\/umit\/2-hafta\/#breadcrumb"},"inLanguage":"en-US","potentialAction":[{"@type":"ReadAction","target":["https:\/\/icaseonline.net\/umit\/2-hafta\/"]}]},{"@type":"ImageObject","inLanguage":"en-US","@id":"https:\/\/icaseonline.net\/umit\/2-hafta\/#primaryimage","url":"https:\/\/icaseonline.net\/esra\/wp-content\/uploads\/2021\/10\/1.png","contentUrl":"https:\/\/icaseonline.net\/esra\/wp-content\/uploads\/2021\/10\/1.png"},{"@type":"BreadcrumbList","@id":"https:\/\/icaseonline.net\/umit\/2-hafta\/#breadcrumb","itemListElement":[{"@type":"ListItem","position":1,"name":"Home","item":"https:\/\/icaseonline.net\/umit\/"},{"@type":"ListItem","position":2,"name":"2. HAFTA"}]},{"@type":"WebSite","@id":"https:\/\/icaseonline.net\/umit\/#website","url":"https:\/\/icaseonline.net\/umit\/","name":"\u00dcM\u0130T YILDIRIM","description":"IFE 5025 - Bilgi ve \u0130leti\u015fim Teknolojileri Destekli Fen E\u011fitimi","potentialAction":[{"@type":"SearchAction","target":{"@type":"EntryPoint","urlTemplate":"https:\/\/icaseonline.net\/umit\/?s={search_term_string}"},"query-input":{"@type":"PropertyValueSpecification","valueRequired":true,"valueName":"search_term_string"}}],"inLanguage":"en-US"}]}},"_links":{"self":[{"href":"https:\/\/icaseonline.net\/umit\/wp-json\/wp\/v2\/pages\/15","targetHints":{"allow":["GET"]}}],"collection":[{"href":"https:\/\/icaseonline.net\/umit\/wp-json\/wp\/v2\/pages"}],"about":[{"href":"https:\/\/icaseonline.net\/umit\/wp-json\/wp\/v2\/types\/page"}],"author":[{"embeddable":true,"href":"https:\/\/icaseonline.net\/umit\/wp-json\/wp\/v2\/users\/2"}],"replies":[{"embeddable":true,"href":"https:\/\/icaseonline.net\/umit\/wp-json\/wp\/v2\/comments?post=15"}],"version-history":[{"count":3,"href":"https:\/\/icaseonline.net\/umit\/wp-json\/wp\/v2\/pages\/15\/revisions"}],"predecessor-version":[{"id":112,"href":"https:\/\/icaseonline.net\/umit\/wp-json\/wp\/v2\/pages\/15\/revisions\/112"}],"wp:attachment":[{"href":"https:\/\/icaseonline.net\/umit\/wp-json\/wp\/v2\/media?parent=15"}],"curies":[{"name":"wp","href":"https:\/\/api.w.org\/{rel}","templated":true}]}}