{"id":59,"date":"2022-10-17T11:12:40","date_gmt":"2022-10-17T11:12:40","guid":{"rendered":"https:\/\/icaseonline.net\/sarenur\/?page_id=59"},"modified":"2022-10-17T11:12:41","modified_gmt":"2022-10-17T11:12:41","slug":"quiz","status":"publish","type":"page","link":"https:\/\/icaseonline.net\/sarenur\/quiz\/","title":{"rendered":"Quiz"},"content":{"rendered":"\n<div class=\"forminator-guttenberg\"><div class=\"forminator-ui forminator-custom-form forminator-custom-form-58 forminator-design--default  forminator_ajax\" data-forminator-render=\"0\" data-form=\"forminator-module-58\" data-uid=\"69e4ec08ce9ea\"><br\/><\/div><form\n\t\t\t\tid=\"forminator-module-58\"\n\t\t\t\tclass=\"forminator-ui forminator-custom-form forminator-custom-form-58 forminator-design--default  forminator_ajax\"\n\t\t\t\tmethod=\"post\"\n\t\t\t\tdata-forminator-render=\"0\"\n\t\t\t\tdata-form-id=\"58\"\n\t\t\t\t data-color-option=\"default\" data-design=\"default\" data-grid=\"open\" style=\"display: none;\"\n\t\t\t\tdata-uid=\"69e4ec08ce9ea\"\n\t\t\t><div role=\"alert\" aria-live=\"polite\" class=\"forminator-response-message forminator-error\" aria-hidden=\"true\"><\/div><div class=\"forminator-row\"><div id=\"name-1\" class=\"forminator-field-name forminator-col forminator-col-12 \"><div class=\"forminator-field\"><label for=\"forminator-field-name-1_69e4ec08ce9ea\" id=\"forminator-field-name-1_69e4ec08ce9ea-label\" class=\"forminator-label\">\u00d6\u011frenci ismi<\/label><input type=\"text\" name=\"name-1\" value=\"\" placeholder=\"\" id=\"forminator-field-name-1_69e4ec08ce9ea\" class=\"forminator-input forminator-name--field\" aria-required=\"false\" autocomplete=\"name\" \/><\/div><\/div><\/div><div class=\"forminator-row\"><div id=\"number-1\" class=\"forminator-field-number forminator-col forminator-col-12 \"><div class=\"forminator-field\"><label for=\"forminator-field-number-1_69e4ec08ce9ea\" id=\"forminator-field-number-1_69e4ec08ce9ea-label\" class=\"forminator-label\">\u00d6\u011frenci numaras\u0131<\/label><input name=\"number-1\" value=\"\" placeholder=\"\" id=\"forminator-field-number-1_69e4ec08ce9ea\" class=\"forminator-input forminator-number--field\" inputmode=\"decimal\" data-required=\"\" data-decimals=\"0\" aria-required=\"false\" data-inputmask=\"&#039;groupSeparator&#039;: &#039;&#039;, &#039;radixPoint&#039;: &#039;&#039;, &#039;digits&#039;: &#039;0&#039;\" type=\"number\" step=\"any\" min=\"1\" max=\"9999999999999999999999999\" \/><\/div><\/div><\/div><div class=\"forminator-row\"><div id=\"name-2\" class=\"forminator-field-name forminator-col forminator-col-12 \"><div class=\"forminator-field\"><label for=\"forminator-field-name-2_69e4ec08ce9ea\" id=\"forminator-field-name-2_69e4ec08ce9ea-label\" class=\"forminator-label\">Okul ismi<\/label><input type=\"text\" name=\"name-2\" value=\"\" placeholder=\"\" id=\"forminator-field-name-2_69e4ec08ce9ea\" class=\"forminator-input forminator-name--field\" aria-required=\"false\" autocomplete=\"name\" \/><\/div><\/div><\/div><div class=\"forminator-row\"><div id=\"textarea-1\" class=\"forminator-field-textarea forminator-col forminator-col-12 \"><div class=\"forminator-field\"><label for=\"forminator-field-textarea-1_69e4ec08ce9ea\" id=\"forminator-field-textarea-1_69e4ec08ce9ea-label\" class=\"forminator-label\">Tam g\u00f6lge boyunu etkileyen de\u011fi\u015fkenler nelerdir?<\/label><textarea name=\"textarea-1\" placeholder=\"Cevab\u0131n\u0131z\u0131 bu alana yazabilirsiniz\" id=\"forminator-field-textarea-1_69e4ec08ce9ea\" class=\"forminator-textarea\" rows=\"6\" style=\"min-height:140px;\" ><\/textarea><\/div><\/div><\/div><div class=\"forminator-row\"><div id=\"select-1\" class=\"forminator-field-select forminator-col forminator-col-12 \"><div class=\"forminator-field\"><label for=\"forminator-form-58__field--select-1_69e4ec08ce9ea\" id=\"forminator-form-58__field--select-1_69e4ec08ce9ea-label\" class=\"forminator-label\">D\u00fcnya&#039;n\u0131n Ay ile G\u00fcne\u015f aras\u0131na girmesi ile olu\u015fan do\u011fa olay\u0131yla ilgili olarak a\u015fa\u011f\u0131dakilerden hangisi do\u011frudur ?<\/label><select  id=\"forminator-form-58__field--select-1_69e4ec08ce9ea\" class=\"forminator-select--field forminator-select2 forminator-select2-multiple\" data-required=\"\" name=\"select-1\" data-default-value=\"\" data-placeholder=\"\" data-search=\"false\" data-search-placeholder=\"\" data-checkbox=\"false\" data-allow-clear=\"false\" aria-labelledby=\"forminator-form-58__field--select-1_69e4ec08ce9ea-label\"><option value=\"one\"  data-calculation=\"0\">G\u00f6z sa\u011fl\u0131\u011f\u0131 a\u00e7\u0131s\u0131ndan filtreli g\u00f6zl\u00fckler ile izlenmelidir.<\/option><option value=\"two\"  data-calculation=\"0\">G\u00f6z sa\u011fl\u0131\u011f\u0131 a\u00e7\u0131s\u0131ndan filtreli g\u00f6zl\u00fckler ile izlenmelidir.<\/option><option value=\"Ay&#039;\u0131n-yeni-ay-evresinde-olmas\u0131yla-beraber-her-yeni-ay-evresinde-g\u00f6zlenebilir.\"  data-calculation=\"0\">Ay'\u0131n yeni ay evresinde olmas\u0131yla beraber her yeni ay evresinde g\u00f6zlenebilir.<\/option><option value=\"G\u00fcnd\u00fcz-ger\u00e7ekle\u015fir-ve-D\u00fcnya\u2019da-geni\u015f-bir-alanda-g\u00f6zlemlenir\"  data-calculation=\"0\">G\u00fcnd\u00fcz ger\u00e7ekle\u015fir ve D\u00fcnya\u2019da geni\u015f bir alanda g\u00f6zlemlenir<\/option><\/select><\/div><\/div><\/div><div class=\"forminator-row\"><div id=\"textarea-2\" class=\"forminator-field-textarea forminator-col forminator-col-12 \"><div class=\"forminator-field\"><label for=\"forminator-field-textarea-2_69e4ec08ce9ea\" id=\"forminator-field-textarea-2_69e4ec08ce9ea-label\" class=\"forminator-label\">Sa\u00e7 rengi, g\u00f6z rengi, ten rengi gibi genetik \u00f6zelliklere ait bilgileri ta\u015f\u0131yan DNA par\u00e7as\u0131na ne ad verilir?<\/label><textarea name=\"textarea-2\" placeholder=\"\" id=\"forminator-field-textarea-2_69e4ec08ce9ea\" class=\"forminator-textarea\" rows=\"6\" style=\"min-height:140px;\" ><\/textarea><\/div><\/div><\/div><div class=\"forminator-row\"><div id=\"textarea-3\" class=\"forminator-field-textarea forminator-col forminator-col-12 \"><div class=\"forminator-field\"><label for=\"forminator-field-textarea-3_69e4ec08ce9ea\" id=\"forminator-field-textarea-3_69e4ec08ce9ea-label\" class=\"forminator-label\">1200 n\u00fckleotitten olu\u015fan bir DNA molek\u00fcl\u00fcnde ka\u00e7 tane azotlu organik baz bulunur?<\/label><textarea name=\"textarea-3\" placeholder=\"\" id=\"forminator-field-textarea-3_69e4ec08ce9ea\" class=\"forminator-textarea\" rows=\"6\" style=\"min-height:140px;\" ><\/textarea><\/div><\/div><\/div><div class=\"forminator-row\"><div id=\"select-2\" class=\"forminator-field-select forminator-col forminator-col-12 \"><div class=\"forminator-field\"><label for=\"forminator-form-58__field--select-2_69e4ec08ce9ea\" id=\"forminator-form-58__field--select-2_69e4ec08ce9ea-label\" class=\"forminator-label\">A\u015fa\u011f\u0131dakilerden hangisi sesin yans\u0131ma \u00f6zelli\u011finden faydalan\u0131larak yap\u0131lan teknolojik aletlerden de\u011fildir?<\/label><select  id=\"forminator-form-58__field--select-2_69e4ec08ce9ea\" class=\"forminator-select--field forminator-select2 forminator-select2-multiple\" data-required=\"\" name=\"select-2\" data-default-value=\"one\" data-placeholder=\"\" data-search=\"false\" data-search-placeholder=\"\" data-checkbox=\"false\" data-allow-clear=\"false\" aria-labelledby=\"forminator-form-58__field--select-2_69e4ec08ce9ea-label\"><option value=\"one\" selected=\"selected\" data-calculation=\"0\">Periskop<\/option><option value=\"two\"  data-calculation=\"0\">Radar<\/option><option value=\"Sonar\"  data-calculation=\"0\">Sonar<\/option><option value=\"Ultrason\"  data-calculation=\"0\">Ultrason<\/option><\/select><\/div><\/div><\/div><input type=\"hidden\" name=\"referer_url\" value=\"\" \/><div class=\"forminator-row forminator-row-last\"><div class=\"forminator-col\"><div class=\"forminator-field\"><button class=\"forminator-button forminator-button-submit\">Send Message<\/button><\/div><\/div><\/div><input type=\"hidden\" id=\"forminator_nonce\" name=\"forminator_nonce\" value=\"a0a9f83498\" \/><input type=\"hidden\" name=\"_wp_http_referer\" value=\"\/sarenur\/wp-json\/wp\/v2\/pages\/59\" \/><input type=\"hidden\" name=\"form_id\" value=\"58\"><input type=\"hidden\" name=\"page_id\" value=\"59\"><input type=\"hidden\" name=\"form_type\" value=\"default\"><input type=\"hidden\" name=\"current_url\" value=\"https:\/\/icaseonline.net\/sarenur\/quiz\/\"><input type=\"hidden\" name=\"render_id\" value=\"0\"><input type=\"hidden\" name=\"action\" value=\"forminator_submit_form_custom-forms\"><\/form><\/div>\n","protected":false},"excerpt":{"rendered":"","protected":false},"author":1,"featured_media":0,"parent":0,"menu_order":0,"comment_status":"closed","ping_status":"closed","template":"","meta":{"om_disable_all_campaigns":false,"_exactmetrics_skip_tracking":false,"_exactmetrics_sitenote_active":false,"_exactmetrics_sitenote_note":"","_exactmetrics_sitenote_category":0,"_monsterinsights_skip_tracking":false,"_monsterinsights_sitenote_active":false,"_monsterinsights_sitenote_note":"","_monsterinsights_sitenote_category":0,"footnotes":""},"class_list":["post-59","page","type-page","status-publish"],"yoast_head":"<!-- This site is optimized with the Yoast SEO plugin v27.2 - https:\/\/yoast.com\/product\/yoast-seo-wordpress\/ -->\n<title>Quiz - Sarenur Kaya<\/title>\n<meta name=\"robots\" content=\"index, follow, max-snippet:-1, max-image-preview:large, max-video-preview:-1\" \/>\n<link rel=\"canonical\" href=\"https:\/\/icaseonline.net\/sarenur\/quiz\/\" \/>\n<meta property=\"og:locale\" content=\"en_US\" \/>\n<meta property=\"og:type\" content=\"article\" \/>\n<meta property=\"og:title\" content=\"Quiz - Sarenur Kaya\" \/>\n<meta property=\"og:url\" content=\"https:\/\/icaseonline.net\/sarenur\/quiz\/\" \/>\n<meta property=\"og:site_name\" content=\"Sarenur Kaya\" \/>\n<meta property=\"article:modified_time\" content=\"2022-10-17T11:12:41+00:00\" \/>\n<meta name=\"twitter:card\" content=\"summary_large_image\" \/>\n<meta name=\"twitter:label1\" content=\"Est. reading time\" \/>\n\t<meta name=\"twitter:data1\" content=\"1 minute\" \/>\n<script type=\"application\/ld+json\" class=\"yoast-schema-graph\">{\"@context\":\"https:\/\/schema.org\",\"@graph\":[{\"@type\":\"WebPage\",\"@id\":\"https:\/\/icaseonline.net\/sarenur\/quiz\/\",\"url\":\"https:\/\/icaseonline.net\/sarenur\/quiz\/\",\"name\":\"Quiz - Sarenur Kaya\",\"isPartOf\":{\"@id\":\"https:\/\/icaseonline.net\/sarenur\/#website\"},\"datePublished\":\"2022-10-17T11:12:40+00:00\",\"dateModified\":\"2022-10-17T11:12:41+00:00\",\"breadcrumb\":{\"@id\":\"https:\/\/icaseonline.net\/sarenur\/quiz\/#breadcrumb\"},\"inLanguage\":\"en-US\",\"potentialAction\":[{\"@type\":\"ReadAction\",\"target\":[\"https:\/\/icaseonline.net\/sarenur\/quiz\/\"]}]},{\"@type\":\"BreadcrumbList\",\"@id\":\"https:\/\/icaseonline.net\/sarenur\/quiz\/#breadcrumb\",\"itemListElement\":[{\"@type\":\"ListItem\",\"position\":1,\"name\":\"Home\",\"item\":\"https:\/\/icaseonline.net\/sarenur\/\"},{\"@type\":\"ListItem\",\"position\":2,\"name\":\"Quiz\"}]},{\"@type\":\"WebSite\",\"@id\":\"https:\/\/icaseonline.net\/sarenur\/#website\",\"url\":\"https:\/\/icaseonline.net\/sarenur\/\",\"name\":\"Sarenur Kaya\",\"description\":\"BIT\",\"potentialAction\":[{\"@type\":\"SearchAction\",\"target\":{\"@type\":\"EntryPoint\",\"urlTemplate\":\"https:\/\/icaseonline.net\/sarenur\/?s={search_term_string}\"},\"query-input\":{\"@type\":\"PropertyValueSpecification\",\"valueRequired\":true,\"valueName\":\"search_term_string\"}}],\"inLanguage\":\"en-US\"}]}<\/script>\n<!-- \/ Yoast SEO plugin. -->","yoast_head_json":{"title":"Quiz - Sarenur Kaya","robots":{"index":"index","follow":"follow","max-snippet":"max-snippet:-1","max-image-preview":"max-image-preview:large","max-video-preview":"max-video-preview:-1"},"canonical":"https:\/\/icaseonline.net\/sarenur\/quiz\/","og_locale":"en_US","og_type":"article","og_title":"Quiz - Sarenur Kaya","og_url":"https:\/\/icaseonline.net\/sarenur\/quiz\/","og_site_name":"Sarenur Kaya","article_modified_time":"2022-10-17T11:12:41+00:00","twitter_card":"summary_large_image","twitter_misc":{"Est. reading time":"1 minute"},"schema":{"@context":"https:\/\/schema.org","@graph":[{"@type":"WebPage","@id":"https:\/\/icaseonline.net\/sarenur\/quiz\/","url":"https:\/\/icaseonline.net\/sarenur\/quiz\/","name":"Quiz - Sarenur Kaya","isPartOf":{"@id":"https:\/\/icaseonline.net\/sarenur\/#website"},"datePublished":"2022-10-17T11:12:40+00:00","dateModified":"2022-10-17T11:12:41+00:00","breadcrumb":{"@id":"https:\/\/icaseonline.net\/sarenur\/quiz\/#breadcrumb"},"inLanguage":"en-US","potentialAction":[{"@type":"ReadAction","target":["https:\/\/icaseonline.net\/sarenur\/quiz\/"]}]},{"@type":"BreadcrumbList","@id":"https:\/\/icaseonline.net\/sarenur\/quiz\/#breadcrumb","itemListElement":[{"@type":"ListItem","position":1,"name":"Home","item":"https:\/\/icaseonline.net\/sarenur\/"},{"@type":"ListItem","position":2,"name":"Quiz"}]},{"@type":"WebSite","@id":"https:\/\/icaseonline.net\/sarenur\/#website","url":"https:\/\/icaseonline.net\/sarenur\/","name":"Sarenur Kaya","description":"BIT","potentialAction":[{"@type":"SearchAction","target":{"@type":"EntryPoint","urlTemplate":"https:\/\/icaseonline.net\/sarenur\/?s={search_term_string}"},"query-input":{"@type":"PropertyValueSpecification","valueRequired":true,"valueName":"search_term_string"}}],"inLanguage":"en-US"}]}},"jetpack_sharing_enabled":true,"_links":{"self":[{"href":"https:\/\/icaseonline.net\/sarenur\/wp-json\/wp\/v2\/pages\/59","targetHints":{"allow":["GET"]}}],"collection":[{"href":"https:\/\/icaseonline.net\/sarenur\/wp-json\/wp\/v2\/pages"}],"about":[{"href":"https:\/\/icaseonline.net\/sarenur\/wp-json\/wp\/v2\/types\/page"}],"author":[{"embeddable":true,"href":"https:\/\/icaseonline.net\/sarenur\/wp-json\/wp\/v2\/users\/1"}],"replies":[{"embeddable":true,"href":"https:\/\/icaseonline.net\/sarenur\/wp-json\/wp\/v2\/comments?post=59"}],"version-history":[{"count":1,"href":"https:\/\/icaseonline.net\/sarenur\/wp-json\/wp\/v2\/pages\/59\/revisions"}],"predecessor-version":[{"id":60,"href":"https:\/\/icaseonline.net\/sarenur\/wp-json\/wp\/v2\/pages\/59\/revisions\/60"}],"wp:attachment":[{"href":"https:\/\/icaseonline.net\/sarenur\/wp-json\/wp\/v2\/media?parent=59"}],"curies":[{"name":"wp","href":"https:\/\/api.w.org\/{rel}","templated":true}]}}