{"id":51,"date":"2022-10-17T08:07:50","date_gmt":"2022-10-17T08:07:50","guid":{"rendered":"https:\/\/icaseonline.net\/sarenur\/?page_id=51"},"modified":"2022-10-17T08:18:16","modified_gmt":"2022-10-17T08:18:16","slug":"2-hafta","status":"publish","type":"page","link":"https:\/\/icaseonline.net\/sarenur\/haftalar\/2-hafta\/","title":{"rendered":"2. Hafta"},"content":{"rendered":"\n<p>WordPress kurulumu<\/p>\n\n\n\n\n\n<figure class=\"wp-block-embed is-type-video is-provider-youtube wp-block-embed-youtube wp-embed-aspect-4-3 wp-has-aspect-ratio\"><div class=\"wp-block-embed__wrapper\">\n<iframe loading=\"lazy\" title=\"Wordpress Kurulumu ve \u0130\u00e7erik D\u00fczenleme - Ders 2 - WordPress Workshop\" width=\"1200\" height=\"900\" src=\"https:\/\/www.youtube.com\/embed\/7x0A9c_UoYM?feature=oembed\" frameborder=\"0\" allow=\"accelerometer; autoplay; clipboard-write; encrypted-media; gyroscope; picture-in-picture\" allowfullscreen><\/iframe>\n<\/div><\/figure>\n","protected":false},"excerpt":{"rendered":"<p>WordPress kurulumu<\/p>\n","protected":false},"author":1,"featured_media":0,"parent":7,"menu_order":0,"comment_status":"closed","ping_status":"closed","template":"","meta":{"om_disable_all_campaigns":false,"_exactmetrics_skip_tracking":false,"_exactmetrics_sitenote_active":false,"_exactmetrics_sitenote_note":"","_exactmetrics_sitenote_category":0,"_monsterinsights_skip_tracking":false,"_monsterinsights_sitenote_active":false,"_monsterinsights_sitenote_note":"","_monsterinsights_sitenote_category":0,"footnotes":""},"class_list":["post-51","page","type-page","status-publish"],"yoast_head":"<!-- This site is optimized with the Yoast SEO plugin v27.2 - https:\/\/yoast.com\/product\/yoast-seo-wordpress\/ -->\n<title>2. Hafta - Sarenur Kaya<\/title>\n<meta name=\"robots\" content=\"index, follow, max-snippet:-1, max-image-preview:large, max-video-preview:-1\" \/>\n<link rel=\"canonical\" href=\"https:\/\/icaseonline.net\/sarenur\/haftalar\/2-hafta\/\" \/>\n<meta property=\"og:locale\" content=\"en_US\" \/>\n<meta property=\"og:type\" content=\"article\" \/>\n<meta property=\"og:title\" content=\"2. Hafta - Sarenur Kaya\" \/>\n<meta property=\"og:description\" content=\"WordPress kurulumu\" \/>\n<meta property=\"og:url\" content=\"https:\/\/icaseonline.net\/sarenur\/haftalar\/2-hafta\/\" \/>\n<meta property=\"og:site_name\" content=\"Sarenur Kaya\" \/>\n<meta property=\"article:modified_time\" content=\"2022-10-17T08:18:16+00:00\" \/>\n<meta name=\"twitter:card\" content=\"summary_large_image\" \/>\n<meta name=\"twitter:label1\" content=\"Est. reading time\" \/>\n\t<meta name=\"twitter:data1\" content=\"1 minute\" \/>\n<script type=\"application\/ld+json\" class=\"yoast-schema-graph\">{\"@context\":\"https:\/\/schema.org\",\"@graph\":[{\"@type\":\"WebPage\",\"@id\":\"https:\/\/icaseonline.net\/sarenur\/haftalar\/2-hafta\/\",\"url\":\"https:\/\/icaseonline.net\/sarenur\/haftalar\/2-hafta\/\",\"name\":\"2. Hafta - Sarenur Kaya\",\"isPartOf\":{\"@id\":\"https:\/\/icaseonline.net\/sarenur\/#website\"},\"datePublished\":\"2022-10-17T08:07:50+00:00\",\"dateModified\":\"2022-10-17T08:18:16+00:00\",\"breadcrumb\":{\"@id\":\"https:\/\/icaseonline.net\/sarenur\/haftalar\/2-hafta\/#breadcrumb\"},\"inLanguage\":\"en-US\",\"potentialAction\":[{\"@type\":\"ReadAction\",\"target\":[\"https:\/\/icaseonline.net\/sarenur\/haftalar\/2-hafta\/\"]}]},{\"@type\":\"BreadcrumbList\",\"@id\":\"https:\/\/icaseonline.net\/sarenur\/haftalar\/2-hafta\/#breadcrumb\",\"itemListElement\":[{\"@type\":\"ListItem\",\"position\":1,\"name\":\"Home\",\"item\":\"https:\/\/icaseonline.net\/sarenur\/\"},{\"@type\":\"ListItem\",\"position\":2,\"name\":\"Haftalar\",\"item\":\"https:\/\/icaseonline.net\/sarenur\/haftalar\/\"},{\"@type\":\"ListItem\",\"position\":3,\"name\":\"2. Hafta\"}]},{\"@type\":\"WebSite\",\"@id\":\"https:\/\/icaseonline.net\/sarenur\/#website\",\"url\":\"https:\/\/icaseonline.net\/sarenur\/\",\"name\":\"Sarenur Kaya\",\"description\":\"BIT\",\"potentialAction\":[{\"@type\":\"SearchAction\",\"target\":{\"@type\":\"EntryPoint\",\"urlTemplate\":\"https:\/\/icaseonline.net\/sarenur\/?s={search_term_string}\"},\"query-input\":{\"@type\":\"PropertyValueSpecification\",\"valueRequired\":true,\"valueName\":\"search_term_string\"}}],\"inLanguage\":\"en-US\"}]}<\/script>\n<!-- \/ Yoast SEO plugin. -->","yoast_head_json":{"title":"2. Hafta - Sarenur Kaya","robots":{"index":"index","follow":"follow","max-snippet":"max-snippet:-1","max-image-preview":"max-image-preview:large","max-video-preview":"max-video-preview:-1"},"canonical":"https:\/\/icaseonline.net\/sarenur\/haftalar\/2-hafta\/","og_locale":"en_US","og_type":"article","og_title":"2. Hafta - Sarenur Kaya","og_description":"WordPress kurulumu","og_url":"https:\/\/icaseonline.net\/sarenur\/haftalar\/2-hafta\/","og_site_name":"Sarenur Kaya","article_modified_time":"2022-10-17T08:18:16+00:00","twitter_card":"summary_large_image","twitter_misc":{"Est. reading time":"1 minute"},"schema":{"@context":"https:\/\/schema.org","@graph":[{"@type":"WebPage","@id":"https:\/\/icaseonline.net\/sarenur\/haftalar\/2-hafta\/","url":"https:\/\/icaseonline.net\/sarenur\/haftalar\/2-hafta\/","name":"2. Hafta - Sarenur Kaya","isPartOf":{"@id":"https:\/\/icaseonline.net\/sarenur\/#website"},"datePublished":"2022-10-17T08:07:50+00:00","dateModified":"2022-10-17T08:18:16+00:00","breadcrumb":{"@id":"https:\/\/icaseonline.net\/sarenur\/haftalar\/2-hafta\/#breadcrumb"},"inLanguage":"en-US","potentialAction":[{"@type":"ReadAction","target":["https:\/\/icaseonline.net\/sarenur\/haftalar\/2-hafta\/"]}]},{"@type":"BreadcrumbList","@id":"https:\/\/icaseonline.net\/sarenur\/haftalar\/2-hafta\/#breadcrumb","itemListElement":[{"@type":"ListItem","position":1,"name":"Home","item":"https:\/\/icaseonline.net\/sarenur\/"},{"@type":"ListItem","position":2,"name":"Haftalar","item":"https:\/\/icaseonline.net\/sarenur\/haftalar\/"},{"@type":"ListItem","position":3,"name":"2. Hafta"}]},{"@type":"WebSite","@id":"https:\/\/icaseonline.net\/sarenur\/#website","url":"https:\/\/icaseonline.net\/sarenur\/","name":"Sarenur Kaya","description":"BIT","potentialAction":[{"@type":"SearchAction","target":{"@type":"EntryPoint","urlTemplate":"https:\/\/icaseonline.net\/sarenur\/?s={search_term_string}"},"query-input":{"@type":"PropertyValueSpecification","valueRequired":true,"valueName":"search_term_string"}}],"inLanguage":"en-US"}]}},"jetpack_sharing_enabled":true,"_links":{"self":[{"href":"https:\/\/icaseonline.net\/sarenur\/wp-json\/wp\/v2\/pages\/51","targetHints":{"allow":["GET"]}}],"collection":[{"href":"https:\/\/icaseonline.net\/sarenur\/wp-json\/wp\/v2\/pages"}],"about":[{"href":"https:\/\/icaseonline.net\/sarenur\/wp-json\/wp\/v2\/types\/page"}],"author":[{"embeddable":true,"href":"https:\/\/icaseonline.net\/sarenur\/wp-json\/wp\/v2\/users\/1"}],"replies":[{"embeddable":true,"href":"https:\/\/icaseonline.net\/sarenur\/wp-json\/wp\/v2\/comments?post=51"}],"version-history":[{"count":2,"href":"https:\/\/icaseonline.net\/sarenur\/wp-json\/wp\/v2\/pages\/51\/revisions"}],"predecessor-version":[{"id":54,"href":"https:\/\/icaseonline.net\/sarenur\/wp-json\/wp\/v2\/pages\/51\/revisions\/54"}],"up":[{"embeddable":true,"href":"https:\/\/icaseonline.net\/sarenur\/wp-json\/wp\/v2\/pages\/7"}],"wp:attachment":[{"href":"https:\/\/icaseonline.net\/sarenur\/wp-json\/wp\/v2\/media?parent=51"}],"curies":[{"name":"wp","href":"https:\/\/api.w.org\/{rel}","templated":true}]}}