{"id":36,"date":"2022-10-10T11:23:05","date_gmt":"2022-10-10T11:23:05","guid":{"rendered":"https:\/\/icaseonline.net\/sarenur\/?page_id=36"},"modified":"2022-10-17T08:01:16","modified_gmt":"2022-10-17T08:01:16","slug":"1-hafta","status":"publish","type":"page","link":"https:\/\/icaseonline.net\/sarenur\/haftalar\/1-hafta\/","title":{"rendered":"1. Hafta"},"content":{"rendered":"\n<h2 class=\"wp-block-heading\">Dersin Amac\u0131:<\/h2>\n\n\n\n<p>Bu y\u00fcksek lisans dersi fen ve teknoloji e\u011fitiminde modern \u00f6\u011fretim ve \u00f6\u011frenme teori ve modellerini kullanarak bilgi ve ileti\u015fim teknolojileri ile desteklendirilmi\u015f \u00f6\u011fretim materyalleri geli\u015ftirmeyi ve uygulamay\u0131 hedeflemektedir.<\/p>\n\n\n\n<figure class=\"wp-block-image size-full\"><img loading=\"lazy\" decoding=\"async\" width=\"660\" height=\"330\" src=\"https:\/\/icaseonline.net\/sarenur\/wp-content\/uploads\/2022\/10\/laptop-akilli-telefon-tablet.jpg\" alt=\"\" class=\"wp-image-48\" srcset=\"https:\/\/icaseonline.net\/sarenur\/wp-content\/uploads\/2022\/10\/laptop-akilli-telefon-tablet.jpg 660w, https:\/\/icaseonline.net\/sarenur\/wp-content\/uploads\/2022\/10\/laptop-akilli-telefon-tablet-300x150.jpg 300w\" sizes=\"auto, (max-width: 660px) 100vw, 660px\" \/><\/figure>\n\n\n\n<h2 class=\"wp-block-heading\">Dersin \u00d6\u011frenme Kazan\u0131mlar\u0131:<\/h2>\n\n\n\n<p>1. Bilgi ve ileti\u015fim teknolojileri tabanl\u0131 uygulamalar\u0131 kullanarak \u00f6\u011fretim materyalleri geli\u015ftirme<\/p>\n\n\n\n<p>2. B\u0130T tabanl\u0131 \u00f6\u011fretim materyallerini ilk\u00f6\u011fretim fen e\u011fitimine uygulayabilme<\/p>\n\n\n\n<p>3. \u00d6\u011fretim materyallerini \u00f6\u011frencilerin ba\u015far\u0131lar\u0131 ve tutumlar\u0131 a\u00e7\u0131s\u0131ndan de\u011ferlendirme<\/p>\n\n\n\n<div class=\"wp-block-file\"><a id=\"wp-block-file--media-7c08a25b-9f1d-4a78-9d90-b3b673ce35d4\" href=\"https:\/\/icaseonline.net\/sarenur\/wp-content\/uploads\/2022\/10\/Presentation1-2.pptx\">Presentation1-2<\/a><a href=\"https:\/\/icaseonline.net\/sarenur\/wp-content\/uploads\/2022\/10\/Presentation1-2.pptx\" class=\"wp-block-file__button\" download aria-describedby=\"wp-block-file--media-7c08a25b-9f1d-4a78-9d90-b3b673ce35d4\">Download<\/a><\/div>\n","protected":false},"excerpt":{"rendered":"<p>Dersin Amac\u0131: Bu y\u00fcksek lisans dersi fen ve teknoloji e\u011fitiminde modern \u00f6\u011fretim ve \u00f6\u011frenme teori ve modellerini kullanarak bilgi ve ileti\u015fim teknolojileri ile desteklendirilmi\u015f \u00f6\u011fretim materyalleri geli\u015ftirmeyi ve uygulamay\u0131 hedeflemektedir. Dersin \u00d6\u011frenme Kazan\u0131mlar\u0131: 1. Bilgi ve ileti\u015fim teknolojileri tabanl\u0131 uygulamalar\u0131 kullanarak \u00f6\u011fretim materyalleri geli\u015ftirme 2. B\u0130T tabanl\u0131 \u00f6\u011fretim materyallerini ilk\u00f6\u011fretim fen e\u011fitimine uygulayabilme 3. \u00d6\u011fretim &#8230; <a title=\"1. Hafta\" class=\"read-more\" href=\"https:\/\/icaseonline.net\/sarenur\/haftalar\/1-hafta\/\" aria-label=\"More on 1. Hafta\">Read more<\/a><\/p>\n","protected":false},"author":1,"featured_media":0,"parent":7,"menu_order":0,"comment_status":"closed","ping_status":"closed","template":"","meta":{"om_disable_all_campaigns":false,"_exactmetrics_skip_tracking":false,"_exactmetrics_sitenote_active":false,"_exactmetrics_sitenote_note":"","_exactmetrics_sitenote_category":0,"_monsterinsights_skip_tracking":false,"_monsterinsights_sitenote_active":false,"_monsterinsights_sitenote_note":"","_monsterinsights_sitenote_category":0,"footnotes":""},"class_list":["post-36","page","type-page","status-publish"],"yoast_head":"<!-- This site is optimized with the Yoast SEO plugin v27.2 - https:\/\/yoast.com\/product\/yoast-seo-wordpress\/ -->\n<title>1. Hafta - Sarenur Kaya<\/title>\n<meta name=\"robots\" content=\"index, follow, max-snippet:-1, max-image-preview:large, max-video-preview:-1\" \/>\n<link rel=\"canonical\" href=\"https:\/\/icaseonline.net\/sarenur\/haftalar\/1-hafta\/\" \/>\n<meta property=\"og:locale\" content=\"en_US\" \/>\n<meta property=\"og:type\" content=\"article\" \/>\n<meta property=\"og:title\" content=\"1. Hafta - Sarenur Kaya\" \/>\n<meta property=\"og:description\" content=\"Dersin Amac\u0131: Bu y\u00fcksek lisans dersi fen ve teknoloji e\u011fitiminde modern \u00f6\u011fretim ve \u00f6\u011frenme teori ve modellerini kullanarak bilgi ve ileti\u015fim teknolojileri ile desteklendirilmi\u015f \u00f6\u011fretim materyalleri geli\u015ftirmeyi ve uygulamay\u0131 hedeflemektedir. Dersin \u00d6\u011frenme Kazan\u0131mlar\u0131: 1. Bilgi ve ileti\u015fim teknolojileri tabanl\u0131 uygulamalar\u0131 kullanarak \u00f6\u011fretim materyalleri geli\u015ftirme 2. B\u0130T tabanl\u0131 \u00f6\u011fretim materyallerini ilk\u00f6\u011fretim fen e\u011fitimine uygulayabilme 3. \u00d6\u011fretim ... Read more\" \/>\n<meta property=\"og:url\" content=\"https:\/\/icaseonline.net\/sarenur\/haftalar\/1-hafta\/\" \/>\n<meta property=\"og:site_name\" content=\"Sarenur Kaya\" \/>\n<meta property=\"article:modified_time\" content=\"2022-10-17T08:01:16+00:00\" \/>\n<meta property=\"og:image\" content=\"https:\/\/icaseonline.net\/sarenur\/wp-content\/uploads\/2022\/10\/laptop-akilli-telefon-tablet.jpg\" \/>\n<meta name=\"twitter:card\" content=\"summary_large_image\" \/>\n<meta name=\"twitter:label1\" content=\"Est. reading time\" \/>\n\t<meta name=\"twitter:data1\" content=\"1 minute\" \/>\n<script type=\"application\/ld+json\" class=\"yoast-schema-graph\">{\"@context\":\"https:\/\/schema.org\",\"@graph\":[{\"@type\":\"WebPage\",\"@id\":\"https:\/\/icaseonline.net\/sarenur\/haftalar\/1-hafta\/\",\"url\":\"https:\/\/icaseonline.net\/sarenur\/haftalar\/1-hafta\/\",\"name\":\"1. Hafta - Sarenur Kaya\",\"isPartOf\":{\"@id\":\"https:\/\/icaseonline.net\/sarenur\/#website\"},\"primaryImageOfPage\":{\"@id\":\"https:\/\/icaseonline.net\/sarenur\/haftalar\/1-hafta\/#primaryimage\"},\"image\":{\"@id\":\"https:\/\/icaseonline.net\/sarenur\/haftalar\/1-hafta\/#primaryimage\"},\"thumbnailUrl\":\"https:\/\/icaseonline.net\/sarenur\/wp-content\/uploads\/2022\/10\/laptop-akilli-telefon-tablet.jpg\",\"datePublished\":\"2022-10-10T11:23:05+00:00\",\"dateModified\":\"2022-10-17T08:01:16+00:00\",\"breadcrumb\":{\"@id\":\"https:\/\/icaseonline.net\/sarenur\/haftalar\/1-hafta\/#breadcrumb\"},\"inLanguage\":\"en-US\",\"potentialAction\":[{\"@type\":\"ReadAction\",\"target\":[\"https:\/\/icaseonline.net\/sarenur\/haftalar\/1-hafta\/\"]}]},{\"@type\":\"ImageObject\",\"inLanguage\":\"en-US\",\"@id\":\"https:\/\/icaseonline.net\/sarenur\/haftalar\/1-hafta\/#primaryimage\",\"url\":\"https:\/\/icaseonline.net\/sarenur\/wp-content\/uploads\/2022\/10\/laptop-akilli-telefon-tablet.jpg\",\"contentUrl\":\"https:\/\/icaseonline.net\/sarenur\/wp-content\/uploads\/2022\/10\/laptop-akilli-telefon-tablet.jpg\",\"width\":660,\"height\":330},{\"@type\":\"BreadcrumbList\",\"@id\":\"https:\/\/icaseonline.net\/sarenur\/haftalar\/1-hafta\/#breadcrumb\",\"itemListElement\":[{\"@type\":\"ListItem\",\"position\":1,\"name\":\"Home\",\"item\":\"https:\/\/icaseonline.net\/sarenur\/\"},{\"@type\":\"ListItem\",\"position\":2,\"name\":\"Haftalar\",\"item\":\"https:\/\/icaseonline.net\/sarenur\/haftalar\/\"},{\"@type\":\"ListItem\",\"position\":3,\"name\":\"1. Hafta\"}]},{\"@type\":\"WebSite\",\"@id\":\"https:\/\/icaseonline.net\/sarenur\/#website\",\"url\":\"https:\/\/icaseonline.net\/sarenur\/\",\"name\":\"Sarenur Kaya\",\"description\":\"BIT\",\"potentialAction\":[{\"@type\":\"SearchAction\",\"target\":{\"@type\":\"EntryPoint\",\"urlTemplate\":\"https:\/\/icaseonline.net\/sarenur\/?s={search_term_string}\"},\"query-input\":{\"@type\":\"PropertyValueSpecification\",\"valueRequired\":true,\"valueName\":\"search_term_string\"}}],\"inLanguage\":\"en-US\"}]}<\/script>\n<!-- \/ Yoast SEO plugin. -->","yoast_head_json":{"title":"1. Hafta - Sarenur Kaya","robots":{"index":"index","follow":"follow","max-snippet":"max-snippet:-1","max-image-preview":"max-image-preview:large","max-video-preview":"max-video-preview:-1"},"canonical":"https:\/\/icaseonline.net\/sarenur\/haftalar\/1-hafta\/","og_locale":"en_US","og_type":"article","og_title":"1. Hafta - Sarenur Kaya","og_description":"Dersin Amac\u0131: Bu y\u00fcksek lisans dersi fen ve teknoloji e\u011fitiminde modern \u00f6\u011fretim ve \u00f6\u011frenme teori ve modellerini kullanarak bilgi ve ileti\u015fim teknolojileri ile desteklendirilmi\u015f \u00f6\u011fretim materyalleri geli\u015ftirmeyi ve uygulamay\u0131 hedeflemektedir. Dersin \u00d6\u011frenme Kazan\u0131mlar\u0131: 1. Bilgi ve ileti\u015fim teknolojileri tabanl\u0131 uygulamalar\u0131 kullanarak \u00f6\u011fretim materyalleri geli\u015ftirme 2. B\u0130T tabanl\u0131 \u00f6\u011fretim materyallerini ilk\u00f6\u011fretim fen e\u011fitimine uygulayabilme 3. \u00d6\u011fretim ... Read more","og_url":"https:\/\/icaseonline.net\/sarenur\/haftalar\/1-hafta\/","og_site_name":"Sarenur Kaya","article_modified_time":"2022-10-17T08:01:16+00:00","og_image":[{"url":"https:\/\/icaseonline.net\/sarenur\/wp-content\/uploads\/2022\/10\/laptop-akilli-telefon-tablet.jpg","type":"","width":"","height":""}],"twitter_card":"summary_large_image","twitter_misc":{"Est. reading time":"1 minute"},"schema":{"@context":"https:\/\/schema.org","@graph":[{"@type":"WebPage","@id":"https:\/\/icaseonline.net\/sarenur\/haftalar\/1-hafta\/","url":"https:\/\/icaseonline.net\/sarenur\/haftalar\/1-hafta\/","name":"1. Hafta - Sarenur Kaya","isPartOf":{"@id":"https:\/\/icaseonline.net\/sarenur\/#website"},"primaryImageOfPage":{"@id":"https:\/\/icaseonline.net\/sarenur\/haftalar\/1-hafta\/#primaryimage"},"image":{"@id":"https:\/\/icaseonline.net\/sarenur\/haftalar\/1-hafta\/#primaryimage"},"thumbnailUrl":"https:\/\/icaseonline.net\/sarenur\/wp-content\/uploads\/2022\/10\/laptop-akilli-telefon-tablet.jpg","datePublished":"2022-10-10T11:23:05+00:00","dateModified":"2022-10-17T08:01:16+00:00","breadcrumb":{"@id":"https:\/\/icaseonline.net\/sarenur\/haftalar\/1-hafta\/#breadcrumb"},"inLanguage":"en-US","potentialAction":[{"@type":"ReadAction","target":["https:\/\/icaseonline.net\/sarenur\/haftalar\/1-hafta\/"]}]},{"@type":"ImageObject","inLanguage":"en-US","@id":"https:\/\/icaseonline.net\/sarenur\/haftalar\/1-hafta\/#primaryimage","url":"https:\/\/icaseonline.net\/sarenur\/wp-content\/uploads\/2022\/10\/laptop-akilli-telefon-tablet.jpg","contentUrl":"https:\/\/icaseonline.net\/sarenur\/wp-content\/uploads\/2022\/10\/laptop-akilli-telefon-tablet.jpg","width":660,"height":330},{"@type":"BreadcrumbList","@id":"https:\/\/icaseonline.net\/sarenur\/haftalar\/1-hafta\/#breadcrumb","itemListElement":[{"@type":"ListItem","position":1,"name":"Home","item":"https:\/\/icaseonline.net\/sarenur\/"},{"@type":"ListItem","position":2,"name":"Haftalar","item":"https:\/\/icaseonline.net\/sarenur\/haftalar\/"},{"@type":"ListItem","position":3,"name":"1. Hafta"}]},{"@type":"WebSite","@id":"https:\/\/icaseonline.net\/sarenur\/#website","url":"https:\/\/icaseonline.net\/sarenur\/","name":"Sarenur Kaya","description":"BIT","potentialAction":[{"@type":"SearchAction","target":{"@type":"EntryPoint","urlTemplate":"https:\/\/icaseonline.net\/sarenur\/?s={search_term_string}"},"query-input":{"@type":"PropertyValueSpecification","valueRequired":true,"valueName":"search_term_string"}}],"inLanguage":"en-US"}]}},"jetpack_sharing_enabled":true,"_links":{"self":[{"href":"https:\/\/icaseonline.net\/sarenur\/wp-json\/wp\/v2\/pages\/36","targetHints":{"allow":["GET"]}}],"collection":[{"href":"https:\/\/icaseonline.net\/sarenur\/wp-json\/wp\/v2\/pages"}],"about":[{"href":"https:\/\/icaseonline.net\/sarenur\/wp-json\/wp\/v2\/types\/page"}],"author":[{"embeddable":true,"href":"https:\/\/icaseonline.net\/sarenur\/wp-json\/wp\/v2\/users\/1"}],"replies":[{"embeddable":true,"href":"https:\/\/icaseonline.net\/sarenur\/wp-json\/wp\/v2\/comments?post=36"}],"version-history":[{"count":4,"href":"https:\/\/icaseonline.net\/sarenur\/wp-json\/wp\/v2\/pages\/36\/revisions"}],"predecessor-version":[{"id":50,"href":"https:\/\/icaseonline.net\/sarenur\/wp-json\/wp\/v2\/pages\/36\/revisions\/50"}],"up":[{"embeddable":true,"href":"https:\/\/icaseonline.net\/sarenur\/wp-json\/wp\/v2\/pages\/7"}],"wp:attachment":[{"href":"https:\/\/icaseonline.net\/sarenur\/wp-json\/wp\/v2\/media?parent=36"}],"curies":[{"name":"wp","href":"https:\/\/api.w.org\/{rel}","templated":true}]}}