{"id":2,"date":"2022-10-09T17:11:36","date_gmt":"2022-10-09T17:11:36","guid":{"rendered":"http:\/\/host2010\/cgi\/addon_GT.cgi?s=GT::WP::Install::EIG+%28icaseonl%29+-+10.0.87.67+%5BWordpress%3b+\/var\/hp\/common\/lib\/Wordpress.pm%3b+588%3b+Hosting::gap_call%5D\/?page_id=2"},"modified":"2022-10-10T10:35:24","modified_gmt":"2022-10-10T10:35:24","slug":"sample-page","status":"publish","type":"page","link":"https:\/\/icaseonline.net\/sarenur\/sample-page\/","title":{"rendered":"Ders \u0130\u00e7eri\u011fi"},"content":{"rendered":"\n<ol class=\"wp-block-list\" type=\"1\"><li>Hafta: Bilgi ve \u0130leti\u015fim Teknolojileri destekli ilk\u00f6\u011fretim fen \u00f6\u011fretimine giri\u015f<\/li><li>Hafta: Uzaktan e\u011fitim i\u00e7in web sayfas\u0131 tasar\u0131m\u0131 teorik \u00e7er\u00e7eve<\/li><li>Hafta: Uzaktan e\u011fitim i\u00e7in web sayfas\u0131 tasar\u0131m\u0131 programlama<\/li><li>Hafta: Uzaktan e\u011fitim i\u00e7in web sayfas\u0131 tasar\u0131m\u0131 \u0130lk\u00f6\u011fretim fen e\u011fitiminde uygulamalar<\/li><li>Hafta: Lego Mindstorms NXT 2.0 \u2013 Giri\u015f<\/li><li>Hafta: Lego Mindstorms NXT 2.0 Robot programlama<\/li><li>Hafta: Lego Mindstorms NXT 2.0 \u0130lk\u00f6\u011fretim fen e\u011fitiminde uygulamalar<\/li><li>Hafta: Ara S\u0131nav<\/li><li>Hafta: \u0130lk\u00f6\u011fretim fen e\u011fitiminde elektronik kitap tasar\u0131m\u0131<\/li><li>Hafta: \u0130lk\u00f6\u011fretim fen \u00f6\u011fretim materyallerinin dijitalle\u015ftirilmesi<\/li><li>Hafta: Sanal laboratuar deneyleri Fizik, Kimya<\/li><li>Hafta: Sanal laboratuar deneyleri Biyoloji, Astronomi<\/li><li>Hafta: \u0130lk\u00f6\u011fretim fen e\u011fitiminde kavram haritalama ve zihin haritalama uygulamalar\u0131<\/li><li>Hafta: Video tasar\u0131m programlar\u0131<\/li><li>Hafta: Yar\u0131y\u0131l Sonu S\u0131nav\u0131<\/li><\/ol>\n","protected":false},"excerpt":{"rendered":"<p>Hafta: Bilgi ve \u0130leti\u015fim Teknolojileri destekli ilk\u00f6\u011fretim fen \u00f6\u011fretimine giri\u015f Hafta: Uzaktan e\u011fitim i\u00e7in web sayfas\u0131 tasar\u0131m\u0131 teorik \u00e7er\u00e7eve Hafta: Uzaktan e\u011fitim i\u00e7in web sayfas\u0131 tasar\u0131m\u0131 programlama Hafta: Uzaktan e\u011fitim i\u00e7in web sayfas\u0131 tasar\u0131m\u0131 \u0130lk\u00f6\u011fretim fen e\u011fitiminde uygulamalar Hafta: Lego Mindstorms NXT 2.0 \u2013 Giri\u015f Hafta: Lego Mindstorms NXT 2.0 Robot programlama Hafta: Lego Mindstorms &#8230; <a title=\"Ders \u0130\u00e7eri\u011fi\" class=\"read-more\" href=\"https:\/\/icaseonline.net\/sarenur\/sample-page\/\" aria-label=\"More on Ders \u0130\u00e7eri\u011fi\">Read more<\/a><\/p>\n","protected":false},"author":1,"featured_media":0,"parent":0,"menu_order":0,"comment_status":"closed","ping_status":"closed","template":"","meta":{"om_disable_all_campaigns":false,"_exactmetrics_skip_tracking":false,"_exactmetrics_sitenote_active":false,"_exactmetrics_sitenote_note":"","_exactmetrics_sitenote_category":0,"_monsterinsights_skip_tracking":false,"_monsterinsights_sitenote_active":false,"_monsterinsights_sitenote_note":"","_monsterinsights_sitenote_category":0,"footnotes":""},"class_list":["post-2","page","type-page","status-publish"],"yoast_head":"<!-- This site is optimized with the Yoast SEO plugin v27.2 - https:\/\/yoast.com\/product\/yoast-seo-wordpress\/ -->\n<title>Ders \u0130\u00e7eri\u011fi - Sarenur Kaya<\/title>\n<meta name=\"robots\" content=\"index, follow, max-snippet:-1, max-image-preview:large, max-video-preview:-1\" \/>\n<link rel=\"canonical\" href=\"https:\/\/icaseonline.net\/sarenur\/sample-page\/\" \/>\n<meta property=\"og:locale\" content=\"en_US\" \/>\n<meta property=\"og:type\" content=\"article\" \/>\n<meta property=\"og:title\" content=\"Ders \u0130\u00e7eri\u011fi - Sarenur Kaya\" \/>\n<meta property=\"og:description\" content=\"Hafta: Bilgi ve \u0130leti\u015fim Teknolojileri destekli ilk\u00f6\u011fretim fen \u00f6\u011fretimine giri\u015f Hafta: Uzaktan e\u011fitim i\u00e7in web sayfas\u0131 tasar\u0131m\u0131 teorik \u00e7er\u00e7eve Hafta: Uzaktan e\u011fitim i\u00e7in web sayfas\u0131 tasar\u0131m\u0131 programlama Hafta: Uzaktan e\u011fitim i\u00e7in web sayfas\u0131 tasar\u0131m\u0131 \u0130lk\u00f6\u011fretim fen e\u011fitiminde uygulamalar Hafta: Lego Mindstorms NXT 2.0 \u2013 Giri\u015f Hafta: Lego Mindstorms NXT 2.0 Robot programlama Hafta: Lego Mindstorms ... Read more\" \/>\n<meta property=\"og:url\" content=\"https:\/\/icaseonline.net\/sarenur\/sample-page\/\" \/>\n<meta property=\"og:site_name\" content=\"Sarenur Kaya\" \/>\n<meta property=\"article:modified_time\" content=\"2022-10-10T10:35:24+00:00\" \/>\n<meta name=\"twitter:card\" content=\"summary_large_image\" \/>\n<meta name=\"twitter:label1\" content=\"Est. reading time\" \/>\n\t<meta name=\"twitter:data1\" content=\"1 minute\" \/>\n<script type=\"application\/ld+json\" class=\"yoast-schema-graph\">{\"@context\":\"https:\/\/schema.org\",\"@graph\":[{\"@type\":\"WebPage\",\"@id\":\"https:\/\/icaseonline.net\/sarenur\/sample-page\/\",\"url\":\"https:\/\/icaseonline.net\/sarenur\/sample-page\/\",\"name\":\"Ders \u0130\u00e7eri\u011fi - Sarenur Kaya\",\"isPartOf\":{\"@id\":\"https:\/\/icaseonline.net\/sarenur\/#website\"},\"datePublished\":\"2022-10-09T17:11:36+00:00\",\"dateModified\":\"2022-10-10T10:35:24+00:00\",\"breadcrumb\":{\"@id\":\"https:\/\/icaseonline.net\/sarenur\/sample-page\/#breadcrumb\"},\"inLanguage\":\"en-US\",\"potentialAction\":[{\"@type\":\"ReadAction\",\"target\":[\"https:\/\/icaseonline.net\/sarenur\/sample-page\/\"]}]},{\"@type\":\"BreadcrumbList\",\"@id\":\"https:\/\/icaseonline.net\/sarenur\/sample-page\/#breadcrumb\",\"itemListElement\":[{\"@type\":\"ListItem\",\"position\":1,\"name\":\"Home\",\"item\":\"https:\/\/icaseonline.net\/sarenur\/\"},{\"@type\":\"ListItem\",\"position\":2,\"name\":\"Ders \u0130\u00e7eri\u011fi\"}]},{\"@type\":\"WebSite\",\"@id\":\"https:\/\/icaseonline.net\/sarenur\/#website\",\"url\":\"https:\/\/icaseonline.net\/sarenur\/\",\"name\":\"Sarenur Kaya\",\"description\":\"BIT\",\"potentialAction\":[{\"@type\":\"SearchAction\",\"target\":{\"@type\":\"EntryPoint\",\"urlTemplate\":\"https:\/\/icaseonline.net\/sarenur\/?s={search_term_string}\"},\"query-input\":{\"@type\":\"PropertyValueSpecification\",\"valueRequired\":true,\"valueName\":\"search_term_string\"}}],\"inLanguage\":\"en-US\"}]}<\/script>\n<!-- \/ Yoast SEO plugin. -->","yoast_head_json":{"title":"Ders \u0130\u00e7eri\u011fi - Sarenur Kaya","robots":{"index":"index","follow":"follow","max-snippet":"max-snippet:-1","max-image-preview":"max-image-preview:large","max-video-preview":"max-video-preview:-1"},"canonical":"https:\/\/icaseonline.net\/sarenur\/sample-page\/","og_locale":"en_US","og_type":"article","og_title":"Ders \u0130\u00e7eri\u011fi - Sarenur Kaya","og_description":"Hafta: Bilgi ve \u0130leti\u015fim Teknolojileri destekli ilk\u00f6\u011fretim fen \u00f6\u011fretimine giri\u015f Hafta: Uzaktan e\u011fitim i\u00e7in web sayfas\u0131 tasar\u0131m\u0131 teorik \u00e7er\u00e7eve Hafta: Uzaktan e\u011fitim i\u00e7in web sayfas\u0131 tasar\u0131m\u0131 programlama Hafta: Uzaktan e\u011fitim i\u00e7in web sayfas\u0131 tasar\u0131m\u0131 \u0130lk\u00f6\u011fretim fen e\u011fitiminde uygulamalar Hafta: Lego Mindstorms NXT 2.0 \u2013 Giri\u015f Hafta: Lego Mindstorms NXT 2.0 Robot programlama Hafta: Lego Mindstorms ... Read more","og_url":"https:\/\/icaseonline.net\/sarenur\/sample-page\/","og_site_name":"Sarenur Kaya","article_modified_time":"2022-10-10T10:35:24+00:00","twitter_card":"summary_large_image","twitter_misc":{"Est. reading time":"1 minute"},"schema":{"@context":"https:\/\/schema.org","@graph":[{"@type":"WebPage","@id":"https:\/\/icaseonline.net\/sarenur\/sample-page\/","url":"https:\/\/icaseonline.net\/sarenur\/sample-page\/","name":"Ders \u0130\u00e7eri\u011fi - Sarenur Kaya","isPartOf":{"@id":"https:\/\/icaseonline.net\/sarenur\/#website"},"datePublished":"2022-10-09T17:11:36+00:00","dateModified":"2022-10-10T10:35:24+00:00","breadcrumb":{"@id":"https:\/\/icaseonline.net\/sarenur\/sample-page\/#breadcrumb"},"inLanguage":"en-US","potentialAction":[{"@type":"ReadAction","target":["https:\/\/icaseonline.net\/sarenur\/sample-page\/"]}]},{"@type":"BreadcrumbList","@id":"https:\/\/icaseonline.net\/sarenur\/sample-page\/#breadcrumb","itemListElement":[{"@type":"ListItem","position":1,"name":"Home","item":"https:\/\/icaseonline.net\/sarenur\/"},{"@type":"ListItem","position":2,"name":"Ders \u0130\u00e7eri\u011fi"}]},{"@type":"WebSite","@id":"https:\/\/icaseonline.net\/sarenur\/#website","url":"https:\/\/icaseonline.net\/sarenur\/","name":"Sarenur Kaya","description":"BIT","potentialAction":[{"@type":"SearchAction","target":{"@type":"EntryPoint","urlTemplate":"https:\/\/icaseonline.net\/sarenur\/?s={search_term_string}"},"query-input":{"@type":"PropertyValueSpecification","valueRequired":true,"valueName":"search_term_string"}}],"inLanguage":"en-US"}]}},"jetpack_sharing_enabled":true,"_links":{"self":[{"href":"https:\/\/icaseonline.net\/sarenur\/wp-json\/wp\/v2\/pages\/2","targetHints":{"allow":["GET"]}}],"collection":[{"href":"https:\/\/icaseonline.net\/sarenur\/wp-json\/wp\/v2\/pages"}],"about":[{"href":"https:\/\/icaseonline.net\/sarenur\/wp-json\/wp\/v2\/types\/page"}],"author":[{"embeddable":true,"href":"https:\/\/icaseonline.net\/sarenur\/wp-json\/wp\/v2\/users\/1"}],"replies":[{"embeddable":true,"href":"https:\/\/icaseonline.net\/sarenur\/wp-json\/wp\/v2\/comments?post=2"}],"version-history":[{"count":1,"href":"https:\/\/icaseonline.net\/sarenur\/wp-json\/wp\/v2\/pages\/2\/revisions"}],"predecessor-version":[{"id":6,"href":"https:\/\/icaseonline.net\/sarenur\/wp-json\/wp\/v2\/pages\/2\/revisions\/6"}],"wp:attachment":[{"href":"https:\/\/icaseonline.net\/sarenur\/wp-json\/wp\/v2\/media?parent=2"}],"curies":[{"name":"wp","href":"https:\/\/api.w.org\/{rel}","templated":true}]}}