{"id":46,"date":"2025-06-12T22:46:14","date_gmt":"2025-06-12T22:46:14","guid":{"rendered":"https:\/\/icaseonline.net\/icase2026\/?page_id=46"},"modified":"2025-09-16T09:31:12","modified_gmt":"2025-09-16T09:31:12","slug":"committees","status":"publish","type":"page","link":"https:\/\/icaseonline.net\/icase2026\/committees\/","title":{"rendered":"Committees"},"content":{"rendered":"\n<p class=\"\"><strong>International Advisory Board<\/strong><\/p>\n\n\n\n<p class=\"\">Dr Declan Kennedy<\/p>\n\n\n\n<p class=\"\">Dr Cesar Mora<\/p>\n\n\n\n<p class=\"\">Dr BaoHui Zhang<\/p>\n\n\n\n<p class=\"\">Dr Teresa Kennedy<\/p>\n\n\n\n<p class=\"\">Dr Mary Mullaghy<\/p>\n\n\n\n<p class=\"\"><\/p>\n\n\n\n<p class=\"\"><strong>Local Organising Committee<\/strong><br>Declan Kennedy, Rosemarie Ferriter, Se\u00e1n Finn, Se\u00e1n Fogarty, Ryan Gallagher, Rory Geogehgan, Jack Hickey, Sine\u00e1d Hurley, Jakub Janiszewski, Humphrey Jones, David Keenahan, Ken Keohane, Eoghan Long, Geraldine McCarthy, Mary Mullaghy, Stephen Murphy, Robert Nolan, Paul Nugent, David O&#8217;Brien, John O&#8217;Donoghue, Aodhagan O&#8217;Sullivan, Cian O&#8217;Mahony, Brian Smyth, Siobh\u00e1n Sweeney.<\/p>\n\n\n\n<figure class=\"wp-block-table\"><table class=\"has-fixed-layout\"><tbody><tr><td colspan=\"2\"><\/td><\/tr><\/tbody><\/table><\/figure>\n\n\n\n<p class=\"\"><\/p>\n","protected":false},"excerpt":{"rendered":"<p>International Advisory Board Dr Declan Kennedy Dr Cesar Mora Dr BaoHui Zhang Dr Teresa Kennedy Dr Mary Mullaghy Local Organising CommitteeDeclan Kennedy, Rosemarie Ferriter, Se\u00e1n Finn, Se\u00e1n Fogarty, Ryan Gallagher, Rory Geogehgan, Jack Hickey, Sine\u00e1d Hurley, Jakub Janiszewski, Humphrey Jones, David Keenahan, Ken Keohane, Eoghan Long, Geraldine McCarthy, Mary Mullaghy, [&hellip;]<\/p>\n","protected":false},"author":1,"featured_media":0,"parent":0,"menu_order":0,"comment_status":"closed","ping_status":"closed","template":"","meta":{"nf_dc_page":"","om_disable_all_campaigns":false,"_monsterinsights_skip_tracking":false,"_monsterinsights_sitenote_active":false,"_monsterinsights_sitenote_note":"","_monsterinsights_sitenote_category":0,"_themeisle_gutenberg_block_has_review":false,"footnotes":""},"class_list":["post-46","page","type-page","status-publish","hentry"],"yoast_head":"<!-- This site is optimized with the Yoast SEO plugin v27.3 - https:\/\/yoast.com\/product\/yoast-seo-wordpress\/ -->\n<title>Committees -<\/title>\n<meta name=\"robots\" content=\"index, follow, max-snippet:-1, max-image-preview:large, max-video-preview:-1\" \/>\n<link rel=\"canonical\" href=\"https:\/\/icaseonline.net\/icase2026\/committees\/\" \/>\n<meta property=\"og:locale\" content=\"en_US\" \/>\n<meta property=\"og:type\" content=\"article\" \/>\n<meta property=\"og:title\" content=\"Committees -\" \/>\n<meta property=\"og:description\" content=\"International Advisory Board Dr Declan Kennedy Dr Cesar Mora Dr BaoHui Zhang Dr Teresa Kennedy Dr Mary Mullaghy Local Organising CommitteeDeclan Kennedy, Rosemarie Ferriter, Se\u00e1n Finn, Se\u00e1n Fogarty, Ryan Gallagher, Rory Geogehgan, Jack Hickey, Sine\u00e1d Hurley, Jakub Janiszewski, Humphrey Jones, David Keenahan, Ken Keohane, Eoghan Long, Geraldine McCarthy, Mary Mullaghy, [&hellip;]\" \/>\n<meta property=\"og:url\" content=\"https:\/\/icaseonline.net\/icase2026\/committees\/\" \/>\n<meta property=\"article:modified_time\" content=\"2025-09-16T09:31:12+00:00\" \/>\n<meta name=\"twitter:card\" content=\"summary_large_image\" \/>\n<meta name=\"twitter:label1\" content=\"Est. reading time\" \/>\n\t<meta name=\"twitter:data1\" content=\"1 minute\" \/>\n<script type=\"application\/ld+json\" class=\"yoast-schema-graph\">{\"@context\":\"https:\\\/\\\/schema.org\",\"@graph\":[{\"@type\":\"WebPage\",\"@id\":\"https:\\\/\\\/icaseonline.net\\\/icase2026\\\/committees\\\/\",\"url\":\"https:\\\/\\\/icaseonline.net\\\/icase2026\\\/committees\\\/\",\"name\":\"Committees -\",\"isPartOf\":{\"@id\":\"https:\\\/\\\/icaseonline.net\\\/icase2026\\\/#website\"},\"datePublished\":\"2025-06-12T22:46:14+00:00\",\"dateModified\":\"2025-09-16T09:31:12+00:00\",\"breadcrumb\":{\"@id\":\"https:\\\/\\\/icaseonline.net\\\/icase2026\\\/committees\\\/#breadcrumb\"},\"inLanguage\":\"en-US\",\"potentialAction\":[{\"@type\":\"ReadAction\",\"target\":[\"https:\\\/\\\/icaseonline.net\\\/icase2026\\\/committees\\\/\"]}]},{\"@type\":\"BreadcrumbList\",\"@id\":\"https:\\\/\\\/icaseonline.net\\\/icase2026\\\/committees\\\/#breadcrumb\",\"itemListElement\":[{\"@type\":\"ListItem\",\"position\":1,\"name\":\"Home\",\"item\":\"https:\\\/\\\/icaseonline.net\\\/icase2026\\\/\"},{\"@type\":\"ListItem\",\"position\":2,\"name\":\"Committees\"}]},{\"@type\":\"WebSite\",\"@id\":\"https:\\\/\\\/icaseonline.net\\\/icase2026\\\/#website\",\"url\":\"https:\\\/\\\/icaseonline.net\\\/icase2026\\\/\",\"name\":\"\",\"description\":\"\",\"potentialAction\":[{\"@type\":\"SearchAction\",\"target\":{\"@type\":\"EntryPoint\",\"urlTemplate\":\"https:\\\/\\\/icaseonline.net\\\/icase2026\\\/?s={search_term_string}\"},\"query-input\":{\"@type\":\"PropertyValueSpecification\",\"valueRequired\":true,\"valueName\":\"search_term_string\"}}],\"inLanguage\":\"en-US\"}]}<\/script>\n<!-- \/ Yoast SEO plugin. -->","yoast_head_json":{"title":"Committees -","robots":{"index":"index","follow":"follow","max-snippet":"max-snippet:-1","max-image-preview":"max-image-preview:large","max-video-preview":"max-video-preview:-1"},"canonical":"https:\/\/icaseonline.net\/icase2026\/committees\/","og_locale":"en_US","og_type":"article","og_title":"Committees -","og_description":"International Advisory Board Dr Declan Kennedy Dr Cesar Mora Dr BaoHui Zhang Dr Teresa Kennedy Dr Mary Mullaghy Local Organising CommitteeDeclan Kennedy, Rosemarie Ferriter, Se\u00e1n Finn, Se\u00e1n Fogarty, Ryan Gallagher, Rory Geogehgan, Jack Hickey, Sine\u00e1d Hurley, Jakub Janiszewski, Humphrey Jones, David Keenahan, Ken Keohane, Eoghan Long, Geraldine McCarthy, Mary Mullaghy, [&hellip;]","og_url":"https:\/\/icaseonline.net\/icase2026\/committees\/","article_modified_time":"2025-09-16T09:31:12+00:00","twitter_card":"summary_large_image","twitter_misc":{"Est. reading time":"1 minute"},"schema":{"@context":"https:\/\/schema.org","@graph":[{"@type":"WebPage","@id":"https:\/\/icaseonline.net\/icase2026\/committees\/","url":"https:\/\/icaseonline.net\/icase2026\/committees\/","name":"Committees -","isPartOf":{"@id":"https:\/\/icaseonline.net\/icase2026\/#website"},"datePublished":"2025-06-12T22:46:14+00:00","dateModified":"2025-09-16T09:31:12+00:00","breadcrumb":{"@id":"https:\/\/icaseonline.net\/icase2026\/committees\/#breadcrumb"},"inLanguage":"en-US","potentialAction":[{"@type":"ReadAction","target":["https:\/\/icaseonline.net\/icase2026\/committees\/"]}]},{"@type":"BreadcrumbList","@id":"https:\/\/icaseonline.net\/icase2026\/committees\/#breadcrumb","itemListElement":[{"@type":"ListItem","position":1,"name":"Home","item":"https:\/\/icaseonline.net\/icase2026\/"},{"@type":"ListItem","position":2,"name":"Committees"}]},{"@type":"WebSite","@id":"https:\/\/icaseonline.net\/icase2026\/#website","url":"https:\/\/icaseonline.net\/icase2026\/","name":"","description":"","potentialAction":[{"@type":"SearchAction","target":{"@type":"EntryPoint","urlTemplate":"https:\/\/icaseonline.net\/icase2026\/?s={search_term_string}"},"query-input":{"@type":"PropertyValueSpecification","valueRequired":true,"valueName":"search_term_string"}}],"inLanguage":"en-US"}]}},"jetpack_sharing_enabled":true,"_links":{"self":[{"href":"https:\/\/icaseonline.net\/icase2026\/wp-json\/wp\/v2\/pages\/46","targetHints":{"allow":["GET"]}}],"collection":[{"href":"https:\/\/icaseonline.net\/icase2026\/wp-json\/wp\/v2\/pages"}],"about":[{"href":"https:\/\/icaseonline.net\/icase2026\/wp-json\/wp\/v2\/types\/page"}],"author":[{"embeddable":true,"href":"https:\/\/icaseonline.net\/icase2026\/wp-json\/wp\/v2\/users\/1"}],"replies":[{"embeddable":true,"href":"https:\/\/icaseonline.net\/icase2026\/wp-json\/wp\/v2\/comments?post=46"}],"version-history":[{"count":10,"href":"https:\/\/icaseonline.net\/icase2026\/wp-json\/wp\/v2\/pages\/46\/revisions"}],"predecessor-version":[{"id":247,"href":"https:\/\/icaseonline.net\/icase2026\/wp-json\/wp\/v2\/pages\/46\/revisions\/247"}],"wp:attachment":[{"href":"https:\/\/icaseonline.net\/icase2026\/wp-json\/wp\/v2\/media?parent=46"}],"curies":[{"name":"wp","href":"https:\/\/api.w.org\/{rel}","templated":true}]}}