{"id":99,"date":"2022-10-12T17:44:10","date_gmt":"2022-10-12T17:44:10","guid":{"rendered":"https:\/\/icaseonline.net\/emine\/?page_id=99"},"modified":"2022-10-19T19:24:35","modified_gmt":"2022-10-19T19:24:35","slug":"3-hafta","status":"publish","type":"page","link":"https:\/\/icaseonline.net\/emine\/haftalar\/3-hafta\/","title":{"rendered":"3.Hafta: WordPress bile\u015fen kullan\u0131m\u0131"},"content":{"rendered":"\n<p><strong>B\u0130LE\u015eEN KULLANIMI:<\/strong><\/p>\n\n\n\n<p>Ana sayfan\u0131za farkl\u0131 bile\u015fenleri ekleyebilmeniz i\u00e7in kontrol paneline giri\u015f yapmal\u0131s\u0131n\u0131z. Kontrol paneline ula\u015fmak i\u00e7in sitenizin URL k\u0131sm\u0131na \/admin yazmal\u0131s\u0131n\u0131z. Sol taraftaki men\u00fcden plugins b\u00f6l\u00fcm\u00fcne girmelisiniz.<\/p>\n\n\n\n<figure class=\"wp-block-image size-full is-resized\"><img loading=\"lazy\" decoding=\"async\" src=\"https:\/\/icaseonline.net\/emine\/wp-content\/uploads\/2022\/10\/1.png\" alt=\"\" class=\"wp-image-209\" width=\"404\" height=\"215\" srcset=\"https:\/\/icaseonline.net\/emine\/wp-content\/uploads\/2022\/10\/1.png 486w, https:\/\/icaseonline.net\/emine\/wp-content\/uploads\/2022\/10\/1-300x160.png 300w, https:\/\/icaseonline.net\/emine\/wp-content\/uploads\/2022\/10\/1-421x224.png 421w\" sizes=\"auto, (max-width: 404px) 100vw, 404px\" \/><\/figure>\n\n\n\n<figure class=\"wp-block-image size-full is-resized\"><img loading=\"lazy\" decoding=\"async\" src=\"https:\/\/icaseonline.net\/emine\/wp-content\/uploads\/2022\/10\/2.png\" alt=\"\" class=\"wp-image-210\" width=\"425\" height=\"226\" srcset=\"https:\/\/icaseonline.net\/emine\/wp-content\/uploads\/2022\/10\/2.png 552w, https:\/\/icaseonline.net\/emine\/wp-content\/uploads\/2022\/10\/2-300x160.png 300w, https:\/\/icaseonline.net\/emine\/wp-content\/uploads\/2022\/10\/2-421x224.png 421w\" sizes=\"auto, (max-width: 425px) 100vw, 425px\" \/><figcaption>Yeni ekle\/ add new yaz\u0131s\u0131na t\u0131klay\u0131p arama \u00e7ubu\u011funa &#8220;forminat\u00f6r&#8221; yaz\u0131p daha sonra aktive ederek bile\u015feninizi y\u00fckleyebilir ve quiz olu\u015fturabilirsiniz.<\/figcaption><\/figure>\n\n\n\n<figure class=\"wp-block-image size-full is-resized\"><img loading=\"lazy\" decoding=\"async\" src=\"https:\/\/icaseonline.net\/emine\/wp-content\/uploads\/2022\/10\/3.png\" alt=\"\" class=\"wp-image-211\" width=\"431\" height=\"194\" srcset=\"https:\/\/icaseonline.net\/emine\/wp-content\/uploads\/2022\/10\/3.png 1000w, https:\/\/icaseonline.net\/emine\/wp-content\/uploads\/2022\/10\/3-300x136.png 300w, https:\/\/icaseonline.net\/emine\/wp-content\/uploads\/2022\/10\/3-768x348.png 768w\" sizes=\"auto, (max-width: 431px) 100vw, 431px\" \/><\/figure>\n\n\n\n<figure class=\"wp-block-image size-full is-resized\"><img loading=\"lazy\" decoding=\"async\" src=\"https:\/\/icaseonline.net\/emine\/wp-content\/uploads\/2022\/10\/4-1.png\" alt=\"\" class=\"wp-image-222\" width=\"328\" height=\"170\"\/><\/figure>\n\n\n\n<figure class=\"wp-block-gallery has-nested-images columns-default is-cropped wp-block-gallery-1 is-layout-flex wp-block-gallery-is-layout-flex\"><\/figure>\n\n\n\n<figure class=\"wp-block-image size-full is-resized\"><img loading=\"lazy\" decoding=\"async\" src=\"https:\/\/icaseonline.net\/emine\/wp-content\/uploads\/2022\/10\/6-2.png\" alt=\"\" class=\"wp-image-218\" width=\"377\" height=\"196\" srcset=\"https:\/\/icaseonline.net\/emine\/wp-content\/uploads\/2022\/10\/6-2.png 591w, https:\/\/icaseonline.net\/emine\/wp-content\/uploads\/2022\/10\/6-2-300x156.png 300w, https:\/\/icaseonline.net\/emine\/wp-content\/uploads\/2022\/10\/6-2-421x219.png 421w\" sizes=\"auto, (max-width: 377px) 100vw, 377px\" \/><figcaption>Create diyip yeni bir form yaratabilirsiniz.<\/figcaption><\/figure>\n\n\n\n<figure class=\"wp-block-image size-full is-resized\"><img loading=\"lazy\" decoding=\"async\" src=\"https:\/\/icaseonline.net\/emine\/wp-content\/uploads\/2022\/10\/7.png\" alt=\"\" class=\"wp-image-219\" width=\"411\" height=\"314\" srcset=\"https:\/\/icaseonline.net\/emine\/wp-content\/uploads\/2022\/10\/7.png 568w, https:\/\/icaseonline.net\/emine\/wp-content\/uploads\/2022\/10\/7-300x229.png 300w, https:\/\/icaseonline.net\/emine\/wp-content\/uploads\/2022\/10\/7-393x300.png 393w\" sizes=\"auto, (max-width: 411px) 100vw, 411px\" \/><\/figure>\n\n\n\n<figure class=\"wp-block-image size-full is-resized\"><img loading=\"lazy\" decoding=\"async\" src=\"https:\/\/icaseonline.net\/emine\/wp-content\/uploads\/2022\/10\/8.png\" alt=\"\" class=\"wp-image-220\" width=\"430\" height=\"398\" srcset=\"https:\/\/icaseonline.net\/emine\/wp-content\/uploads\/2022\/10\/8.png 573w, https:\/\/icaseonline.net\/emine\/wp-content\/uploads\/2022\/10\/8-300x277.png 300w, https:\/\/icaseonline.net\/emine\/wp-content\/uploads\/2022\/10\/8-324x300.png 324w\" sizes=\"auto, (max-width: 430px) 100vw, 430px\" \/><figcaption>Formunuza koymak istediklerinizi tek tek se\u00e7ebilirsiniz.<\/figcaption><\/figure>\n\n\n","protected":false},"excerpt":{"rendered":"<p>B\u0130LE\u015eEN KULLANIMI: Ana sayfan\u0131za farkl\u0131 bile\u015fenleri ekleyebilmeniz i\u00e7in kontrol paneline giri\u015f yapmal\u0131s\u0131n\u0131z. Kontrol paneline ula\u015fmak i\u00e7in sitenizin URL k\u0131sm\u0131na \/admin yazmal\u0131s\u0131n\u0131z. Sol taraftaki men\u00fcden plugins &hellip;<\/p>\n","protected":false},"author":1,"featured_media":0,"parent":9,"menu_order":0,"comment_status":"closed","ping_status":"closed","template":"","meta":{"om_disable_all_campaigns":false,"_monsterinsights_skip_tracking":false,"_monsterinsights_sitenote_active":false,"_monsterinsights_sitenote_note":"","_monsterinsights_sitenote_category":0,"footnotes":""},"class_list":["post-99","page","type-page","status-publish","hentry"],"yoast_head":"<!-- This site is optimized with the Yoast SEO plugin v27.2 - https:\/\/yoast.com\/product\/yoast-seo-wordpress\/ -->\n<title>3.Hafta: Wordpress bile\u015fen kullan\u0131m\u0131 - Emine<\/title>\n<meta name=\"robots\" content=\"index, follow, max-snippet:-1, max-image-preview:large, max-video-preview:-1\" \/>\n<link rel=\"canonical\" href=\"https:\/\/icaseonline.net\/emine\/haftalar\/3-hafta\/\" \/>\n<meta property=\"og:locale\" content=\"en_US\" \/>\n<meta property=\"og:type\" content=\"article\" \/>\n<meta property=\"og:title\" content=\"3.Hafta: Wordpress bile\u015fen kullan\u0131m\u0131 - Emine\" \/>\n<meta property=\"og:description\" content=\"B\u0130LE\u015eEN KULLANIMI: Ana sayfan\u0131za farkl\u0131 bile\u015fenleri ekleyebilmeniz i\u00e7in kontrol paneline giri\u015f yapmal\u0131s\u0131n\u0131z. Kontrol paneline ula\u015fmak i\u00e7in sitenizin URL k\u0131sm\u0131na \/admin yazmal\u0131s\u0131n\u0131z. Sol taraftaki men\u00fcden plugins &hellip;\" \/>\n<meta property=\"og:url\" content=\"https:\/\/icaseonline.net\/emine\/haftalar\/3-hafta\/\" \/>\n<meta property=\"og:site_name\" content=\"Emine\" \/>\n<meta property=\"article:modified_time\" content=\"2022-10-19T19:24:35+00:00\" \/>\n<meta property=\"og:image\" content=\"https:\/\/icaseonline.net\/emine\/wp-content\/uploads\/2022\/10\/1.png\" \/>\n<meta name=\"twitter:card\" content=\"summary_large_image\" \/>\n<meta name=\"twitter:label1\" content=\"Est. reading time\" \/>\n\t<meta name=\"twitter:data1\" content=\"2 minutes\" \/>\n<script type=\"application\/ld+json\" class=\"yoast-schema-graph\">{\"@context\":\"https:\/\/schema.org\",\"@graph\":[{\"@type\":\"WebPage\",\"@id\":\"https:\/\/icaseonline.net\/emine\/haftalar\/3-hafta\/\",\"url\":\"https:\/\/icaseonline.net\/emine\/haftalar\/3-hafta\/\",\"name\":\"3.Hafta: Wordpress bile\u015fen kullan\u0131m\u0131 - Emine\",\"isPartOf\":{\"@id\":\"https:\/\/icaseonline.net\/emine\/#website\"},\"primaryImageOfPage\":{\"@id\":\"https:\/\/icaseonline.net\/emine\/haftalar\/3-hafta\/#primaryimage\"},\"image\":{\"@id\":\"https:\/\/icaseonline.net\/emine\/haftalar\/3-hafta\/#primaryimage\"},\"thumbnailUrl\":\"https:\/\/icaseonline.net\/emine\/wp-content\/uploads\/2022\/10\/1.png\",\"datePublished\":\"2022-10-12T17:44:10+00:00\",\"dateModified\":\"2022-10-19T19:24:35+00:00\",\"breadcrumb\":{\"@id\":\"https:\/\/icaseonline.net\/emine\/haftalar\/3-hafta\/#breadcrumb\"},\"inLanguage\":\"en-US\",\"potentialAction\":[{\"@type\":\"ReadAction\",\"target\":[\"https:\/\/icaseonline.net\/emine\/haftalar\/3-hafta\/\"]}]},{\"@type\":\"ImageObject\",\"inLanguage\":\"en-US\",\"@id\":\"https:\/\/icaseonline.net\/emine\/haftalar\/3-hafta\/#primaryimage\",\"url\":\"https:\/\/icaseonline.net\/emine\/wp-content\/uploads\/2022\/10\/1.png\",\"contentUrl\":\"https:\/\/icaseonline.net\/emine\/wp-content\/uploads\/2022\/10\/1.png\",\"width\":486,\"height\":259},{\"@type\":\"BreadcrumbList\",\"@id\":\"https:\/\/icaseonline.net\/emine\/haftalar\/3-hafta\/#breadcrumb\",\"itemListElement\":[{\"@type\":\"ListItem\",\"position\":1,\"name\":\"Home\",\"item\":\"https:\/\/icaseonline.net\/emine\/\"},{\"@type\":\"ListItem\",\"position\":2,\"name\":\"Haftalar\",\"item\":\"https:\/\/icaseonline.net\/emine\/haftalar\/\"},{\"@type\":\"ListItem\",\"position\":3,\"name\":\"3.Hafta: WordPress bile\u015fen kullan\u0131m\u0131\"}]},{\"@type\":\"WebSite\",\"@id\":\"https:\/\/icaseonline.net\/emine\/#website\",\"url\":\"https:\/\/icaseonline.net\/emine\/\",\"name\":\"Emine\",\"description\":\"Bilgi ve \u0130leti\u015fim Teknoloji Destekli Fen E\u011fitimi\",\"potentialAction\":[{\"@type\":\"SearchAction\",\"target\":{\"@type\":\"EntryPoint\",\"urlTemplate\":\"https:\/\/icaseonline.net\/emine\/?s={search_term_string}\"},\"query-input\":{\"@type\":\"PropertyValueSpecification\",\"valueRequired\":true,\"valueName\":\"search_term_string\"}}],\"inLanguage\":\"en-US\"}]}<\/script>\n<!-- \/ Yoast SEO plugin. -->","yoast_head_json":{"title":"3.Hafta: Wordpress bile\u015fen kullan\u0131m\u0131 - Emine","robots":{"index":"index","follow":"follow","max-snippet":"max-snippet:-1","max-image-preview":"max-image-preview:large","max-video-preview":"max-video-preview:-1"},"canonical":"https:\/\/icaseonline.net\/emine\/haftalar\/3-hafta\/","og_locale":"en_US","og_type":"article","og_title":"3.Hafta: Wordpress bile\u015fen kullan\u0131m\u0131 - Emine","og_description":"B\u0130LE\u015eEN KULLANIMI: Ana sayfan\u0131za farkl\u0131 bile\u015fenleri ekleyebilmeniz i\u00e7in kontrol paneline giri\u015f yapmal\u0131s\u0131n\u0131z. Kontrol paneline ula\u015fmak i\u00e7in sitenizin URL k\u0131sm\u0131na \/admin yazmal\u0131s\u0131n\u0131z. Sol taraftaki men\u00fcden plugins &hellip;","og_url":"https:\/\/icaseonline.net\/emine\/haftalar\/3-hafta\/","og_site_name":"Emine","article_modified_time":"2022-10-19T19:24:35+00:00","og_image":[{"url":"https:\/\/icaseonline.net\/emine\/wp-content\/uploads\/2022\/10\/1.png","type":"","width":"","height":""}],"twitter_card":"summary_large_image","twitter_misc":{"Est. reading time":"2 minutes"},"schema":{"@context":"https:\/\/schema.org","@graph":[{"@type":"WebPage","@id":"https:\/\/icaseonline.net\/emine\/haftalar\/3-hafta\/","url":"https:\/\/icaseonline.net\/emine\/haftalar\/3-hafta\/","name":"3.Hafta: Wordpress bile\u015fen kullan\u0131m\u0131 - Emine","isPartOf":{"@id":"https:\/\/icaseonline.net\/emine\/#website"},"primaryImageOfPage":{"@id":"https:\/\/icaseonline.net\/emine\/haftalar\/3-hafta\/#primaryimage"},"image":{"@id":"https:\/\/icaseonline.net\/emine\/haftalar\/3-hafta\/#primaryimage"},"thumbnailUrl":"https:\/\/icaseonline.net\/emine\/wp-content\/uploads\/2022\/10\/1.png","datePublished":"2022-10-12T17:44:10+00:00","dateModified":"2022-10-19T19:24:35+00:00","breadcrumb":{"@id":"https:\/\/icaseonline.net\/emine\/haftalar\/3-hafta\/#breadcrumb"},"inLanguage":"en-US","potentialAction":[{"@type":"ReadAction","target":["https:\/\/icaseonline.net\/emine\/haftalar\/3-hafta\/"]}]},{"@type":"ImageObject","inLanguage":"en-US","@id":"https:\/\/icaseonline.net\/emine\/haftalar\/3-hafta\/#primaryimage","url":"https:\/\/icaseonline.net\/emine\/wp-content\/uploads\/2022\/10\/1.png","contentUrl":"https:\/\/icaseonline.net\/emine\/wp-content\/uploads\/2022\/10\/1.png","width":486,"height":259},{"@type":"BreadcrumbList","@id":"https:\/\/icaseonline.net\/emine\/haftalar\/3-hafta\/#breadcrumb","itemListElement":[{"@type":"ListItem","position":1,"name":"Home","item":"https:\/\/icaseonline.net\/emine\/"},{"@type":"ListItem","position":2,"name":"Haftalar","item":"https:\/\/icaseonline.net\/emine\/haftalar\/"},{"@type":"ListItem","position":3,"name":"3.Hafta: WordPress bile\u015fen kullan\u0131m\u0131"}]},{"@type":"WebSite","@id":"https:\/\/icaseonline.net\/emine\/#website","url":"https:\/\/icaseonline.net\/emine\/","name":"Emine","description":"Bilgi ve \u0130leti\u015fim Teknoloji Destekli Fen E\u011fitimi","potentialAction":[{"@type":"SearchAction","target":{"@type":"EntryPoint","urlTemplate":"https:\/\/icaseonline.net\/emine\/?s={search_term_string}"},"query-input":{"@type":"PropertyValueSpecification","valueRequired":true,"valueName":"search_term_string"}}],"inLanguage":"en-US"}]}},"jetpack_sharing_enabled":true,"_links":{"self":[{"href":"https:\/\/icaseonline.net\/emine\/wp-json\/wp\/v2\/pages\/99","targetHints":{"allow":["GET"]}}],"collection":[{"href":"https:\/\/icaseonline.net\/emine\/wp-json\/wp\/v2\/pages"}],"about":[{"href":"https:\/\/icaseonline.net\/emine\/wp-json\/wp\/v2\/types\/page"}],"author":[{"embeddable":true,"href":"https:\/\/icaseonline.net\/emine\/wp-json\/wp\/v2\/users\/1"}],"replies":[{"embeddable":true,"href":"https:\/\/icaseonline.net\/emine\/wp-json\/wp\/v2\/comments?post=99"}],"version-history":[{"count":5,"href":"https:\/\/icaseonline.net\/emine\/wp-json\/wp\/v2\/pages\/99\/revisions"}],"predecessor-version":[{"id":224,"href":"https:\/\/icaseonline.net\/emine\/wp-json\/wp\/v2\/pages\/99\/revisions\/224"}],"up":[{"embeddable":true,"href":"https:\/\/icaseonline.net\/emine\/wp-json\/wp\/v2\/pages\/9"}],"wp:attachment":[{"href":"https:\/\/icaseonline.net\/emine\/wp-json\/wp\/v2\/media?parent=99"}],"curies":[{"name":"wp","href":"https:\/\/api.w.org\/{rel}","templated":true}]}}