{"id":97,"date":"2022-10-12T17:43:12","date_gmt":"2022-10-12T17:43:12","guid":{"rendered":"https:\/\/icaseonline.net\/emine\/?page_id=97"},"modified":"2022-10-17T09:06:28","modified_gmt":"2022-10-17T09:06:28","slug":"2-hafta","status":"publish","type":"page","link":"https:\/\/icaseonline.net\/emine\/haftalar\/2-hafta\/","title":{"rendered":"2.Hafta: WordPress kurulumu"},"content":{"rendered":"\n<div class=\"wp-block-group\"><div class=\"wp-block-group__inner-container is-layout-flow wp-block-group-is-layout-flow\">\n<figure class=\"wp-block-embed aligncenter is-type-video is-provider-youtube wp-block-embed-youtube wp-embed-aspect-16-9 wp-has-aspect-ratio\"><div class=\"wp-block-embed__wrapper\">\n<iframe loading=\"lazy\" title=\"Wordpress Kurulumu: En Kolay Y\u00f6ntem ile WordPress Nas\u0131l Kurulur?\" width=\"760\" height=\"428\" src=\"https:\/\/www.youtube.com\/embed\/uARzlv-AbV0?feature=oembed\" frameborder=\"0\" allow=\"accelerometer; autoplay; clipboard-write; encrypted-media; gyroscope; picture-in-picture\" allowfullscreen><\/iframe>\n<\/div><\/figure>\n<\/div><\/div>\n\n\n\n<h2 class=\"wp-block-heading\"><strong>Ad\u0131m Ad\u0131m WordPress Kurulumu<\/strong><\/h2>\n\n\n\n<h3 class=\"wp-block-heading\"><strong>Ad\u0131m 1 \u2013 Teknik Ayarlamalar<\/strong><\/h3>\n\n\n\n<p>Yukar\u0131da a\u00e7\u0131klanan t\u00fcm alanlar hakk\u0131nda e\u011fer akl\u0131n\u0131za tak\u0131lan herhangi bir konu yoksa, hep birlikte ilk alan ad\u0131m\u0131z\u0131 ve hosting paketimizi sat\u0131n alarak WordPress blogumuzu olu\u015ftural\u0131m. L\u00fctfen\u00a0<a href=\"https:\/\/www.turhost.com\/r\/142125\/\"><strong>bu ba\u011flant\u0131y\u0131<\/strong><\/a>\u00a0sa\u011f t\u0131klayarak yan pencerede a\u00e7\u0131n. Daha sonra a\u00e7\u0131lan pencerede yer alan\u00a0<strong>Hosting > Linux Hosting<\/strong>\u00a0ba\u011flant\u0131s\u0131n\u0131 t\u0131klay\u0131n. Burada kar\u015f\u0131m\u0131za bir ka\u00e7 farkl\u0131 paket gelecektir, bunlar\u0131n i\u00e7inde b\u00fct\u00e7enize en uygun olal\u0131n\u0131 sat\u0131n al butonunu t\u0131klayarak i\u015flemlere devam edin.<\/p>\n\n\n\n<figure class=\"wp-block-image size-large\"><img decoding=\"async\" src=\"https:\/\/www.wpservis.com\/wp-content\/uploads\/2020\/06\/alan-adi.png\" alt=\"\"\/><\/figure>\n\n\n\n<h3 class=\"wp-block-heading\"><strong>Ad\u0131m 2 \u2013 WordPress Kurulumu<\/strong><\/h3>\n\n\n\n<p>WordPress kurulumu i\u00e7in en basit y\u00f6ntemi takip edece\u011fiz. Kurulum i\u00e7in bir ka\u00e7 farkl\u0131 y\u00f6ntem var fakat biz yeni ba\u015flayanlar i\u00e7in en basit y\u00f6ntem olan \u201cSoftaculous Apps Installer\u201d alan\u0131ndan yapaca\u011f\u0131z. CPANEL giri\u015f yapt\u0131ktan sonra sayfan\u0131n en alt\u0131na inelim ve&nbsp;<strong>Softaculous Apps Installer&nbsp;<\/strong>sekmesinden&nbsp;<strong>WordPress<\/strong>\u2018i t\u0131klayal\u0131m.<\/p>\n\n\n\n<p>A\u00e7\u0131lan pencerede WordPress kurulumu hakk\u0131nda bir ka\u00e7 bilgi g\u00f6receksiniz, burda sizi ilgilendiren alan \u201cInstall Now\u201d butonunu t\u0131klay\u0131n.<\/p>\n\n\n\n<ul class=\"wp-block-list\"><li>Protokol Se\u00e7iniz : Bu alandan sitenizin http protokol\u00fcn\u00fc se\u00e7meniz gerekli. \u015euan i\u00e7in herhangi bir SSL sertifikas\u0131 olmad\u0131\u011f\u0131 i\u00e7in bu alanda&nbsp;<strong>http:\/\/<\/strong>&nbsp;alan\u0131n\u0131 se\u00e7elim.<\/li><li>Domain Se\u00e7in : Bu alanda hosting ile birlikte sat\u0131n ald\u0131\u011f\u0131m\u0131z alan ad\u0131n\u0131 se\u00e7in.<\/li><li>Y\u00fckleme dizini : Bu alanda e\u011fer alt klas\u00f6re kurulum yap\u0131lmayacaksa (benimharikablogum.com\/blog) gibi bu alan\u0131 l\u00fctfen bo\u015f b\u0131rak\u0131n.<\/li><li>Site Name : Buraya blogunuzun ad\u0131n\u0131 giriniz. \u00d6rnek : \u201cBenim Blogum\u201d<\/li><li>Site Description : Buraya sitenizi anlatan bir slogan ekleyebilirsiniz. \u00d6rnek vermek gerekirse, siteniz e\u011fer \u015fiirler payla\u015faca\u011f\u0131n\u0131z bir blog ise : \u201c\u015eiir severlerin en yeni adresi..\u201d gibi.<\/li><li>Enable Multisite (WPMU) : Buray\u0131 t\u0131klamay\u0131n.<\/li><li>Admin Username : Buraya her zaman hat\u0131rlayaca\u011f\u0131n\u0131z bir kullan\u0131c\u0131 ad\u0131 girin. \u00d6rnek : Admin<\/li><li>Admin Password : Buraya kolay tahmin edilemeyecek bir \u015fifre girin ve bu \u015fifreyi mutlaka bir kenara kay\u0131t edin.<\/li><li>Admin Email : Buraya blogunuzun baz\u0131 alanlar\u0131nda kullan\u0131lmak \u00fczere (\u015fifre hat\u0131rlatma, yorum onay\u0131 vb.) e-posta adresinizi girin.<\/li><li>Select Language : Varsay\u0131lan dil olarak T\u00fcrk\u00e7e se\u00e7in.<\/li><li>Limit Login Attempts (Loginizer) : Bu alan\u0131 t\u0131klay\u0131n, bu bir eklentidir ve sitenize ekstra g\u00fcvenlik sa\u011flayacakt\u0131r.<\/li><\/ul>\n\n\n\n<p>Di\u011fer alanlarda herhangi bir d\u00fczenleme yapman\u0131za gerek kalmadan \u201c<strong>Y\u00fckle<\/strong>\u201d butonunu t\u0131klay\u0131n ve kurulumun bitmesini bekleyin. Kurulum bittikten sonra site y\u00f6netim panelinizin adresini ve giri\u015f bilgilerinizin yer ald\u0131\u011f\u0131 bir alan g\u00f6receksiniz l\u00fctfen bu bilgileri bir yere kay\u0131t edin. Daha sonra y\u00f6netim panelinize giri\u015f yaparken bu bilgilere ihtiyac\u0131n\u0131z olacak.<\/p>\n\n\n\n<h3 class=\"wp-block-heading\"><strong>Ad\u0131m 3 \u2013 WordPress Blog Tema Se\u00e7imi<\/strong><\/h3>\n\n\n\n<p>Tebrikler, ilk blogunuzu olu\u015fturdunuz. Art\u0131k s\u0131rada blogunuz i\u00e7in g\u00fczel bir \u015fablon se\u00e7mekte. siteadresiniz.com\/wp-admin linkini browser alan\u0131na yazarak sitenizin y\u00f6netim paneline giri\u015f yap\u0131n. Kar\u015f\u0131n\u0131za gelecek alan blogunuzun y\u00f6netim panelidir. \u0130lerleyen ad\u0131mlarda sizlere hangi alanlar ne i\u015fe yarar detayl\u0131 bir \u015fekilde anlataca\u011f\u0131m. Bu arada e\u011fer \u00fccretli WordPress tema kullanmak istiyorsan\u0131z\u00a0<strong><a href=\"https:\/\/1.envato.market\/P7Mxq\">ThemeForest<\/a><\/strong>\u00a0sizin i\u00e7in de\u011ferli bir kaynak olacakt\u0131r.<\/p>\n\n\n\n<figure class=\"wp-block-image size-large is-resized\"><img loading=\"lazy\" decoding=\"async\" src=\"https:\/\/www.wpservis.com\/wp-content\/uploads\/2020\/06\/wordpress-tema-seciniz.png\" alt=\"\" width=\"594\" height=\"322\"\/><\/figure>\n\n\n\n<h3 class=\"wp-block-heading\"><strong>Ad\u0131m 4 \u2013 \u0130lk WordPress Blog Yaz\u0131m\u0131z\u0131 Haz\u0131rlayal\u0131m<\/strong><\/h3>\n\n\n\n<p>WordPress ile blog yaz\u0131s\u0131 yazmak ve payla\u015fmak di\u011fer blog platformlar\u0131na g\u00f6re olduk\u00e7a basit. Bunun i\u00e7in yapman\u0131z gereken WordPress y\u00f6netim panelinize giri\u015f yapt\u0131ktan sonra\u00a0<strong>Yaz\u0131lar > Yeni Ekle<\/strong>\u00a0alan\u0131n\u0131 ziyaret etmek. Burada yeni yazaca\u011f\u0131n\u0131z yaz\u0131 ile alakal\u0131 t\u00fcm alanlar\u0131 g\u00f6receksiniz.<\/p>\n\n\n\n<figure class=\"wp-block-image size-large is-resized\"><img loading=\"lazy\" decoding=\"async\" src=\"https:\/\/www.wpservis.com\/wp-content\/uploads\/2020\/06\/wordpress-blog-yaz.jpg\" alt=\"\" width=\"653\" height=\"200\"\/><\/figure>\n\n\n\n<p><strong>\u0130yi Bir Web Sitesi Tasar\u0131m\u0131 Nas\u0131l Olur?<\/strong><br>Bunu web tasar\u0131mc\u0131lara soracak olursan\u0131z bir\u00e7ok farkl\u0131 cevapla kar\u015f\u0131la\u015fman\u0131z m\u00fcmk\u00fcn. Ancak detaya girmeden temel prensiplere inecek olursak; iyi bir web sitesi tasar\u0131m\u0131, grafik tasar\u0131m\u0131 a\u00e7\u0131s\u0131ndan g\u00f6ze ho\u015f gelmeli, kullan\u0131\u015fl\u0131 olmal\u0131 ve ziyaret\u00e7ilerde memnuniyet yaratmal\u0131 diyebiliriz. \u0130yi bir web sitesi tasar\u0131m\u0131 i\u00e7in ba\u011fl\u0131 kalman\u0131z gereken prensipler ise;<br><br><strong>1- \u0130yi Bir Web Sitesi Tasar\u0131m\u0131, \u00dcr\u00fcn\u00fc \/ Hizmeti Anla\u015f\u0131labilir K\u0131lmal\u0131<\/strong><br>Web sitenizin amac\u0131, ziyaret\u00e7i siteye girer girmez anla\u015f\u0131labilir olmal\u0131! Web sitenizi tasarlay\u0131p geli\u015ftirirken pazarlama mesaj\u0131n\u0131z\u0131 ana sayfaya (landing page), 5 kelimeyi ge\u00e7meden ve bakan ki\u015finin sorular\u0131na cevap verebilecek veya o ki\u015finin \u00fcr\u00fcn\u00fcn\u00fczden \/ servisinizden ne elde edece\u011fini a\u00e7\u0131klayacak \u015fekilde koyun.<br><br><strong>2- \u0130yi Bir Web Sitesi Tasar\u0131m\u0131, \u00dcr\u00fcn\u00fc \/ Hizmeti Kullan\u0131\u015fl\u0131 K\u0131lmal\u0131<\/strong><br>\u0130yi bir web sitesi, \u00fcr\u00fcn\u00fcn \/ hizmetin ne denli kullan\u0131\u015fl\u0131, hayat kurtar\u0131c\u0131, yararl\u0131, gerekli vb. oldu\u011funa de\u011finir ve bunun aksine ima dahi eden t\u00fcm vurgulardan ka\u00e7\u0131n\u0131r. Yani web siteniz sadece \u00fcr\u00fcnlerin \/ hizmetin yer ald\u0131\u011f\u0131 bir vitrin olmamal\u0131, onu potansiyel m\u00fc\u015fterilerinize anlatmal\u0131, sevdirmeli, ona ihtiya\u00e7lar\u0131 oldu\u011funa ikna etmeli!<br><br><strong>3- \u0130yi Bir Web Sitesi Estetik A\u00e7\u0131dan Cezbedici Olmal\u0131<\/strong><br>Ki\u015filerin g\u00fcnl\u00fck hayatlar\u0131nda yer ald\u0131klar\u0131 ve onlar\u0131n iyi bir ruh haline sahip olmalar\u0131 \u00fczerinde do\u011frudan etkisi oldu\u011fundan, \u00fcr\u00fcnler estetik a\u00e7\u0131dan cezbedici olmal\u0131 (buna web siteleri de dahil, \u00e7\u00fcnk\u00fc o da sizin bir \u00fcr\u00fcn\u00fcn\u00fcz).<br><br>Temel prensipleri uygularken, temel ve etkisi kan\u0131tlanm\u0131\u015f bir d\u00fczene de sahip olmas\u0131 gerekiyor tabii ki. Bu d\u00fczenin ilk ve olmazsa olmaz unsuru \u201cAna Sayfa\u201d. Web sitenizi ziyaret eden ki\u015filerin dikkatini \u00e7ekebilmesi ve ki\u015filerin sayfada daha fazla kalmas\u0131n\u0131 sa\u011flayabilmesi i\u00e7in ana sayfan\u0131z\u0131n, ziyaret\u00e7ilerin ilgi alan\u0131na hitap edecek alakal\u0131 i\u00e7eriklere, d\u00fczenli bir yap\u0131ya sahip olmas\u0131 ve kolay okunabilir olmas\u0131 gerekli.<\/p>\n\n\n\n<p><strong>Web Sitesi Ana Sayfas\u0131nda Bulunmas\u0131 Gereken 5 Temel Unsur<\/strong><br><em>\u2013 Logo:<\/em>&nbsp;Logo veya logotype, sayfa y\u00fcklenir y\u00fcklenmez ziyaret\u00e7ilerin dikkatini \u00e7ekebilmesi ve web sitesine bir giri\u015f sembol\u00fc olarak sayfan\u0131n sol \u00fcst veya \u00fcst ortas\u0131na yerle\u015ftirilmeli.<br><em>\u2013 Ba\u015fl\u0131k ve a\u00e7\u0131klama:<\/em>&nbsp;Markan\u0131z\u0131 ve i\u015flemlenizi tan\u0131mlayan bir ba\u015fl\u0131\u011fa ve onu destekleyecek 2-3 kelimelik bir a\u00e7\u0131klamaya ihtiyac\u0131n\u0131z var! Bu ikili, i\u015fletmenizin ne yapt\u0131\u011f\u0131n\u0131 ve ziyaret\u00e7iye ne vaat etti\u011fini a\u00e7\u0131klamal\u0131.<br><em>\u2013 Eylem \u00e7a\u011fr\u0131s\u0131 butonu:<\/em>&nbsp;Web sitenizin ana sayfas\u0131ndaki bir ziyaret\u00e7inin ne yapmas\u0131n\u0131 istiyorsunuz? O zaman; anasayfan\u0131za, onu buna y\u00f6nlendiren bir ba\u015fl\u0131k, a\u00e7\u0131klama ve buton (e\u011fer ba\u015fka bir yere y\u00f6nlendirmeniz gerekiyorsa) da koymal\u0131s\u0131n\u0131z.<br>\u2013<em>&nbsp;G\u00f6rsel elemanlar:<\/em>&nbsp;Logonuzu ve ba\u015fl\u0131\u011f\u0131n\u0131z\u0131 tamamlayan kaliteli bir g\u00f6rsel \u00f6ge markan\u0131z\u0131n de\u011ferini y\u00fckseltir. Bu; \u00fcr\u00fcn veya hizmetinizi temsil eden bir g\u00f6rsel, sundu\u011funuz \u015feyin yaratt\u0131\u011f\u0131 etkiyi g\u00f6steren bir g\u00f6rsel, ekibinizin bir foto\u011fraf veya g\u00f6rseli olabilir. Bu g\u00f6rselin, y\u00fcksek kalitede ve \u00e7\u00f6z\u00fcn\u00fcrl\u00fckte olmas\u0131na \u00f6zen g\u00f6sterin.<br><em>\u2013 Gezinme Men\u00fcs\u00fc:<\/em>&nbsp;Navigasyon \u00f6geleri, web sitesindeki ziyaret\u00e7ilere nerede olduklar\u0131n\u0131 ve nereye gidebileceklerini g\u00f6sterir. Bunun i\u00e7in logo ve ba\u015fl\u0131\u011f\u0131n\u0131z\u0131n hemen alt\u0131na, sayfan\u0131n \u00fcst k\u0131sm\u0131na bir gezinme men\u00fcs\u00fc yerle\u015ftirmeyi unutmay\u0131n.<\/p>\n\n\n\n<p><strong>Ek \u0130\u00e7erikler<\/strong><br>\u0130yi bir web sitesi tasar\u0131m\u0131nda ana sayfan\u0131n rol\u00fc ne kadar \u00f6nemliyse de ziyaret\u00e7ilere ek i\u00e7eriklerle markan\u0131z, yeriniz, kendiniz, tak\u0131m\u0131n\u0131z vb. hakk\u0131nda bilgiler vermenizde \u00f6nemli (zaten gezinme men\u00fcs\u00fc de bunun i\u00e7in yok mu?). \u0130yi bir web sitesi tasar\u0131m\u0131, hakk\u0131nda, ileti\u015fim, blog, \u00fcr\u00fcn katalo\u011fu ve referanslar gibi b\u00f6l\u00fcmleri de i\u00e7ermeli. Bu tip ek i\u00e7erikler hem ziyaret\u00e7ilerin markan\u0131z, \u00fcr\u00fcn veya hizmetleriniz hakk\u0131nda daha detayl\u0131 bilgi sahibi olmas\u0131n\u0131 hem de SEO a\u00e7\u0131s\u0131ndan web sitenizin daha g\u00fc\u00e7l\u00fc olmas\u0131n\u0131 sa\u011flar.<\/p>\n\n\n\n<p>Kaynak:&nbsp;<a href=\"https:\/\/www.horato.com\/tr\/post\/web-sitesi-tasariminiz-nasil-ve-neden-iyi-olmali-68\">https:\/\/www.horato.com\/tr\/post\/web-sitesi-tasariminiz-nasil-ve-neden-iyi-olmali-68<\/a><\/p>\n","protected":false},"excerpt":{"rendered":"<p>Ad\u0131m Ad\u0131m WordPress Kurulumu Ad\u0131m 1 \u2013 Teknik Ayarlamalar Yukar\u0131da a\u00e7\u0131klanan t\u00fcm alanlar hakk\u0131nda e\u011fer akl\u0131n\u0131za tak\u0131lan herhangi bir konu yoksa, hep birlikte ilk alan &hellip;<\/p>\n","protected":false},"author":1,"featured_media":0,"parent":9,"menu_order":0,"comment_status":"closed","ping_status":"closed","template":"","meta":{"om_disable_all_campaigns":false,"_monsterinsights_skip_tracking":false,"_monsterinsights_sitenote_active":false,"_monsterinsights_sitenote_note":"","_monsterinsights_sitenote_category":0,"footnotes":""},"class_list":["post-97","page","type-page","status-publish","hentry"],"yoast_head":"<!-- This site is optimized with the Yoast SEO plugin v27.2 - https:\/\/yoast.com\/product\/yoast-seo-wordpress\/ -->\n<title>2.Hafta: Wordpress kurulumu - Emine<\/title>\n<meta name=\"robots\" content=\"index, follow, max-snippet:-1, max-image-preview:large, max-video-preview:-1\" \/>\n<link rel=\"canonical\" href=\"https:\/\/icaseonline.net\/emine\/haftalar\/2-hafta\/\" \/>\n<meta property=\"og:locale\" content=\"en_US\" \/>\n<meta property=\"og:type\" content=\"article\" \/>\n<meta property=\"og:title\" content=\"2.Hafta: Wordpress kurulumu - Emine\" \/>\n<meta property=\"og:description\" content=\"Ad\u0131m Ad\u0131m WordPress Kurulumu Ad\u0131m 1 \u2013 Teknik Ayarlamalar Yukar\u0131da a\u00e7\u0131klanan t\u00fcm alanlar hakk\u0131nda e\u011fer akl\u0131n\u0131za tak\u0131lan herhangi bir konu yoksa, hep birlikte ilk alan &hellip;\" \/>\n<meta property=\"og:url\" content=\"https:\/\/icaseonline.net\/emine\/haftalar\/2-hafta\/\" \/>\n<meta property=\"og:site_name\" content=\"Emine\" \/>\n<meta property=\"article:modified_time\" content=\"2022-10-17T09:06:28+00:00\" \/>\n<meta property=\"og:image\" content=\"https:\/\/www.wpservis.com\/wp-content\/uploads\/2020\/06\/alan-adi.png\" \/>\n<meta name=\"twitter:card\" content=\"summary_large_image\" \/>\n<meta name=\"twitter:label1\" content=\"Est. reading time\" \/>\n\t<meta name=\"twitter:data1\" content=\"5 minutes\" \/>\n<script type=\"application\/ld+json\" class=\"yoast-schema-graph\">{\"@context\":\"https:\/\/schema.org\",\"@graph\":[{\"@type\":\"WebPage\",\"@id\":\"https:\/\/icaseonline.net\/emine\/haftalar\/2-hafta\/\",\"url\":\"https:\/\/icaseonline.net\/emine\/haftalar\/2-hafta\/\",\"name\":\"2.Hafta: Wordpress kurulumu - Emine\",\"isPartOf\":{\"@id\":\"https:\/\/icaseonline.net\/emine\/#website\"},\"primaryImageOfPage\":{\"@id\":\"https:\/\/icaseonline.net\/emine\/haftalar\/2-hafta\/#primaryimage\"},\"image\":{\"@id\":\"https:\/\/icaseonline.net\/emine\/haftalar\/2-hafta\/#primaryimage\"},\"thumbnailUrl\":\"https:\/\/www.wpservis.com\/wp-content\/uploads\/2020\/06\/alan-adi.png\",\"datePublished\":\"2022-10-12T17:43:12+00:00\",\"dateModified\":\"2022-10-17T09:06:28+00:00\",\"breadcrumb\":{\"@id\":\"https:\/\/icaseonline.net\/emine\/haftalar\/2-hafta\/#breadcrumb\"},\"inLanguage\":\"en-US\",\"potentialAction\":[{\"@type\":\"ReadAction\",\"target\":[\"https:\/\/icaseonline.net\/emine\/haftalar\/2-hafta\/\"]}]},{\"@type\":\"ImageObject\",\"inLanguage\":\"en-US\",\"@id\":\"https:\/\/icaseonline.net\/emine\/haftalar\/2-hafta\/#primaryimage\",\"url\":\"https:\/\/www.wpservis.com\/wp-content\/uploads\/2020\/06\/alan-adi.png\",\"contentUrl\":\"https:\/\/www.wpservis.com\/wp-content\/uploads\/2020\/06\/alan-adi.png\"},{\"@type\":\"BreadcrumbList\",\"@id\":\"https:\/\/icaseonline.net\/emine\/haftalar\/2-hafta\/#breadcrumb\",\"itemListElement\":[{\"@type\":\"ListItem\",\"position\":1,\"name\":\"Home\",\"item\":\"https:\/\/icaseonline.net\/emine\/\"},{\"@type\":\"ListItem\",\"position\":2,\"name\":\"Haftalar\",\"item\":\"https:\/\/icaseonline.net\/emine\/haftalar\/\"},{\"@type\":\"ListItem\",\"position\":3,\"name\":\"2.Hafta: WordPress kurulumu\"}]},{\"@type\":\"WebSite\",\"@id\":\"https:\/\/icaseonline.net\/emine\/#website\",\"url\":\"https:\/\/icaseonline.net\/emine\/\",\"name\":\"Emine\",\"description\":\"Bilgi ve \u0130leti\u015fim Teknoloji Destekli Fen E\u011fitimi\",\"potentialAction\":[{\"@type\":\"SearchAction\",\"target\":{\"@type\":\"EntryPoint\",\"urlTemplate\":\"https:\/\/icaseonline.net\/emine\/?s={search_term_string}\"},\"query-input\":{\"@type\":\"PropertyValueSpecification\",\"valueRequired\":true,\"valueName\":\"search_term_string\"}}],\"inLanguage\":\"en-US\"}]}<\/script>\n<!-- \/ Yoast SEO plugin. -->","yoast_head_json":{"title":"2.Hafta: Wordpress kurulumu - Emine","robots":{"index":"index","follow":"follow","max-snippet":"max-snippet:-1","max-image-preview":"max-image-preview:large","max-video-preview":"max-video-preview:-1"},"canonical":"https:\/\/icaseonline.net\/emine\/haftalar\/2-hafta\/","og_locale":"en_US","og_type":"article","og_title":"2.Hafta: Wordpress kurulumu - Emine","og_description":"Ad\u0131m Ad\u0131m WordPress Kurulumu Ad\u0131m 1 \u2013 Teknik Ayarlamalar Yukar\u0131da a\u00e7\u0131klanan t\u00fcm alanlar hakk\u0131nda e\u011fer akl\u0131n\u0131za tak\u0131lan herhangi bir konu yoksa, hep birlikte ilk alan &hellip;","og_url":"https:\/\/icaseonline.net\/emine\/haftalar\/2-hafta\/","og_site_name":"Emine","article_modified_time":"2022-10-17T09:06:28+00:00","og_image":[{"url":"https:\/\/www.wpservis.com\/wp-content\/uploads\/2020\/06\/alan-adi.png","type":"","width":"","height":""}],"twitter_card":"summary_large_image","twitter_misc":{"Est. reading time":"5 minutes"},"schema":{"@context":"https:\/\/schema.org","@graph":[{"@type":"WebPage","@id":"https:\/\/icaseonline.net\/emine\/haftalar\/2-hafta\/","url":"https:\/\/icaseonline.net\/emine\/haftalar\/2-hafta\/","name":"2.Hafta: Wordpress kurulumu - Emine","isPartOf":{"@id":"https:\/\/icaseonline.net\/emine\/#website"},"primaryImageOfPage":{"@id":"https:\/\/icaseonline.net\/emine\/haftalar\/2-hafta\/#primaryimage"},"image":{"@id":"https:\/\/icaseonline.net\/emine\/haftalar\/2-hafta\/#primaryimage"},"thumbnailUrl":"https:\/\/www.wpservis.com\/wp-content\/uploads\/2020\/06\/alan-adi.png","datePublished":"2022-10-12T17:43:12+00:00","dateModified":"2022-10-17T09:06:28+00:00","breadcrumb":{"@id":"https:\/\/icaseonline.net\/emine\/haftalar\/2-hafta\/#breadcrumb"},"inLanguage":"en-US","potentialAction":[{"@type":"ReadAction","target":["https:\/\/icaseonline.net\/emine\/haftalar\/2-hafta\/"]}]},{"@type":"ImageObject","inLanguage":"en-US","@id":"https:\/\/icaseonline.net\/emine\/haftalar\/2-hafta\/#primaryimage","url":"https:\/\/www.wpservis.com\/wp-content\/uploads\/2020\/06\/alan-adi.png","contentUrl":"https:\/\/www.wpservis.com\/wp-content\/uploads\/2020\/06\/alan-adi.png"},{"@type":"BreadcrumbList","@id":"https:\/\/icaseonline.net\/emine\/haftalar\/2-hafta\/#breadcrumb","itemListElement":[{"@type":"ListItem","position":1,"name":"Home","item":"https:\/\/icaseonline.net\/emine\/"},{"@type":"ListItem","position":2,"name":"Haftalar","item":"https:\/\/icaseonline.net\/emine\/haftalar\/"},{"@type":"ListItem","position":3,"name":"2.Hafta: WordPress kurulumu"}]},{"@type":"WebSite","@id":"https:\/\/icaseonline.net\/emine\/#website","url":"https:\/\/icaseonline.net\/emine\/","name":"Emine","description":"Bilgi ve \u0130leti\u015fim Teknoloji Destekli Fen E\u011fitimi","potentialAction":[{"@type":"SearchAction","target":{"@type":"EntryPoint","urlTemplate":"https:\/\/icaseonline.net\/emine\/?s={search_term_string}"},"query-input":{"@type":"PropertyValueSpecification","valueRequired":true,"valueName":"search_term_string"}}],"inLanguage":"en-US"}]}},"jetpack_sharing_enabled":true,"_links":{"self":[{"href":"https:\/\/icaseonline.net\/emine\/wp-json\/wp\/v2\/pages\/97","targetHints":{"allow":["GET"]}}],"collection":[{"href":"https:\/\/icaseonline.net\/emine\/wp-json\/wp\/v2\/pages"}],"about":[{"href":"https:\/\/icaseonline.net\/emine\/wp-json\/wp\/v2\/types\/page"}],"author":[{"embeddable":true,"href":"https:\/\/icaseonline.net\/emine\/wp-json\/wp\/v2\/users\/1"}],"replies":[{"embeddable":true,"href":"https:\/\/icaseonline.net\/emine\/wp-json\/wp\/v2\/comments?post=97"}],"version-history":[{"count":4,"href":"https:\/\/icaseonline.net\/emine\/wp-json\/wp\/v2\/pages\/97\/revisions"}],"predecessor-version":[{"id":128,"href":"https:\/\/icaseonline.net\/emine\/wp-json\/wp\/v2\/pages\/97\/revisions\/128"}],"up":[{"embeddable":true,"href":"https:\/\/icaseonline.net\/emine\/wp-json\/wp\/v2\/pages\/9"}],"wp:attachment":[{"href":"https:\/\/icaseonline.net\/emine\/wp-json\/wp\/v2\/media?parent=97"}],"curies":[{"name":"wp","href":"https:\/\/api.w.org\/{rel}","templated":true}]}}