{"id":29,"date":"2022-10-10T11:24:09","date_gmt":"2022-10-10T11:24:09","guid":{"rendered":"https:\/\/icaseonline.net\/emine\/?page_id=29"},"modified":"2022-10-12T17:58:15","modified_gmt":"2022-10-12T17:58:15","slug":"1-hafta","status":"publish","type":"page","link":"https:\/\/icaseonline.net\/emine\/haftalar\/1-hafta\/","title":{"rendered":"1.Hafta: Bilgi ve \u0130leti\u015fim Teknolojileri Destekli \u0130lk\u00f6\u011fretimde Fen E\u011fitimi"},"content":{"rendered":"\n<h2 class=\"wp-block-heading\">Dersin Amac\u0131:<\/h2>\n\n\n\n<p>Bu y\u00fcksek lisans dersi fen ve teknoloji e\u011fitiminde modern \u00f6\u011fretim ve \u00f6\u011frenme teori ve modellerini kullanarak bilgi ve ileti\u015fim teknolojileri ile desteklendirilmi\u015f \u00f6\u011fretim materyalleri geli\u015ftirmeyi ve uygulamay\u0131 hedeflemektedir.<\/p>\n\n\n\n<figure class=\"wp-block-image size-full\"><img loading=\"lazy\" decoding=\"async\" width=\"620\" height=\"464\" src=\"https:\/\/icaseonline.net\/emine\/wp-content\/uploads\/2022\/10\/1609219287-7848-2.webp\" alt=\"\" class=\"wp-image-85\" srcset=\"https:\/\/icaseonline.net\/emine\/wp-content\/uploads\/2022\/10\/1609219287-7848-2.webp 620w, https:\/\/icaseonline.net\/emine\/wp-content\/uploads\/2022\/10\/1609219287-7848-2-300x225.webp 300w, https:\/\/icaseonline.net\/emine\/wp-content\/uploads\/2022\/10\/1609219287-7848-2-401x300.webp 401w\" sizes=\"auto, (max-width: 620px) 100vw, 620px\" \/><\/figure>\n\n\n\n<h2 class=\"wp-block-heading\">B\u0130T NED\u0130R?<\/h2>\n\n\n\n<p>Bilgi ve ileti\u015fim teknolojileri; \u0130ng. information and communication technologies (k\u0131saca ICT), bilgi teknolojileri ve ileti\u015fim teknolojileri terimlerini tek bir \u00e7at\u0131 alt\u0131nda toplayan ve bu teknolojiler aras\u0131ndaki ili\u015fkiyi vurgulayan bir terimdir. 1980\u2019lerde ba\u015flayan dijital yak\u0131nsama s\u00fcrecinde(<em>Bili\u015fim ve bilgi teknolojileri, ileti\u015fim a\u011flar\u0131 ve medya i\u00e7eri\u011finin zincirleme ba\u011flant\u0131s\u0131. Cihazlar\u0131n dijital medyan\u0131n da dahil oldu\u011fu bir dizi aktivite i\u00e7in \u00e7ok ama\u00e7l\u0131 kanallar haline gelirken ya\u015fad\u0131klar\u0131 ge\u00e7i\u015f.<\/em>), metin, ses ve g\u00f6r\u00fcnt\u00fc bilgisayarlar taraf\u0131ndan dijital ortamda i\u015flenmeye ba\u015flam\u0131\u015ft\u0131r. Buna paralel olarak telekom\u00fcnikasyon sistemlerinin de dijitalle\u015fmesi ile birlikte dijital verilerin ve enformasyonun iletimi olanakl\u0131 hale gelmi\u015f; bilgi teknolojileri ile ileti\u015fim teknolojileri i\u00e7 i\u00e7e ge\u00e7mi\u015ftir. Bilgi ve ileti\u015fim teknolojileri terimi, bu yak\u0131nl\u0131k ve ba\u011f\u0131ml\u0131l\u0131\u011f\u0131 belirtmek amac\u0131yla kullan\u0131lmaktad\u0131r.<\/p>\n\n\n\n<h2 class=\"wp-block-heading\">1.Hafta:Bilgi ve \u0130leti\u015fim Teknolojileri Destekli \u0130lk\u00f6\u011fretimde Fen E\u011fitimi<\/h2>\n\n\n\n<figure class=\"wp-block-image is-resized\"><img loading=\"lazy\" decoding=\"async\" src=\"https:\/\/icaseonline.net\/esra\/wp-content\/uploads\/2021\/10\/Ekran-Alintisi-4.png\" alt=\"\" class=\"wp-image-139\" width=\"372\" height=\"215\"\/><\/figure>\n\n\n\n<div class=\"wp-block-file\"><a id=\"wp-block-file--media-04f40c91-df68-4fdb-b33d-0345edea5f1b\" href=\"https:\/\/icaseonline.net\/emine\/wp-content\/uploads\/2022\/10\/presentation1-1.pptx\">DERS SUNUSU presentation1-1<\/a><a href=\"https:\/\/icaseonline.net\/emine\/wp-content\/uploads\/2022\/10\/presentation1-1.pptx\" class=\"wp-block-file__button\" download aria-describedby=\"wp-block-file--media-04f40c91-df68-4fdb-b33d-0345edea5f1b\"><br>Download<\/a><\/div>\n\n\n\n<h2 class=\"wp-block-heading\">\u00d6\u011frenci Boyutu:<\/h2>\n\n\n\n<p>Bilgi ve ileti\u015fim teknolojilerinin etkili kullan\u0131m\u0131 e\u011fitim-\u00f6\u011fretim ortamlar\u0131n\u0131 da zenginle\u015ftirmektedir. \u00d6te yandan, fen derslerinde baz\u0131 kavramlar soyut ve anla\u015f\u0131lmas\u0131 zordur (B\u00fcy\u00fckkol K\u00f6se ve \u00c7etin, 2018). Bu nedenle, bilgi ve ileti\u015fim teknolojileri ile derslerin i\u015flenmesi \u00f6\u011frencilerin anlamas\u0131n\u0131 kolayla\u015ft\u0131rabilir.<\/p>\n\n\n\n<p>Fen derslerinde g\u00f6rsellerin kullan\u0131lmas\u0131 \u00e7ok \u00f6nemlidir. G\u00f6rsellerin teknoloji ile birle\u015ftirilerek kullan\u0131lmas\u0131 da \u00f6\u011frencilerin anlamas\u0131na yard\u0131mc\u0131 olabilir.<\/p>\n\n\n\n<p>\u00d6rne\u011fin, karekod ve Aurasma gibi artt\u0131r\u0131lm\u0131\u015f ger\u00e7eklik teknolojileri uygulamalar\u0131 fen derslerinde kullan\u0131labilir. B\u00f6ylece, g\u00f6rsellerin anla\u015f\u0131lmas\u0131 hayal edilmesi daha da kolayla\u015fabilir. \u00d6te yandan, sanal g\u00f6zl\u00fckler, sim\u00fclasyonlar, animasyonlar ve videolar gibi teknoloji \u00fcr\u00fcnleriyle fen dersleri daha da zevkli hale getirilebilir.<\/p>\n\n\n\n<figure class=\"wp-block-image is-resized\"><img loading=\"lazy\" decoding=\"async\" src=\"https:\/\/icaseonline.net\/esra\/wp-content\/uploads\/2021\/10\/2-2.png\" alt=\"\" class=\"wp-image-140\" width=\"383\" height=\"209\"\/><\/figure>\n\n\n\n<p>Geli\u015fen teknolojilerle birlikte \u00fclkeler ba\u015fta bilgisayar ve mobil ara\u00e7lar olmak \u00fczere, bilgi ve ileti\u015fim teknolojilerini yayg\u0131n ve etkin bir \u015fekilde kullanmaktad\u0131rlar. Geli\u015fen bu teknolojide e\u011fitime entegre edilerek e\u011fitimin bu geli\u015fen d\u00fcnyada bilginin temel merkeziyle e\u015fg\u00fcd\u00fcml\u00fc olarak ilerlemesi g\u00f6zlenmi\u015ftir (G\u00fcng\u00f6ren, Bekta\u015f, \u00d6zt\u00fcrk ve Horzum, 2014). Literat\u00fcrde web tabanl\u0131 \u00f6\u011fretim materyallerine ili\u015fkin baz\u0131 \u00e7al\u0131\u015fmalar bulunmaktad\u0131r. .<\/p>\n\n\n\n<p>\u00d6\u011frenciler i\u00e7eri\u011fin etkinlik, deney, oyun, animasyon vb. den olu\u015fmas\u0131ndan son derece memnun kald\u0131klar\u0131n\u0131 ve bilgisayar kullanmay\u0131 sevdiklerini dile getirmi\u015flerdir. Fen derslerinde g\u00f6rsellerin kullan\u0131lmas\u0131 da \u00e7ok \u00f6nemlidir. G\u00f6rsellerin teknoloji ile birle\u015ftirilerek kullan\u0131lmas\u0131 ile \u00f6\u011frencilerin anlamas\u0131na yard\u0131mc\u0131 olabilir. \u00d6rne\u011fin, karekod ve Aurasma gibi artt\u0131r\u0131lm\u0131\u015f ger\u00e7eklik teknolojileri uygulamalar\u0131 fen derslerinde kullan\u0131labilir. B\u00f6ylece, g\u00f6rsellerin anla\u015f\u0131lmas\u0131 hayal edilmesi daha da kolayla\u015fabilir. \u00d6te yandan, sanal g\u00f6zl\u00fckler, sim\u00fclasyonlar, animasyonlar ve videolar gibi teknoloji \u00fcr\u00fcnleriyle fen dersleri daha da zevkli hale getirilebilir. \u00d6rne\u011fin, Phet sim\u00fclasyon programlar\u0131 ile dersler i\u015flenebilir (PHET interactive simulations). Dijital ve sanal d\u00fcnya e\u011fitimde gittik\u00e7e artan oranda kullan\u0131lmaktad\u0131r. \u00d6rne\u011fin, karekodlar\u0131n e\u011fitimde kullan\u0131m\u0131n\u0131n \u00f6\u011frenci ba\u015far\u0131s\u0131n\u0131 artt\u0131rd\u0131\u011f\u0131n\u0131 g\u00f6steren baz\u0131 \u00e7al\u0131\u015fmalar bulunmaktad\u0131r (Durak, \u00d6zkeskin ve Ataizi, 2016).<\/p>\n\n\n\n<p>Kaynak:<\/p>\n\n\n\n<p><a href=\"https:\/\/dergipark.org.tr\/tr\/download\/article-file\/620479\">https:\/\/dergipark.org.tr\/tr\/download\/article-file\/620479<\/a><\/p>\n","protected":false},"excerpt":{"rendered":"<p>Dersin Amac\u0131: Bu y\u00fcksek lisans dersi fen ve teknoloji e\u011fitiminde modern \u00f6\u011fretim ve \u00f6\u011frenme teori ve modellerini kullanarak bilgi ve ileti\u015fim teknolojileri ile desteklendirilmi\u015f \u00f6\u011fretim &hellip;<\/p>\n","protected":false},"author":1,"featured_media":0,"parent":9,"menu_order":0,"comment_status":"closed","ping_status":"closed","template":"","meta":{"om_disable_all_campaigns":false,"_monsterinsights_skip_tracking":false,"_monsterinsights_sitenote_active":false,"_monsterinsights_sitenote_note":"","_monsterinsights_sitenote_category":0,"footnotes":""},"class_list":["post-29","page","type-page","status-publish","hentry"],"yoast_head":"<!-- This site is optimized with the Yoast SEO plugin v27.2 - https:\/\/yoast.com\/product\/yoast-seo-wordpress\/ -->\n<title>1.Hafta: Bilgi ve \u0130leti\u015fim Teknolojileri Destekli \u0130lk\u00f6\u011fretimde Fen E\u011fitimi - Emine<\/title>\n<meta name=\"robots\" content=\"index, follow, max-snippet:-1, max-image-preview:large, max-video-preview:-1\" \/>\n<link rel=\"canonical\" href=\"https:\/\/icaseonline.net\/emine\/haftalar\/1-hafta\/\" \/>\n<meta property=\"og:locale\" content=\"en_US\" \/>\n<meta property=\"og:type\" content=\"article\" \/>\n<meta property=\"og:title\" content=\"1.Hafta: Bilgi ve \u0130leti\u015fim Teknolojileri Destekli \u0130lk\u00f6\u011fretimde Fen E\u011fitimi - Emine\" \/>\n<meta property=\"og:description\" content=\"Dersin Amac\u0131: Bu y\u00fcksek lisans dersi fen ve teknoloji e\u011fitiminde modern \u00f6\u011fretim ve \u00f6\u011frenme teori ve modellerini kullanarak bilgi ve ileti\u015fim teknolojileri ile desteklendirilmi\u015f \u00f6\u011fretim &hellip;\" \/>\n<meta property=\"og:url\" content=\"https:\/\/icaseonline.net\/emine\/haftalar\/1-hafta\/\" \/>\n<meta property=\"og:site_name\" content=\"Emine\" \/>\n<meta property=\"article:modified_time\" content=\"2022-10-12T17:58:15+00:00\" \/>\n<meta property=\"og:image\" content=\"https:\/\/icaseonline.net\/emine\/wp-content\/uploads\/2022\/10\/1609219287-7848-2.webp\" \/>\n<meta name=\"twitter:card\" content=\"summary_large_image\" \/>\n<meta name=\"twitter:label1\" content=\"Est. reading time\" \/>\n\t<meta name=\"twitter:data1\" content=\"3 minutes\" \/>\n<script type=\"application\/ld+json\" class=\"yoast-schema-graph\">{\"@context\":\"https:\/\/schema.org\",\"@graph\":[{\"@type\":\"WebPage\",\"@id\":\"https:\/\/icaseonline.net\/emine\/haftalar\/1-hafta\/\",\"url\":\"https:\/\/icaseonline.net\/emine\/haftalar\/1-hafta\/\",\"name\":\"1.Hafta: Bilgi ve \u0130leti\u015fim Teknolojileri Destekli \u0130lk\u00f6\u011fretimde Fen E\u011fitimi - Emine\",\"isPartOf\":{\"@id\":\"https:\/\/icaseonline.net\/emine\/#website\"},\"primaryImageOfPage\":{\"@id\":\"https:\/\/icaseonline.net\/emine\/haftalar\/1-hafta\/#primaryimage\"},\"image\":{\"@id\":\"https:\/\/icaseonline.net\/emine\/haftalar\/1-hafta\/#primaryimage\"},\"thumbnailUrl\":\"https:\/\/icaseonline.net\/emine\/wp-content\/uploads\/2022\/10\/1609219287-7848-2.webp\",\"datePublished\":\"2022-10-10T11:24:09+00:00\",\"dateModified\":\"2022-10-12T17:58:15+00:00\",\"breadcrumb\":{\"@id\":\"https:\/\/icaseonline.net\/emine\/haftalar\/1-hafta\/#breadcrumb\"},\"inLanguage\":\"en-US\",\"potentialAction\":[{\"@type\":\"ReadAction\",\"target\":[\"https:\/\/icaseonline.net\/emine\/haftalar\/1-hafta\/\"]}]},{\"@type\":\"ImageObject\",\"inLanguage\":\"en-US\",\"@id\":\"https:\/\/icaseonline.net\/emine\/haftalar\/1-hafta\/#primaryimage\",\"url\":\"https:\/\/icaseonline.net\/emine\/wp-content\/uploads\/2022\/10\/1609219287-7848-2.webp\",\"contentUrl\":\"https:\/\/icaseonline.net\/emine\/wp-content\/uploads\/2022\/10\/1609219287-7848-2.webp\",\"width\":620,\"height\":464},{\"@type\":\"BreadcrumbList\",\"@id\":\"https:\/\/icaseonline.net\/emine\/haftalar\/1-hafta\/#breadcrumb\",\"itemListElement\":[{\"@type\":\"ListItem\",\"position\":1,\"name\":\"Home\",\"item\":\"https:\/\/icaseonline.net\/emine\/\"},{\"@type\":\"ListItem\",\"position\":2,\"name\":\"Haftalar\",\"item\":\"https:\/\/icaseonline.net\/emine\/haftalar\/\"},{\"@type\":\"ListItem\",\"position\":3,\"name\":\"1.Hafta: Bilgi ve \u0130leti\u015fim Teknolojileri Destekli \u0130lk\u00f6\u011fretimde Fen E\u011fitimi\"}]},{\"@type\":\"WebSite\",\"@id\":\"https:\/\/icaseonline.net\/emine\/#website\",\"url\":\"https:\/\/icaseonline.net\/emine\/\",\"name\":\"Emine\",\"description\":\"Bilgi ve \u0130leti\u015fim Teknoloji Destekli Fen E\u011fitimi\",\"potentialAction\":[{\"@type\":\"SearchAction\",\"target\":{\"@type\":\"EntryPoint\",\"urlTemplate\":\"https:\/\/icaseonline.net\/emine\/?s={search_term_string}\"},\"query-input\":{\"@type\":\"PropertyValueSpecification\",\"valueRequired\":true,\"valueName\":\"search_term_string\"}}],\"inLanguage\":\"en-US\"}]}<\/script>\n<!-- \/ Yoast SEO plugin. -->","yoast_head_json":{"title":"1.Hafta: Bilgi ve \u0130leti\u015fim Teknolojileri Destekli \u0130lk\u00f6\u011fretimde Fen E\u011fitimi - Emine","robots":{"index":"index","follow":"follow","max-snippet":"max-snippet:-1","max-image-preview":"max-image-preview:large","max-video-preview":"max-video-preview:-1"},"canonical":"https:\/\/icaseonline.net\/emine\/haftalar\/1-hafta\/","og_locale":"en_US","og_type":"article","og_title":"1.Hafta: Bilgi ve \u0130leti\u015fim Teknolojileri Destekli \u0130lk\u00f6\u011fretimde Fen E\u011fitimi - Emine","og_description":"Dersin Amac\u0131: Bu y\u00fcksek lisans dersi fen ve teknoloji e\u011fitiminde modern \u00f6\u011fretim ve \u00f6\u011frenme teori ve modellerini kullanarak bilgi ve ileti\u015fim teknolojileri ile desteklendirilmi\u015f \u00f6\u011fretim &hellip;","og_url":"https:\/\/icaseonline.net\/emine\/haftalar\/1-hafta\/","og_site_name":"Emine","article_modified_time":"2022-10-12T17:58:15+00:00","og_image":[{"url":"https:\/\/icaseonline.net\/emine\/wp-content\/uploads\/2022\/10\/1609219287-7848-2.webp","type":"","width":"","height":""}],"twitter_card":"summary_large_image","twitter_misc":{"Est. reading time":"3 minutes"},"schema":{"@context":"https:\/\/schema.org","@graph":[{"@type":"WebPage","@id":"https:\/\/icaseonline.net\/emine\/haftalar\/1-hafta\/","url":"https:\/\/icaseonline.net\/emine\/haftalar\/1-hafta\/","name":"1.Hafta: Bilgi ve \u0130leti\u015fim Teknolojileri Destekli \u0130lk\u00f6\u011fretimde Fen E\u011fitimi - Emine","isPartOf":{"@id":"https:\/\/icaseonline.net\/emine\/#website"},"primaryImageOfPage":{"@id":"https:\/\/icaseonline.net\/emine\/haftalar\/1-hafta\/#primaryimage"},"image":{"@id":"https:\/\/icaseonline.net\/emine\/haftalar\/1-hafta\/#primaryimage"},"thumbnailUrl":"https:\/\/icaseonline.net\/emine\/wp-content\/uploads\/2022\/10\/1609219287-7848-2.webp","datePublished":"2022-10-10T11:24:09+00:00","dateModified":"2022-10-12T17:58:15+00:00","breadcrumb":{"@id":"https:\/\/icaseonline.net\/emine\/haftalar\/1-hafta\/#breadcrumb"},"inLanguage":"en-US","potentialAction":[{"@type":"ReadAction","target":["https:\/\/icaseonline.net\/emine\/haftalar\/1-hafta\/"]}]},{"@type":"ImageObject","inLanguage":"en-US","@id":"https:\/\/icaseonline.net\/emine\/haftalar\/1-hafta\/#primaryimage","url":"https:\/\/icaseonline.net\/emine\/wp-content\/uploads\/2022\/10\/1609219287-7848-2.webp","contentUrl":"https:\/\/icaseonline.net\/emine\/wp-content\/uploads\/2022\/10\/1609219287-7848-2.webp","width":620,"height":464},{"@type":"BreadcrumbList","@id":"https:\/\/icaseonline.net\/emine\/haftalar\/1-hafta\/#breadcrumb","itemListElement":[{"@type":"ListItem","position":1,"name":"Home","item":"https:\/\/icaseonline.net\/emine\/"},{"@type":"ListItem","position":2,"name":"Haftalar","item":"https:\/\/icaseonline.net\/emine\/haftalar\/"},{"@type":"ListItem","position":3,"name":"1.Hafta: Bilgi ve \u0130leti\u015fim Teknolojileri Destekli \u0130lk\u00f6\u011fretimde Fen E\u011fitimi"}]},{"@type":"WebSite","@id":"https:\/\/icaseonline.net\/emine\/#website","url":"https:\/\/icaseonline.net\/emine\/","name":"Emine","description":"Bilgi ve \u0130leti\u015fim Teknoloji Destekli Fen E\u011fitimi","potentialAction":[{"@type":"SearchAction","target":{"@type":"EntryPoint","urlTemplate":"https:\/\/icaseonline.net\/emine\/?s={search_term_string}"},"query-input":{"@type":"PropertyValueSpecification","valueRequired":true,"valueName":"search_term_string"}}],"inLanguage":"en-US"}]}},"jetpack_sharing_enabled":true,"_links":{"self":[{"href":"https:\/\/icaseonline.net\/emine\/wp-json\/wp\/v2\/pages\/29","targetHints":{"allow":["GET"]}}],"collection":[{"href":"https:\/\/icaseonline.net\/emine\/wp-json\/wp\/v2\/pages"}],"about":[{"href":"https:\/\/icaseonline.net\/emine\/wp-json\/wp\/v2\/types\/page"}],"author":[{"embeddable":true,"href":"https:\/\/icaseonline.net\/emine\/wp-json\/wp\/v2\/users\/1"}],"replies":[{"embeddable":true,"href":"https:\/\/icaseonline.net\/emine\/wp-json\/wp\/v2\/comments?post=29"}],"version-history":[{"count":4,"href":"https:\/\/icaseonline.net\/emine\/wp-json\/wp\/v2\/pages\/29\/revisions"}],"predecessor-version":[{"id":118,"href":"https:\/\/icaseonline.net\/emine\/wp-json\/wp\/v2\/pages\/29\/revisions\/118"}],"up":[{"embeddable":true,"href":"https:\/\/icaseonline.net\/emine\/wp-json\/wp\/v2\/pages\/9"}],"wp:attachment":[{"href":"https:\/\/icaseonline.net\/emine\/wp-json\/wp\/v2\/media?parent=29"}],"curies":[{"name":"wp","href":"https:\/\/api.w.org\/{rel}","templated":true}]}}