{"id":23,"date":"2022-10-10T10:58:27","date_gmt":"2022-10-10T10:58:27","guid":{"rendered":"https:\/\/icaseonline.net\/emine\/?page_id=23"},"modified":"2022-10-11T21:41:59","modified_gmt":"2022-10-11T21:41:59","slug":"anasayfa","status":"publish","type":"page","link":"https:\/\/icaseonline.net\/emine\/","title":{"rendered":"Anasayfa"},"content":{"rendered":"\n<figure class=\"wp-block-image size-full is-resized\"><img loading=\"lazy\" decoding=\"async\" src=\"https:\/\/icaseonline.net\/emine\/wp-content\/uploads\/2022\/10\/istanbul-buyukcekmece-ozel-bilisim-ve-yazilim-liseleri-1.jpg\" alt=\"\" class=\"wp-image-78\" width=\"519\" height=\"293\" srcset=\"https:\/\/icaseonline.net\/emine\/wp-content\/uploads\/2022\/10\/istanbul-buyukcekmece-ozel-bilisim-ve-yazilim-liseleri-1.jpg 750w, https:\/\/icaseonline.net\/emine\/wp-content\/uploads\/2022\/10\/istanbul-buyukcekmece-ozel-bilisim-ve-yazilim-liseleri-1-300x169.jpg 300w, https:\/\/icaseonline.net\/emine\/wp-content\/uploads\/2022\/10\/istanbul-buyukcekmece-ozel-bilisim-ve-yazilim-liseleri-1-421x237.jpg 421w\" sizes=\"auto, (max-width: 519px) 100vw, 519px\" \/><\/figure>\n\n\n\n<p>Ho\u015fgeldiniz, Bu site Bilgi ve \u0130leti\u015fim Teknolojileri Destekli Fen E\u011fitimi y\u00fcksek lisans dersi kapsam\u0131nda haz\u0131rlanm\u0131\u015ft\u0131r.<\/p>\n\n\n\n<p>Bu y\u00fcksek lisans dersi fen ve teknoloji e\u011fitiminde modern \u00f6\u011fretim ve \u00f6\u011frenme teori ve modellerini kullanarak bilgi ve ileti\u015fim teknolojileri ile desteklendirilmi\u015f \u00f6\u011fretim materyalleri geli\u015ftirmeyi ve uygulamay\u0131 hedeflemektedir.<\/p>\n\n\n\n<p><\/p>\n\n\n\n<p><em><strong>Dersin \u00f6\u011frenme kazan\u0131mlar\u0131:&nbsp;<\/strong><\/em><\/p>\n\n\n\n<p>1. Bilgi ve ileti\u015fim teknolojileri tabanl\u0131 uygulamalar\u0131 kullanarak \u00f6\u011fretim materyalleri geli\u015ftirme<\/p>\n\n\n\n<p>2. B\u0130T tabanl\u0131 \u00f6\u011fretim materyallerini ilk\u00f6\u011fretim fen e\u011fitimine uygulayabilme<\/p>\n\n\n\n<p>3. \u00d6\u011fretim materyallerini \u00f6\u011frencilerin ba\u015far\u0131lar\u0131 ve tutumlar\u0131 a\u00e7\u0131s\u0131ndan de\u011ferlendirme<\/p>\n\n\n\n<figure class=\"wp-block-image size-large is-resized\"><img loading=\"lazy\" decoding=\"async\" src=\"https:\/\/icaseonline.net\/emine\/wp-content\/uploads\/2022\/10\/BE96DAD2-F54B-4A94-95FA-CBD20D55B2CD_w1200_r1-1-1024x576.webp\" alt=\"\" class=\"wp-image-79\" width=\"549\" height=\"309\" srcset=\"https:\/\/icaseonline.net\/emine\/wp-content\/uploads\/2022\/10\/BE96DAD2-F54B-4A94-95FA-CBD20D55B2CD_w1200_r1-1-1024x576.webp 1024w, https:\/\/icaseonline.net\/emine\/wp-content\/uploads\/2022\/10\/BE96DAD2-F54B-4A94-95FA-CBD20D55B2CD_w1200_r1-1-300x169.webp 300w, https:\/\/icaseonline.net\/emine\/wp-content\/uploads\/2022\/10\/BE96DAD2-F54B-4A94-95FA-CBD20D55B2CD_w1200_r1-1-768x432.webp 768w, https:\/\/icaseonline.net\/emine\/wp-content\/uploads\/2022\/10\/BE96DAD2-F54B-4A94-95FA-CBD20D55B2CD_w1200_r1-1-421x237.webp 421w, https:\/\/icaseonline.net\/emine\/wp-content\/uploads\/2022\/10\/BE96DAD2-F54B-4A94-95FA-CBD20D55B2CD_w1200_r1-1.webp 1200w\" sizes=\"auto, (max-width: 549px) 100vw, 549px\" \/><\/figure>\n","protected":false},"excerpt":{"rendered":"<p>Ho\u015fgeldiniz, Bu site Bilgi ve \u0130leti\u015fim Teknolojileri Destekli Fen E\u011fitimi y\u00fcksek lisans dersi kapsam\u0131nda haz\u0131rlanm\u0131\u015ft\u0131r. Bu y\u00fcksek lisans dersi fen ve teknoloji e\u011fitiminde modern \u00f6\u011fretim &hellip;<\/p>\n","protected":false},"author":1,"featured_media":0,"parent":0,"menu_order":0,"comment_status":"closed","ping_status":"closed","template":"","meta":{"om_disable_all_campaigns":false,"_monsterinsights_skip_tracking":false,"_monsterinsights_sitenote_active":false,"_monsterinsights_sitenote_note":"","_monsterinsights_sitenote_category":0,"footnotes":""},"class_list":["post-23","page","type-page","status-publish","hentry"],"yoast_head":"<!-- This site is optimized with the Yoast SEO plugin v27.2 - https:\/\/yoast.com\/product\/yoast-seo-wordpress\/ -->\n<title>Anasayfa - Emine<\/title>\n<meta name=\"robots\" content=\"index, follow, max-snippet:-1, max-image-preview:large, max-video-preview:-1\" \/>\n<link rel=\"canonical\" href=\"https:\/\/icaseonline.net\/emine\/\" \/>\n<meta property=\"og:locale\" content=\"en_US\" \/>\n<meta property=\"og:type\" content=\"article\" \/>\n<meta property=\"og:title\" content=\"Anasayfa - Emine\" \/>\n<meta property=\"og:description\" content=\"Ho\u015fgeldiniz, Bu site Bilgi ve \u0130leti\u015fim Teknolojileri Destekli Fen E\u011fitimi y\u00fcksek lisans dersi kapsam\u0131nda haz\u0131rlanm\u0131\u015ft\u0131r. Bu y\u00fcksek lisans dersi fen ve teknoloji e\u011fitiminde modern \u00f6\u011fretim &hellip;\" \/>\n<meta property=\"og:url\" content=\"https:\/\/icaseonline.net\/emine\/\" \/>\n<meta property=\"og:site_name\" content=\"Emine\" \/>\n<meta property=\"article:modified_time\" content=\"2022-10-11T21:41:59+00:00\" \/>\n<meta property=\"og:image\" content=\"https:\/\/icaseonline.net\/emine\/wp-content\/uploads\/2022\/10\/istanbul-buyukcekmece-ozel-bilisim-ve-yazilim-liseleri-1.jpg\" \/>\n<meta name=\"twitter:card\" content=\"summary_large_image\" \/>\n<meta name=\"twitter:label1\" content=\"Est. reading time\" \/>\n\t<meta name=\"twitter:data1\" content=\"1 minute\" \/>\n<script type=\"application\/ld+json\" class=\"yoast-schema-graph\">{\"@context\":\"https:\/\/schema.org\",\"@graph\":[{\"@type\":\"WebPage\",\"@id\":\"https:\/\/icaseonline.net\/emine\/\",\"url\":\"https:\/\/icaseonline.net\/emine\/\",\"name\":\"Anasayfa - Emine\",\"isPartOf\":{\"@id\":\"https:\/\/icaseonline.net\/emine\/#website\"},\"primaryImageOfPage\":{\"@id\":\"https:\/\/icaseonline.net\/emine\/#primaryimage\"},\"image\":{\"@id\":\"https:\/\/icaseonline.net\/emine\/#primaryimage\"},\"thumbnailUrl\":\"https:\/\/icaseonline.net\/emine\/wp-content\/uploads\/2022\/10\/istanbul-buyukcekmece-ozel-bilisim-ve-yazilim-liseleri-1.jpg\",\"datePublished\":\"2022-10-10T10:58:27+00:00\",\"dateModified\":\"2022-10-11T21:41:59+00:00\",\"breadcrumb\":{\"@id\":\"https:\/\/icaseonline.net\/emine\/#breadcrumb\"},\"inLanguage\":\"en-US\",\"potentialAction\":[{\"@type\":\"ReadAction\",\"target\":[\"https:\/\/icaseonline.net\/emine\/\"]}]},{\"@type\":\"ImageObject\",\"inLanguage\":\"en-US\",\"@id\":\"https:\/\/icaseonline.net\/emine\/#primaryimage\",\"url\":\"https:\/\/icaseonline.net\/emine\/wp-content\/uploads\/2022\/10\/istanbul-buyukcekmece-ozel-bilisim-ve-yazilim-liseleri-1.jpg\",\"contentUrl\":\"https:\/\/icaseonline.net\/emine\/wp-content\/uploads\/2022\/10\/istanbul-buyukcekmece-ozel-bilisim-ve-yazilim-liseleri-1.jpg\",\"width\":750,\"height\":422},{\"@type\":\"BreadcrumbList\",\"@id\":\"https:\/\/icaseonline.net\/emine\/#breadcrumb\",\"itemListElement\":[{\"@type\":\"ListItem\",\"position\":1,\"name\":\"Home\",\"item\":\"https:\/\/icaseonline.net\/emine\/\"},{\"@type\":\"ListItem\",\"position\":2,\"name\":\"Anasayfa\"}]},{\"@type\":\"WebSite\",\"@id\":\"https:\/\/icaseonline.net\/emine\/#website\",\"url\":\"https:\/\/icaseonline.net\/emine\/\",\"name\":\"Emine\",\"description\":\"Bilgi ve \u0130leti\u015fim Teknoloji Destekli Fen E\u011fitimi\",\"potentialAction\":[{\"@type\":\"SearchAction\",\"target\":{\"@type\":\"EntryPoint\",\"urlTemplate\":\"https:\/\/icaseonline.net\/emine\/?s={search_term_string}\"},\"query-input\":{\"@type\":\"PropertyValueSpecification\",\"valueRequired\":true,\"valueName\":\"search_term_string\"}}],\"inLanguage\":\"en-US\"}]}<\/script>\n<!-- \/ Yoast SEO plugin. -->","yoast_head_json":{"title":"Anasayfa - Emine","robots":{"index":"index","follow":"follow","max-snippet":"max-snippet:-1","max-image-preview":"max-image-preview:large","max-video-preview":"max-video-preview:-1"},"canonical":"https:\/\/icaseonline.net\/emine\/","og_locale":"en_US","og_type":"article","og_title":"Anasayfa - Emine","og_description":"Ho\u015fgeldiniz, Bu site Bilgi ve \u0130leti\u015fim Teknolojileri Destekli Fen E\u011fitimi y\u00fcksek lisans dersi kapsam\u0131nda haz\u0131rlanm\u0131\u015ft\u0131r. Bu y\u00fcksek lisans dersi fen ve teknoloji e\u011fitiminde modern \u00f6\u011fretim &hellip;","og_url":"https:\/\/icaseonline.net\/emine\/","og_site_name":"Emine","article_modified_time":"2022-10-11T21:41:59+00:00","og_image":[{"url":"https:\/\/icaseonline.net\/emine\/wp-content\/uploads\/2022\/10\/istanbul-buyukcekmece-ozel-bilisim-ve-yazilim-liseleri-1.jpg","type":"","width":"","height":""}],"twitter_card":"summary_large_image","twitter_misc":{"Est. reading time":"1 minute"},"schema":{"@context":"https:\/\/schema.org","@graph":[{"@type":"WebPage","@id":"https:\/\/icaseonline.net\/emine\/","url":"https:\/\/icaseonline.net\/emine\/","name":"Anasayfa - Emine","isPartOf":{"@id":"https:\/\/icaseonline.net\/emine\/#website"},"primaryImageOfPage":{"@id":"https:\/\/icaseonline.net\/emine\/#primaryimage"},"image":{"@id":"https:\/\/icaseonline.net\/emine\/#primaryimage"},"thumbnailUrl":"https:\/\/icaseonline.net\/emine\/wp-content\/uploads\/2022\/10\/istanbul-buyukcekmece-ozel-bilisim-ve-yazilim-liseleri-1.jpg","datePublished":"2022-10-10T10:58:27+00:00","dateModified":"2022-10-11T21:41:59+00:00","breadcrumb":{"@id":"https:\/\/icaseonline.net\/emine\/#breadcrumb"},"inLanguage":"en-US","potentialAction":[{"@type":"ReadAction","target":["https:\/\/icaseonline.net\/emine\/"]}]},{"@type":"ImageObject","inLanguage":"en-US","@id":"https:\/\/icaseonline.net\/emine\/#primaryimage","url":"https:\/\/icaseonline.net\/emine\/wp-content\/uploads\/2022\/10\/istanbul-buyukcekmece-ozel-bilisim-ve-yazilim-liseleri-1.jpg","contentUrl":"https:\/\/icaseonline.net\/emine\/wp-content\/uploads\/2022\/10\/istanbul-buyukcekmece-ozel-bilisim-ve-yazilim-liseleri-1.jpg","width":750,"height":422},{"@type":"BreadcrumbList","@id":"https:\/\/icaseonline.net\/emine\/#breadcrumb","itemListElement":[{"@type":"ListItem","position":1,"name":"Home","item":"https:\/\/icaseonline.net\/emine\/"},{"@type":"ListItem","position":2,"name":"Anasayfa"}]},{"@type":"WebSite","@id":"https:\/\/icaseonline.net\/emine\/#website","url":"https:\/\/icaseonline.net\/emine\/","name":"Emine","description":"Bilgi ve \u0130leti\u015fim Teknoloji Destekli Fen E\u011fitimi","potentialAction":[{"@type":"SearchAction","target":{"@type":"EntryPoint","urlTemplate":"https:\/\/icaseonline.net\/emine\/?s={search_term_string}"},"query-input":{"@type":"PropertyValueSpecification","valueRequired":true,"valueName":"search_term_string"}}],"inLanguage":"en-US"}]}},"jetpack_sharing_enabled":true,"_links":{"self":[{"href":"https:\/\/icaseonline.net\/emine\/wp-json\/wp\/v2\/pages\/23","targetHints":{"allow":["GET"]}}],"collection":[{"href":"https:\/\/icaseonline.net\/emine\/wp-json\/wp\/v2\/pages"}],"about":[{"href":"https:\/\/icaseonline.net\/emine\/wp-json\/wp\/v2\/types\/page"}],"author":[{"embeddable":true,"href":"https:\/\/icaseonline.net\/emine\/wp-json\/wp\/v2\/users\/1"}],"replies":[{"embeddable":true,"href":"https:\/\/icaseonline.net\/emine\/wp-json\/wp\/v2\/comments?post=23"}],"version-history":[{"count":3,"href":"https:\/\/icaseonline.net\/emine\/wp-json\/wp\/v2\/pages\/23\/revisions"}],"predecessor-version":[{"id":80,"href":"https:\/\/icaseonline.net\/emine\/wp-json\/wp\/v2\/pages\/23\/revisions\/80"}],"wp:attachment":[{"href":"https:\/\/icaseonline.net\/emine\/wp-json\/wp\/v2\/media?parent=23"}],"curies":[{"name":"wp","href":"https:\/\/api.w.org\/{rel}","templated":true}]}}