{"id":103,"date":"2022-10-12T17:44:52","date_gmt":"2022-10-12T17:44:52","guid":{"rendered":"https:\/\/icaseonline.net\/emine\/?page_id=103"},"modified":"2022-10-17T10:13:33","modified_gmt":"2022-10-17T10:13:33","slug":"5-hafta","status":"publish","type":"page","link":"https:\/\/icaseonline.net\/emine\/haftalar\/5-hafta\/","title":{"rendered":"5.Hafta: Lego Mindstorms EV3 Programming Tutorial"},"content":{"rendered":"","protected":false},"excerpt":{"rendered":"","protected":false},"author":1,"featured_media":0,"parent":9,"menu_order":0,"comment_status":"closed","ping_status":"closed","template":"","meta":{"om_disable_all_campaigns":false,"_monsterinsights_skip_tracking":false,"_monsterinsights_sitenote_active":false,"_monsterinsights_sitenote_note":"","_monsterinsights_sitenote_category":0,"footnotes":""},"class_list":["post-103","page","type-page","status-publish","hentry"],"yoast_head":"<!-- This site is optimized with the Yoast SEO plugin v27.2 - https:\/\/yoast.com\/product\/yoast-seo-wordpress\/ -->\n<title>5.Hafta: Lego Mindstorms EV3 Programming Tutorial - Emine<\/title>\n<meta name=\"robots\" content=\"index, follow, max-snippet:-1, max-image-preview:large, max-video-preview:-1\" \/>\n<link rel=\"canonical\" href=\"https:\/\/icaseonline.net\/emine\/haftalar\/5-hafta\/\" \/>\n<meta property=\"og:locale\" content=\"en_US\" \/>\n<meta property=\"og:type\" content=\"article\" \/>\n<meta property=\"og:title\" content=\"5.Hafta: Lego Mindstorms EV3 Programming Tutorial - Emine\" \/>\n<meta property=\"og:url\" content=\"https:\/\/icaseonline.net\/emine\/haftalar\/5-hafta\/\" \/>\n<meta property=\"og:site_name\" content=\"Emine\" \/>\n<meta property=\"article:modified_time\" content=\"2022-10-17T10:13:33+00:00\" \/>\n<meta name=\"twitter:card\" content=\"summary_large_image\" \/>\n<script type=\"application\/ld+json\" class=\"yoast-schema-graph\">{\"@context\":\"https:\/\/schema.org\",\"@graph\":[{\"@type\":\"WebPage\",\"@id\":\"https:\/\/icaseonline.net\/emine\/haftalar\/5-hafta\/\",\"url\":\"https:\/\/icaseonline.net\/emine\/haftalar\/5-hafta\/\",\"name\":\"5.Hafta: Lego Mindstorms EV3 Programming Tutorial - Emine\",\"isPartOf\":{\"@id\":\"https:\/\/icaseonline.net\/emine\/#website\"},\"datePublished\":\"2022-10-12T17:44:52+00:00\",\"dateModified\":\"2022-10-17T10:13:33+00:00\",\"breadcrumb\":{\"@id\":\"https:\/\/icaseonline.net\/emine\/haftalar\/5-hafta\/#breadcrumb\"},\"inLanguage\":\"en-US\",\"potentialAction\":[{\"@type\":\"ReadAction\",\"target\":[\"https:\/\/icaseonline.net\/emine\/haftalar\/5-hafta\/\"]}]},{\"@type\":\"BreadcrumbList\",\"@id\":\"https:\/\/icaseonline.net\/emine\/haftalar\/5-hafta\/#breadcrumb\",\"itemListElement\":[{\"@type\":\"ListItem\",\"position\":1,\"name\":\"Home\",\"item\":\"https:\/\/icaseonline.net\/emine\/\"},{\"@type\":\"ListItem\",\"position\":2,\"name\":\"Haftalar\",\"item\":\"https:\/\/icaseonline.net\/emine\/haftalar\/\"},{\"@type\":\"ListItem\",\"position\":3,\"name\":\"5.Hafta: Lego Mindstorms EV3 Programming Tutorial\"}]},{\"@type\":\"WebSite\",\"@id\":\"https:\/\/icaseonline.net\/emine\/#website\",\"url\":\"https:\/\/icaseonline.net\/emine\/\",\"name\":\"Emine\",\"description\":\"Bilgi ve \u0130leti\u015fim Teknoloji Destekli Fen E\u011fitimi\",\"potentialAction\":[{\"@type\":\"SearchAction\",\"target\":{\"@type\":\"EntryPoint\",\"urlTemplate\":\"https:\/\/icaseonline.net\/emine\/?s={search_term_string}\"},\"query-input\":{\"@type\":\"PropertyValueSpecification\",\"valueRequired\":true,\"valueName\":\"search_term_string\"}}],\"inLanguage\":\"en-US\"}]}<\/script>\n<!-- \/ Yoast SEO plugin. -->","yoast_head_json":{"title":"5.Hafta: Lego Mindstorms EV3 Programming Tutorial - Emine","robots":{"index":"index","follow":"follow","max-snippet":"max-snippet:-1","max-image-preview":"max-image-preview:large","max-video-preview":"max-video-preview:-1"},"canonical":"https:\/\/icaseonline.net\/emine\/haftalar\/5-hafta\/","og_locale":"en_US","og_type":"article","og_title":"5.Hafta: Lego Mindstorms EV3 Programming Tutorial - Emine","og_url":"https:\/\/icaseonline.net\/emine\/haftalar\/5-hafta\/","og_site_name":"Emine","article_modified_time":"2022-10-17T10:13:33+00:00","twitter_card":"summary_large_image","schema":{"@context":"https:\/\/schema.org","@graph":[{"@type":"WebPage","@id":"https:\/\/icaseonline.net\/emine\/haftalar\/5-hafta\/","url":"https:\/\/icaseonline.net\/emine\/haftalar\/5-hafta\/","name":"5.Hafta: Lego Mindstorms EV3 Programming Tutorial - Emine","isPartOf":{"@id":"https:\/\/icaseonline.net\/emine\/#website"},"datePublished":"2022-10-12T17:44:52+00:00","dateModified":"2022-10-17T10:13:33+00:00","breadcrumb":{"@id":"https:\/\/icaseonline.net\/emine\/haftalar\/5-hafta\/#breadcrumb"},"inLanguage":"en-US","potentialAction":[{"@type":"ReadAction","target":["https:\/\/icaseonline.net\/emine\/haftalar\/5-hafta\/"]}]},{"@type":"BreadcrumbList","@id":"https:\/\/icaseonline.net\/emine\/haftalar\/5-hafta\/#breadcrumb","itemListElement":[{"@type":"ListItem","position":1,"name":"Home","item":"https:\/\/icaseonline.net\/emine\/"},{"@type":"ListItem","position":2,"name":"Haftalar","item":"https:\/\/icaseonline.net\/emine\/haftalar\/"},{"@type":"ListItem","position":3,"name":"5.Hafta: Lego Mindstorms EV3 Programming Tutorial"}]},{"@type":"WebSite","@id":"https:\/\/icaseonline.net\/emine\/#website","url":"https:\/\/icaseonline.net\/emine\/","name":"Emine","description":"Bilgi ve \u0130leti\u015fim Teknoloji Destekli Fen E\u011fitimi","potentialAction":[{"@type":"SearchAction","target":{"@type":"EntryPoint","urlTemplate":"https:\/\/icaseonline.net\/emine\/?s={search_term_string}"},"query-input":{"@type":"PropertyValueSpecification","valueRequired":true,"valueName":"search_term_string"}}],"inLanguage":"en-US"}]}},"jetpack_sharing_enabled":true,"_links":{"self":[{"href":"https:\/\/icaseonline.net\/emine\/wp-json\/wp\/v2\/pages\/103","targetHints":{"allow":["GET"]}}],"collection":[{"href":"https:\/\/icaseonline.net\/emine\/wp-json\/wp\/v2\/pages"}],"about":[{"href":"https:\/\/icaseonline.net\/emine\/wp-json\/wp\/v2\/types\/page"}],"author":[{"embeddable":true,"href":"https:\/\/icaseonline.net\/emine\/wp-json\/wp\/v2\/users\/1"}],"replies":[{"embeddable":true,"href":"https:\/\/icaseonline.net\/emine\/wp-json\/wp\/v2\/comments?post=103"}],"version-history":[{"count":2,"href":"https:\/\/icaseonline.net\/emine\/wp-json\/wp\/v2\/pages\/103\/revisions"}],"predecessor-version":[{"id":131,"href":"https:\/\/icaseonline.net\/emine\/wp-json\/wp\/v2\/pages\/103\/revisions\/131"}],"up":[{"embeddable":true,"href":"https:\/\/icaseonline.net\/emine\/wp-json\/wp\/v2\/pages\/9"}],"wp:attachment":[{"href":"https:\/\/icaseonline.net\/emine\/wp-json\/wp\/v2\/media?parent=103"}],"curies":[{"name":"wp","href":"https:\/\/api.w.org\/{rel}","templated":true}]}}