{"id":141,"date":"2022-10-16T21:09:51","date_gmt":"2022-10-16T21:09:51","guid":{"rendered":"https:\/\/icaseonline.net\/damla2\/?page_id=141"},"modified":"2022-10-16T21:23:14","modified_gmt":"2022-10-16T21:23:14","slug":"10-hafta-ilkogretim-fen-ogretim-materyallerinin-dijitallestirilmesi","status":"publish","type":"page","link":"https:\/\/icaseonline.net\/damla2\/haftalar\/10-hafta-ilkogretim-fen-ogretim-materyallerinin-dijitallestirilmesi\/","title":{"rendered":"10.Hafta: \u0130lk\u00f6\u011fretim fen \u00f6\u011fretim materyallerinin dijitalle\u015ftirilmesi"},"content":{"rendered":"\n<p>\u0130lk\u00f6\u011fretim fen \u00f6\u011fretim materyallerinin dijitalle\u015ftirilmesi<\/p>\n","protected":false},"excerpt":{"rendered":"<p>\u0130lk\u00f6\u011fretim fen \u00f6\u011fretim materyallerinin dijitalle\u015ftirilmesi<\/p>\n","protected":false},"author":1,"featured_media":0,"parent":34,"menu_order":10,"comment_status":"closed","ping_status":"closed","template":"","meta":{"om_disable_all_campaigns":false,"_monsterinsights_skip_tracking":false,"_monsterinsights_sitenote_active":false,"_monsterinsights_sitenote_note":"","_monsterinsights_sitenote_category":0,"footnotes":""},"class_list":["post-141","page","type-page","status-publish","hentry"],"yoast_head":"<!-- This site is optimized with the Yoast SEO plugin v27.2 - https:\/\/yoast.com\/product\/yoast-seo-wordpress\/ -->\n<title>10.Hafta: \u0130lk\u00f6\u011fretim fen \u00f6\u011fretim materyallerinin dijitalle\u015ftirilmesi - Damla G\u00d6L<\/title>\n<meta name=\"robots\" content=\"index, follow, max-snippet:-1, max-image-preview:large, max-video-preview:-1\" \/>\n<link rel=\"canonical\" href=\"https:\/\/icaseonline.net\/damla2\/haftalar\/10-hafta-ilkogretim-fen-ogretim-materyallerinin-dijitallestirilmesi\/\" \/>\n<meta property=\"og:locale\" content=\"en_US\" \/>\n<meta property=\"og:type\" content=\"article\" \/>\n<meta property=\"og:title\" content=\"10.Hafta: \u0130lk\u00f6\u011fretim fen \u00f6\u011fretim materyallerinin dijitalle\u015ftirilmesi - Damla G\u00d6L\" \/>\n<meta property=\"og:description\" content=\"\u0130lk\u00f6\u011fretim fen \u00f6\u011fretim materyallerinin dijitalle\u015ftirilmesi\" \/>\n<meta property=\"og:url\" content=\"https:\/\/icaseonline.net\/damla2\/haftalar\/10-hafta-ilkogretim-fen-ogretim-materyallerinin-dijitallestirilmesi\/\" \/>\n<meta property=\"og:site_name\" content=\"Damla G\u00d6L\" \/>\n<meta property=\"article:modified_time\" content=\"2022-10-16T21:23:14+00:00\" \/>\n<meta name=\"twitter:card\" content=\"summary_large_image\" \/>\n<meta name=\"twitter:label1\" content=\"Est. reading time\" \/>\n\t<meta name=\"twitter:data1\" content=\"1 minute\" \/>\n<script type=\"application\/ld+json\" class=\"yoast-schema-graph\">{\"@context\":\"https:\/\/schema.org\",\"@graph\":[{\"@type\":\"WebPage\",\"@id\":\"https:\/\/icaseonline.net\/damla2\/haftalar\/10-hafta-ilkogretim-fen-ogretim-materyallerinin-dijitallestirilmesi\/\",\"url\":\"https:\/\/icaseonline.net\/damla2\/haftalar\/10-hafta-ilkogretim-fen-ogretim-materyallerinin-dijitallestirilmesi\/\",\"name\":\"10.Hafta: \u0130lk\u00f6\u011fretim fen \u00f6\u011fretim materyallerinin dijitalle\u015ftirilmesi - Damla G\u00d6L\",\"isPartOf\":{\"@id\":\"https:\/\/icaseonline.net\/damla2\/#website\"},\"datePublished\":\"2022-10-16T21:09:51+00:00\",\"dateModified\":\"2022-10-16T21:23:14+00:00\",\"breadcrumb\":{\"@id\":\"https:\/\/icaseonline.net\/damla2\/haftalar\/10-hafta-ilkogretim-fen-ogretim-materyallerinin-dijitallestirilmesi\/#breadcrumb\"},\"inLanguage\":\"en-US\",\"potentialAction\":[{\"@type\":\"ReadAction\",\"target\":[\"https:\/\/icaseonline.net\/damla2\/haftalar\/10-hafta-ilkogretim-fen-ogretim-materyallerinin-dijitallestirilmesi\/\"]}]},{\"@type\":\"BreadcrumbList\",\"@id\":\"https:\/\/icaseonline.net\/damla2\/haftalar\/10-hafta-ilkogretim-fen-ogretim-materyallerinin-dijitallestirilmesi\/#breadcrumb\",\"itemListElement\":[{\"@type\":\"ListItem\",\"position\":1,\"name\":\"Home\",\"item\":\"https:\/\/icaseonline.net\/damla2\/\"},{\"@type\":\"ListItem\",\"position\":2,\"name\":\"Haftalar\",\"item\":\"https:\/\/icaseonline.net\/damla2\/haftalar\/\"},{\"@type\":\"ListItem\",\"position\":3,\"name\":\"10.Hafta: \u0130lk\u00f6\u011fretim fen \u00f6\u011fretim materyallerinin dijitalle\u015ftirilmesi\"}]},{\"@type\":\"WebSite\",\"@id\":\"https:\/\/icaseonline.net\/damla2\/#website\",\"url\":\"https:\/\/icaseonline.net\/damla2\/\",\"name\":\"Damla G\u00d6L\",\"description\":\"BIT Dersi\",\"potentialAction\":[{\"@type\":\"SearchAction\",\"target\":{\"@type\":\"EntryPoint\",\"urlTemplate\":\"https:\/\/icaseonline.net\/damla2\/?s={search_term_string}\"},\"query-input\":{\"@type\":\"PropertyValueSpecification\",\"valueRequired\":true,\"valueName\":\"search_term_string\"}}],\"inLanguage\":\"en-US\"}]}<\/script>\n<!-- \/ Yoast SEO plugin. -->","yoast_head_json":{"title":"10.Hafta: \u0130lk\u00f6\u011fretim fen \u00f6\u011fretim materyallerinin dijitalle\u015ftirilmesi - Damla G\u00d6L","robots":{"index":"index","follow":"follow","max-snippet":"max-snippet:-1","max-image-preview":"max-image-preview:large","max-video-preview":"max-video-preview:-1"},"canonical":"https:\/\/icaseonline.net\/damla2\/haftalar\/10-hafta-ilkogretim-fen-ogretim-materyallerinin-dijitallestirilmesi\/","og_locale":"en_US","og_type":"article","og_title":"10.Hafta: \u0130lk\u00f6\u011fretim fen \u00f6\u011fretim materyallerinin dijitalle\u015ftirilmesi - Damla G\u00d6L","og_description":"\u0130lk\u00f6\u011fretim fen \u00f6\u011fretim materyallerinin dijitalle\u015ftirilmesi","og_url":"https:\/\/icaseonline.net\/damla2\/haftalar\/10-hafta-ilkogretim-fen-ogretim-materyallerinin-dijitallestirilmesi\/","og_site_name":"Damla G\u00d6L","article_modified_time":"2022-10-16T21:23:14+00:00","twitter_card":"summary_large_image","twitter_misc":{"Est. reading time":"1 minute"},"schema":{"@context":"https:\/\/schema.org","@graph":[{"@type":"WebPage","@id":"https:\/\/icaseonline.net\/damla2\/haftalar\/10-hafta-ilkogretim-fen-ogretim-materyallerinin-dijitallestirilmesi\/","url":"https:\/\/icaseonline.net\/damla2\/haftalar\/10-hafta-ilkogretim-fen-ogretim-materyallerinin-dijitallestirilmesi\/","name":"10.Hafta: \u0130lk\u00f6\u011fretim fen \u00f6\u011fretim materyallerinin dijitalle\u015ftirilmesi - Damla G\u00d6L","isPartOf":{"@id":"https:\/\/icaseonline.net\/damla2\/#website"},"datePublished":"2022-10-16T21:09:51+00:00","dateModified":"2022-10-16T21:23:14+00:00","breadcrumb":{"@id":"https:\/\/icaseonline.net\/damla2\/haftalar\/10-hafta-ilkogretim-fen-ogretim-materyallerinin-dijitallestirilmesi\/#breadcrumb"},"inLanguage":"en-US","potentialAction":[{"@type":"ReadAction","target":["https:\/\/icaseonline.net\/damla2\/haftalar\/10-hafta-ilkogretim-fen-ogretim-materyallerinin-dijitallestirilmesi\/"]}]},{"@type":"BreadcrumbList","@id":"https:\/\/icaseonline.net\/damla2\/haftalar\/10-hafta-ilkogretim-fen-ogretim-materyallerinin-dijitallestirilmesi\/#breadcrumb","itemListElement":[{"@type":"ListItem","position":1,"name":"Home","item":"https:\/\/icaseonline.net\/damla2\/"},{"@type":"ListItem","position":2,"name":"Haftalar","item":"https:\/\/icaseonline.net\/damla2\/haftalar\/"},{"@type":"ListItem","position":3,"name":"10.Hafta: \u0130lk\u00f6\u011fretim fen \u00f6\u011fretim materyallerinin dijitalle\u015ftirilmesi"}]},{"@type":"WebSite","@id":"https:\/\/icaseonline.net\/damla2\/#website","url":"https:\/\/icaseonline.net\/damla2\/","name":"Damla G\u00d6L","description":"BIT Dersi","potentialAction":[{"@type":"SearchAction","target":{"@type":"EntryPoint","urlTemplate":"https:\/\/icaseonline.net\/damla2\/?s={search_term_string}"},"query-input":{"@type":"PropertyValueSpecification","valueRequired":true,"valueName":"search_term_string"}}],"inLanguage":"en-US"}]}},"jetpack_sharing_enabled":true,"_links":{"self":[{"href":"https:\/\/icaseonline.net\/damla2\/wp-json\/wp\/v2\/pages\/141","targetHints":{"allow":["GET"]}}],"collection":[{"href":"https:\/\/icaseonline.net\/damla2\/wp-json\/wp\/v2\/pages"}],"about":[{"href":"https:\/\/icaseonline.net\/damla2\/wp-json\/wp\/v2\/types\/page"}],"author":[{"embeddable":true,"href":"https:\/\/icaseonline.net\/damla2\/wp-json\/wp\/v2\/users\/1"}],"replies":[{"embeddable":true,"href":"https:\/\/icaseonline.net\/damla2\/wp-json\/wp\/v2\/comments?post=141"}],"version-history":[{"count":2,"href":"https:\/\/icaseonline.net\/damla2\/wp-json\/wp\/v2\/pages\/141\/revisions"}],"predecessor-version":[{"id":143,"href":"https:\/\/icaseonline.net\/damla2\/wp-json\/wp\/v2\/pages\/141\/revisions\/143"}],"up":[{"embeddable":true,"href":"https:\/\/icaseonline.net\/damla2\/wp-json\/wp\/v2\/pages\/34"}],"wp:attachment":[{"href":"https:\/\/icaseonline.net\/damla2\/wp-json\/wp\/v2\/media?parent=141"}],"curies":[{"name":"wp","href":"https:\/\/api.w.org\/{rel}","templated":true}]}}