{"id":116,"date":"2022-10-16T18:15:29","date_gmt":"2022-10-16T18:15:29","guid":{"rendered":"https:\/\/icaseonline.net\/damla2\/?page_id=116"},"modified":"2022-10-16T21:22:24","modified_gmt":"2022-10-16T21:22:24","slug":"116-2","status":"publish","type":"page","link":"https:\/\/icaseonline.net\/damla2\/haftalar\/116-2\/","title":{"rendered":"2.hafta: Uzaktan e\u011fitim i\u00e7in web sayfas\u0131 tasar\u0131m\u0131 teorik \u00e7er\u00e7eve"},"content":{"rendered":"\n<p><strong>2.hafta: Uzaktan e\u011fitim i\u00e7in web sayfas\u0131 tasar\u0131m\u0131 teorik \u00e7er\u00e7eve<\/strong><\/p>\n\n\n\n<p><\/p>\n","protected":false},"excerpt":{"rendered":"<p>2.hafta: Uzaktan e\u011fitim i\u00e7in web sayfas\u0131 tasar\u0131m\u0131 teorik \u00e7er\u00e7eve<\/p>\n","protected":false},"author":1,"featured_media":0,"parent":34,"menu_order":2,"comment_status":"closed","ping_status":"closed","template":"","meta":{"om_disable_all_campaigns":false,"_monsterinsights_skip_tracking":false,"_monsterinsights_sitenote_active":false,"_monsterinsights_sitenote_note":"","_monsterinsights_sitenote_category":0,"footnotes":""},"class_list":["post-116","page","type-page","status-publish","hentry"],"yoast_head":"<!-- This site is optimized with the Yoast SEO plugin v27.2 - https:\/\/yoast.com\/product\/yoast-seo-wordpress\/ -->\n<title>2.hafta: Uzaktan e\u011fitim i\u00e7in web sayfas\u0131 tasar\u0131m\u0131 teorik \u00e7er\u00e7eve - Damla G\u00d6L<\/title>\n<meta name=\"robots\" content=\"index, follow, max-snippet:-1, max-image-preview:large, max-video-preview:-1\" \/>\n<link rel=\"canonical\" href=\"https:\/\/icaseonline.net\/damla2\/haftalar\/116-2\/\" \/>\n<meta property=\"og:locale\" content=\"en_US\" \/>\n<meta property=\"og:type\" content=\"article\" \/>\n<meta property=\"og:title\" content=\"2.hafta: Uzaktan e\u011fitim i\u00e7in web sayfas\u0131 tasar\u0131m\u0131 teorik \u00e7er\u00e7eve - Damla G\u00d6L\" \/>\n<meta property=\"og:description\" content=\"2.hafta: Uzaktan e\u011fitim i\u00e7in web sayfas\u0131 tasar\u0131m\u0131 teorik \u00e7er\u00e7eve\" \/>\n<meta property=\"og:url\" content=\"https:\/\/icaseonline.net\/damla2\/haftalar\/116-2\/\" \/>\n<meta property=\"og:site_name\" content=\"Damla G\u00d6L\" \/>\n<meta property=\"article:modified_time\" content=\"2022-10-16T21:22:24+00:00\" \/>\n<meta name=\"twitter:card\" content=\"summary_large_image\" \/>\n<meta name=\"twitter:label1\" content=\"Est. reading time\" \/>\n\t<meta name=\"twitter:data1\" content=\"1 minute\" \/>\n<script type=\"application\/ld+json\" class=\"yoast-schema-graph\">{\"@context\":\"https:\/\/schema.org\",\"@graph\":[{\"@type\":\"WebPage\",\"@id\":\"https:\/\/icaseonline.net\/damla2\/haftalar\/116-2\/\",\"url\":\"https:\/\/icaseonline.net\/damla2\/haftalar\/116-2\/\",\"name\":\"2.hafta: Uzaktan e\u011fitim i\u00e7in web sayfas\u0131 tasar\u0131m\u0131 teorik \u00e7er\u00e7eve - Damla G\u00d6L\",\"isPartOf\":{\"@id\":\"https:\/\/icaseonline.net\/damla2\/#website\"},\"datePublished\":\"2022-10-16T18:15:29+00:00\",\"dateModified\":\"2022-10-16T21:22:24+00:00\",\"breadcrumb\":{\"@id\":\"https:\/\/icaseonline.net\/damla2\/haftalar\/116-2\/#breadcrumb\"},\"inLanguage\":\"en-US\",\"potentialAction\":[{\"@type\":\"ReadAction\",\"target\":[\"https:\/\/icaseonline.net\/damla2\/haftalar\/116-2\/\"]}]},{\"@type\":\"BreadcrumbList\",\"@id\":\"https:\/\/icaseonline.net\/damla2\/haftalar\/116-2\/#breadcrumb\",\"itemListElement\":[{\"@type\":\"ListItem\",\"position\":1,\"name\":\"Home\",\"item\":\"https:\/\/icaseonline.net\/damla2\/\"},{\"@type\":\"ListItem\",\"position\":2,\"name\":\"Haftalar\",\"item\":\"https:\/\/icaseonline.net\/damla2\/haftalar\/\"},{\"@type\":\"ListItem\",\"position\":3,\"name\":\"2.hafta: Uzaktan e\u011fitim i\u00e7in web sayfas\u0131 tasar\u0131m\u0131 teorik \u00e7er\u00e7eve\"}]},{\"@type\":\"WebSite\",\"@id\":\"https:\/\/icaseonline.net\/damla2\/#website\",\"url\":\"https:\/\/icaseonline.net\/damla2\/\",\"name\":\"Damla G\u00d6L\",\"description\":\"BIT Dersi\",\"potentialAction\":[{\"@type\":\"SearchAction\",\"target\":{\"@type\":\"EntryPoint\",\"urlTemplate\":\"https:\/\/icaseonline.net\/damla2\/?s={search_term_string}\"},\"query-input\":{\"@type\":\"PropertyValueSpecification\",\"valueRequired\":true,\"valueName\":\"search_term_string\"}}],\"inLanguage\":\"en-US\"}]}<\/script>\n<!-- \/ Yoast SEO plugin. -->","yoast_head_json":{"title":"2.hafta: Uzaktan e\u011fitim i\u00e7in web sayfas\u0131 tasar\u0131m\u0131 teorik \u00e7er\u00e7eve - Damla G\u00d6L","robots":{"index":"index","follow":"follow","max-snippet":"max-snippet:-1","max-image-preview":"max-image-preview:large","max-video-preview":"max-video-preview:-1"},"canonical":"https:\/\/icaseonline.net\/damla2\/haftalar\/116-2\/","og_locale":"en_US","og_type":"article","og_title":"2.hafta: Uzaktan e\u011fitim i\u00e7in web sayfas\u0131 tasar\u0131m\u0131 teorik \u00e7er\u00e7eve - Damla G\u00d6L","og_description":"2.hafta: Uzaktan e\u011fitim i\u00e7in web sayfas\u0131 tasar\u0131m\u0131 teorik \u00e7er\u00e7eve","og_url":"https:\/\/icaseonline.net\/damla2\/haftalar\/116-2\/","og_site_name":"Damla G\u00d6L","article_modified_time":"2022-10-16T21:22:24+00:00","twitter_card":"summary_large_image","twitter_misc":{"Est. reading time":"1 minute"},"schema":{"@context":"https:\/\/schema.org","@graph":[{"@type":"WebPage","@id":"https:\/\/icaseonline.net\/damla2\/haftalar\/116-2\/","url":"https:\/\/icaseonline.net\/damla2\/haftalar\/116-2\/","name":"2.hafta: Uzaktan e\u011fitim i\u00e7in web sayfas\u0131 tasar\u0131m\u0131 teorik \u00e7er\u00e7eve - Damla G\u00d6L","isPartOf":{"@id":"https:\/\/icaseonline.net\/damla2\/#website"},"datePublished":"2022-10-16T18:15:29+00:00","dateModified":"2022-10-16T21:22:24+00:00","breadcrumb":{"@id":"https:\/\/icaseonline.net\/damla2\/haftalar\/116-2\/#breadcrumb"},"inLanguage":"en-US","potentialAction":[{"@type":"ReadAction","target":["https:\/\/icaseonline.net\/damla2\/haftalar\/116-2\/"]}]},{"@type":"BreadcrumbList","@id":"https:\/\/icaseonline.net\/damla2\/haftalar\/116-2\/#breadcrumb","itemListElement":[{"@type":"ListItem","position":1,"name":"Home","item":"https:\/\/icaseonline.net\/damla2\/"},{"@type":"ListItem","position":2,"name":"Haftalar","item":"https:\/\/icaseonline.net\/damla2\/haftalar\/"},{"@type":"ListItem","position":3,"name":"2.hafta: Uzaktan e\u011fitim i\u00e7in web sayfas\u0131 tasar\u0131m\u0131 teorik \u00e7er\u00e7eve"}]},{"@type":"WebSite","@id":"https:\/\/icaseonline.net\/damla2\/#website","url":"https:\/\/icaseonline.net\/damla2\/","name":"Damla G\u00d6L","description":"BIT Dersi","potentialAction":[{"@type":"SearchAction","target":{"@type":"EntryPoint","urlTemplate":"https:\/\/icaseonline.net\/damla2\/?s={search_term_string}"},"query-input":{"@type":"PropertyValueSpecification","valueRequired":true,"valueName":"search_term_string"}}],"inLanguage":"en-US"}]}},"jetpack_sharing_enabled":true,"_links":{"self":[{"href":"https:\/\/icaseonline.net\/damla2\/wp-json\/wp\/v2\/pages\/116","targetHints":{"allow":["GET"]}}],"collection":[{"href":"https:\/\/icaseonline.net\/damla2\/wp-json\/wp\/v2\/pages"}],"about":[{"href":"https:\/\/icaseonline.net\/damla2\/wp-json\/wp\/v2\/types\/page"}],"author":[{"embeddable":true,"href":"https:\/\/icaseonline.net\/damla2\/wp-json\/wp\/v2\/users\/1"}],"replies":[{"embeddable":true,"href":"https:\/\/icaseonline.net\/damla2\/wp-json\/wp\/v2\/comments?post=116"}],"version-history":[{"count":4,"href":"https:\/\/icaseonline.net\/damla2\/wp-json\/wp\/v2\/pages\/116\/revisions"}],"predecessor-version":[{"id":125,"href":"https:\/\/icaseonline.net\/damla2\/wp-json\/wp\/v2\/pages\/116\/revisions\/125"}],"up":[{"embeddable":true,"href":"https:\/\/icaseonline.net\/damla2\/wp-json\/wp\/v2\/pages\/34"}],"wp:attachment":[{"href":"https:\/\/icaseonline.net\/damla2\/wp-json\/wp\/v2\/media?parent=116"}],"curies":[{"name":"wp","href":"https:\/\/api.w.org\/{rel}","templated":true}]}}