{"id":78,"date":"2022-10-15T13:49:01","date_gmt":"2022-10-15T13:49:01","guid":{"rendered":"https:\/\/icaseonline.net\/bircan\/?page_id=78"},"modified":"2022-10-16T20:07:16","modified_gmt":"2022-10-16T20:07:16","slug":"1-hafta","status":"publish","type":"page","link":"https:\/\/icaseonline.net\/bircan\/haftalar\/1-hafta\/","title":{"rendered":"1.Hafta: Bilgi ve \u0130leti\u015fim Teknolojileri Destekli \u0130lk\u00f6\u011fretim Fen \u00d6\u011fretimine Giri\u015f"},"content":{"rendered":"\n<h2 class=\"wp-block-heading\">Dersin Amac\u0131:<\/h2>\n\n\n\n<p>Bu y\u00fcksek lisans dersi fen ve teknoloji e\u011fitiminde modern \u00f6\u011fretim ve \u00f6\u011frenme teori ve modellerini kullanarak bilgi ve ileti\u015fim teknolojileri ile desteklendirilmi\u015f \u00f6\u011fretim materyalleri geli\u015ftirmeyi ve uygulamay\u0131 hedeflemektedir.<\/p>\n\n\n\n<figure class=\"wp-block-image size-full is-resized\"><img loading=\"lazy\" decoding=\"async\" src=\"https:\/\/icaseonline.net\/bircan\/wp-content\/uploads\/2022\/10\/bilgi.jpg\" alt=\"\" class=\"wp-image-79\" width=\"482\" height=\"362\" srcset=\"https:\/\/icaseonline.net\/bircan\/wp-content\/uploads\/2022\/10\/bilgi.jpg 900w, https:\/\/icaseonline.net\/bircan\/wp-content\/uploads\/2022\/10\/bilgi-300x226.jpg 300w, https:\/\/icaseonline.net\/bircan\/wp-content\/uploads\/2022\/10\/bilgi-768x578.jpg 768w\" sizes=\"auto, (max-width: 482px) 100vw, 482px\" \/><\/figure>\n\n\n\n<p><em><strong>Dersin \u00f6\u011frenme kazan\u0131mlar\u0131:&nbsp;<\/strong><\/em><\/p>\n\n\n\n<p>1. Bilgi ve ileti\u015fim teknolojileri tabanl\u0131 uygulamalar\u0131 kullanarak \u00f6\u011fretim materyalleri geli\u015ftirme<\/p>\n\n\n\n<p>2. B\u0130T tabanl\u0131 \u00f6\u011fretim materyallerini ilk\u00f6\u011fretim fen e\u011fitimine uygulayabilme<\/p>\n\n\n\n<p>3. \u00d6\u011fretim materyallerini \u00f6\u011frencilerin ba\u015far\u0131lar\u0131 ve tutumlar\u0131 a\u00e7\u0131s\u0131ndan de\u011ferlendirme<\/p>\n\n\n\n<p>Bilgi ve ileti\u015fim teknolojileri; \u0130ng. information and communication technologies (k\u0131saca ICT), bilgi teknolojileri ve ileti\u015fim teknolojileri terimlerini tek bir \u00e7at\u0131 alt\u0131nda toplayan ve bu teknolojiler aras\u0131ndaki ili\u015fkiyi vurgulayan bir terimdir. 1980\u2019lerde ba\u015flayan dijital yak\u0131nsama s\u00fcrecinde(<em>Bili\u015fim ve bilgi teknolojileri, ileti\u015fim a\u011flar\u0131 ve medya i\u00e7eri\u011finin zincirleme ba\u011flant\u0131s\u0131. Cihazlar\u0131n dijital medyan\u0131n da dahil oldu\u011fu bir dizi aktivite i\u00e7in \u00e7ok ama\u00e7l\u0131 kanallar haline gelirken ya\u015fad\u0131klar\u0131 ge\u00e7i\u015f.<\/em>), metin, ses ve g\u00f6r\u00fcnt\u00fc bilgisayarlar taraf\u0131ndan dijital ortamda i\u015flenmeye ba\u015flam\u0131\u015ft\u0131r. Buna paralel olarak telekom\u00fcnikasyon sistemlerinin de dijitalle\u015fmesi ile birlikte dijital verilerin ve enformasyonun iletimi olanakl\u0131 hale gelmi\u015f; bilgi teknolojileri ile ileti\u015fim teknolojileri i\u00e7 i\u00e7e ge\u00e7mi\u015ftir. Bilgi ve ileti\u015fim teknolojileri terimi, bu yak\u0131nl\u0131k ve ba\u011f\u0131ml\u0131l\u0131\u011f\u0131 belirtmek amac\u0131yla kullan\u0131lmaktad\u0131r.<\/p>\n\n\n\n<p>B\u0130T ile bireyler, k\u0131sa zamanda bir\u00e7ok bilgiye ula\u015farak, bu bilgileri de\u011ferlendirme, d\u00fczeltme, yeni bilgilerle sentezleme, yorumlama, ba\u015fkalar\u0131 ile payla\u015farak beyin f\u0131rt\u0131nas\u0131 yapabilme gibi f\u0131rsatlar kazanm\u0131\u015ft\u0131r.<\/p>\n\n\n\n<figure class=\"wp-block-image size-full is-resized\"><img loading=\"lazy\" decoding=\"async\" src=\"https:\/\/icaseonline.net\/bircan\/wp-content\/uploads\/2022\/10\/1-5.png\" alt=\"\" class=\"wp-image-80\" width=\"590\" height=\"384\" srcset=\"https:\/\/icaseonline.net\/bircan\/wp-content\/uploads\/2022\/10\/1-5.png 473w, https:\/\/icaseonline.net\/bircan\/wp-content\/uploads\/2022\/10\/1-5-300x195.png 300w\" sizes=\"auto, (max-width: 590px) 100vw, 590px\" \/><\/figure>\n\n\n\n<p><strong>\u00d6\u011frenciler i\u00e7eri\u011fin etkinlik, deney, oyun, animasyon vb. den olu\u015fmas\u0131ndan son derece memnun kald\u0131klar\u0131n\u0131 ve bilgisayar kullanmay\u0131 sevdiklerini dile getirmi\u015flerdir. Fen derslerinde g\u00f6rsellerin kullan\u0131lmas\u0131 da \u00e7ok \u00f6nemlidir. G\u00f6rsellerin teknoloji ile birle\u015ftirilerek kullan\u0131lmas\u0131 ile \u00f6\u011frencilerin anlamas\u0131na yard\u0131mc\u0131 olabilir.<\/strong><\/p>\n","protected":false},"excerpt":{"rendered":"<p>Dersin Amac\u0131: Bu y\u00fcksek lisans dersi fen ve teknoloji e\u011fitiminde modern \u00f6\u011fretim ve \u00f6\u011frenme teori ve modellerini kullanarak bilgi ve ileti\u015fim teknolojileri ile desteklendirilmi\u015f \u00f6\u011fretim materyalleri geli\u015ftirmeyi ve uygulamay\u0131 hedeflemektedir. Dersin \u00f6\u011frenme kazan\u0131mlar\u0131:&nbsp; 1. Bilgi ve ileti\u015fim teknolojileri tabanl\u0131 uygulamalar\u0131 kullanarak \u00f6\u011fretim materyalleri geli\u015ftirme 2. B\u0130T tabanl\u0131 \u00f6\u011fretim materyallerini ilk\u00f6\u011fretim fen e\u011fitimine uygulayabilme 3. \u00d6\u011fretim [&hellip;]<\/p>\n","protected":false},"author":1,"featured_media":0,"parent":11,"menu_order":0,"comment_status":"closed","ping_status":"closed","template":"","meta":{"om_disable_all_campaigns":false,"_exactmetrics_skip_tracking":false,"_exactmetrics_sitenote_active":false,"_exactmetrics_sitenote_note":"","_exactmetrics_sitenote_category":0,"_monsterinsights_skip_tracking":false,"_monsterinsights_sitenote_active":false,"_monsterinsights_sitenote_note":"","_monsterinsights_sitenote_category":0,"footnotes":""},"class_list":["post-78","page","type-page","status-publish","hentry"],"yoast_head":"<!-- This site is optimized with the Yoast SEO plugin v27.2 - https:\/\/yoast.com\/product\/yoast-seo-wordpress\/ -->\n<title>1.Hafta: Bilgi ve \u0130leti\u015fim Teknolojileri Destekli \u0130lk\u00f6\u011fretim Fen \u00d6\u011fretimine Giri\u015f - Bircan Kas\u0131moglu<\/title>\n<meta name=\"robots\" content=\"index, follow, max-snippet:-1, max-image-preview:large, max-video-preview:-1\" \/>\n<link rel=\"canonical\" href=\"https:\/\/icaseonline.net\/bircan\/haftalar\/1-hafta\/\" \/>\n<meta property=\"og:locale\" content=\"en_US\" \/>\n<meta property=\"og:type\" content=\"article\" \/>\n<meta property=\"og:title\" content=\"1.Hafta: Bilgi ve \u0130leti\u015fim Teknolojileri Destekli \u0130lk\u00f6\u011fretim Fen \u00d6\u011fretimine Giri\u015f - Bircan Kas\u0131moglu\" \/>\n<meta property=\"og:description\" content=\"Dersin Amac\u0131: Bu y\u00fcksek lisans dersi fen ve teknoloji e\u011fitiminde modern \u00f6\u011fretim ve \u00f6\u011frenme teori ve modellerini kullanarak bilgi ve ileti\u015fim teknolojileri ile desteklendirilmi\u015f \u00f6\u011fretim materyalleri geli\u015ftirmeyi ve uygulamay\u0131 hedeflemektedir. Dersin \u00f6\u011frenme kazan\u0131mlar\u0131:&nbsp; 1. Bilgi ve ileti\u015fim teknolojileri tabanl\u0131 uygulamalar\u0131 kullanarak \u00f6\u011fretim materyalleri geli\u015ftirme 2. B\u0130T tabanl\u0131 \u00f6\u011fretim materyallerini ilk\u00f6\u011fretim fen e\u011fitimine uygulayabilme 3. \u00d6\u011fretim [&hellip;]\" \/>\n<meta property=\"og:url\" content=\"https:\/\/icaseonline.net\/bircan\/haftalar\/1-hafta\/\" \/>\n<meta property=\"og:site_name\" content=\"Bircan Kas\u0131moglu\" \/>\n<meta property=\"article:modified_time\" content=\"2022-10-16T20:07:16+00:00\" \/>\n<meta property=\"og:image\" content=\"https:\/\/icaseonline.net\/bircan\/wp-content\/uploads\/2022\/10\/bilgi.jpg\" \/>\n<meta name=\"twitter:card\" content=\"summary_large_image\" \/>\n<meta name=\"twitter:label1\" content=\"Est. reading time\" \/>\n\t<meta name=\"twitter:data1\" content=\"2 minutes\" \/>\n<script type=\"application\/ld+json\" class=\"yoast-schema-graph\">{\"@context\":\"https:\/\/schema.org\",\"@graph\":[{\"@type\":\"WebPage\",\"@id\":\"https:\/\/icaseonline.net\/bircan\/haftalar\/1-hafta\/\",\"url\":\"https:\/\/icaseonline.net\/bircan\/haftalar\/1-hafta\/\",\"name\":\"1.Hafta: Bilgi ve \u0130leti\u015fim Teknolojileri Destekli \u0130lk\u00f6\u011fretim Fen \u00d6\u011fretimine Giri\u015f - Bircan Kas\u0131moglu\",\"isPartOf\":{\"@id\":\"https:\/\/icaseonline.net\/bircan\/#website\"},\"primaryImageOfPage\":{\"@id\":\"https:\/\/icaseonline.net\/bircan\/haftalar\/1-hafta\/#primaryimage\"},\"image\":{\"@id\":\"https:\/\/icaseonline.net\/bircan\/haftalar\/1-hafta\/#primaryimage\"},\"thumbnailUrl\":\"https:\/\/icaseonline.net\/bircan\/wp-content\/uploads\/2022\/10\/bilgi.jpg\",\"datePublished\":\"2022-10-15T13:49:01+00:00\",\"dateModified\":\"2022-10-16T20:07:16+00:00\",\"breadcrumb\":{\"@id\":\"https:\/\/icaseonline.net\/bircan\/haftalar\/1-hafta\/#breadcrumb\"},\"inLanguage\":\"en-US\",\"potentialAction\":[{\"@type\":\"ReadAction\",\"target\":[\"https:\/\/icaseonline.net\/bircan\/haftalar\/1-hafta\/\"]}]},{\"@type\":\"ImageObject\",\"inLanguage\":\"en-US\",\"@id\":\"https:\/\/icaseonline.net\/bircan\/haftalar\/1-hafta\/#primaryimage\",\"url\":\"https:\/\/icaseonline.net\/bircan\/wp-content\/uploads\/2022\/10\/bilgi.jpg\",\"contentUrl\":\"https:\/\/icaseonline.net\/bircan\/wp-content\/uploads\/2022\/10\/bilgi.jpg\",\"width\":900,\"height\":677},{\"@type\":\"BreadcrumbList\",\"@id\":\"https:\/\/icaseonline.net\/bircan\/haftalar\/1-hafta\/#breadcrumb\",\"itemListElement\":[{\"@type\":\"ListItem\",\"position\":1,\"name\":\"Home\",\"item\":\"https:\/\/icaseonline.net\/bircan\/\"},{\"@type\":\"ListItem\",\"position\":2,\"name\":\"Haftalar\",\"item\":\"https:\/\/icaseonline.net\/bircan\/haftalar\/\"},{\"@type\":\"ListItem\",\"position\":3,\"name\":\"1.Hafta: Bilgi ve \u0130leti\u015fim Teknolojileri Destekli \u0130lk\u00f6\u011fretim Fen \u00d6\u011fretimine Giri\u015f\"}]},{\"@type\":\"WebSite\",\"@id\":\"https:\/\/icaseonline.net\/bircan\/#website\",\"url\":\"https:\/\/icaseonline.net\/bircan\/\",\"name\":\"Bircan Kas\u0131moglu\",\"description\":\"IFE 5025 Y\u00fcksek Lisans Dersi\",\"potentialAction\":[{\"@type\":\"SearchAction\",\"target\":{\"@type\":\"EntryPoint\",\"urlTemplate\":\"https:\/\/icaseonline.net\/bircan\/?s={search_term_string}\"},\"query-input\":{\"@type\":\"PropertyValueSpecification\",\"valueRequired\":true,\"valueName\":\"search_term_string\"}}],\"inLanguage\":\"en-US\"}]}<\/script>\n<!-- \/ Yoast SEO plugin. -->","yoast_head_json":{"title":"1.Hafta: Bilgi ve \u0130leti\u015fim Teknolojileri Destekli \u0130lk\u00f6\u011fretim Fen \u00d6\u011fretimine Giri\u015f - Bircan Kas\u0131moglu","robots":{"index":"index","follow":"follow","max-snippet":"max-snippet:-1","max-image-preview":"max-image-preview:large","max-video-preview":"max-video-preview:-1"},"canonical":"https:\/\/icaseonline.net\/bircan\/haftalar\/1-hafta\/","og_locale":"en_US","og_type":"article","og_title":"1.Hafta: Bilgi ve \u0130leti\u015fim Teknolojileri Destekli \u0130lk\u00f6\u011fretim Fen \u00d6\u011fretimine Giri\u015f - Bircan Kas\u0131moglu","og_description":"Dersin Amac\u0131: Bu y\u00fcksek lisans dersi fen ve teknoloji e\u011fitiminde modern \u00f6\u011fretim ve \u00f6\u011frenme teori ve modellerini kullanarak bilgi ve ileti\u015fim teknolojileri ile desteklendirilmi\u015f \u00f6\u011fretim materyalleri geli\u015ftirmeyi ve uygulamay\u0131 hedeflemektedir. Dersin \u00f6\u011frenme kazan\u0131mlar\u0131:&nbsp; 1. Bilgi ve ileti\u015fim teknolojileri tabanl\u0131 uygulamalar\u0131 kullanarak \u00f6\u011fretim materyalleri geli\u015ftirme 2. B\u0130T tabanl\u0131 \u00f6\u011fretim materyallerini ilk\u00f6\u011fretim fen e\u011fitimine uygulayabilme 3. \u00d6\u011fretim [&hellip;]","og_url":"https:\/\/icaseonline.net\/bircan\/haftalar\/1-hafta\/","og_site_name":"Bircan Kas\u0131moglu","article_modified_time":"2022-10-16T20:07:16+00:00","og_image":[{"url":"https:\/\/icaseonline.net\/bircan\/wp-content\/uploads\/2022\/10\/bilgi.jpg","type":"","width":"","height":""}],"twitter_card":"summary_large_image","twitter_misc":{"Est. reading time":"2 minutes"},"schema":{"@context":"https:\/\/schema.org","@graph":[{"@type":"WebPage","@id":"https:\/\/icaseonline.net\/bircan\/haftalar\/1-hafta\/","url":"https:\/\/icaseonline.net\/bircan\/haftalar\/1-hafta\/","name":"1.Hafta: Bilgi ve \u0130leti\u015fim Teknolojileri Destekli \u0130lk\u00f6\u011fretim Fen \u00d6\u011fretimine Giri\u015f - Bircan Kas\u0131moglu","isPartOf":{"@id":"https:\/\/icaseonline.net\/bircan\/#website"},"primaryImageOfPage":{"@id":"https:\/\/icaseonline.net\/bircan\/haftalar\/1-hafta\/#primaryimage"},"image":{"@id":"https:\/\/icaseonline.net\/bircan\/haftalar\/1-hafta\/#primaryimage"},"thumbnailUrl":"https:\/\/icaseonline.net\/bircan\/wp-content\/uploads\/2022\/10\/bilgi.jpg","datePublished":"2022-10-15T13:49:01+00:00","dateModified":"2022-10-16T20:07:16+00:00","breadcrumb":{"@id":"https:\/\/icaseonline.net\/bircan\/haftalar\/1-hafta\/#breadcrumb"},"inLanguage":"en-US","potentialAction":[{"@type":"ReadAction","target":["https:\/\/icaseonline.net\/bircan\/haftalar\/1-hafta\/"]}]},{"@type":"ImageObject","inLanguage":"en-US","@id":"https:\/\/icaseonline.net\/bircan\/haftalar\/1-hafta\/#primaryimage","url":"https:\/\/icaseonline.net\/bircan\/wp-content\/uploads\/2022\/10\/bilgi.jpg","contentUrl":"https:\/\/icaseonline.net\/bircan\/wp-content\/uploads\/2022\/10\/bilgi.jpg","width":900,"height":677},{"@type":"BreadcrumbList","@id":"https:\/\/icaseonline.net\/bircan\/haftalar\/1-hafta\/#breadcrumb","itemListElement":[{"@type":"ListItem","position":1,"name":"Home","item":"https:\/\/icaseonline.net\/bircan\/"},{"@type":"ListItem","position":2,"name":"Haftalar","item":"https:\/\/icaseonline.net\/bircan\/haftalar\/"},{"@type":"ListItem","position":3,"name":"1.Hafta: Bilgi ve \u0130leti\u015fim Teknolojileri Destekli \u0130lk\u00f6\u011fretim Fen \u00d6\u011fretimine Giri\u015f"}]},{"@type":"WebSite","@id":"https:\/\/icaseonline.net\/bircan\/#website","url":"https:\/\/icaseonline.net\/bircan\/","name":"Bircan Kas\u0131moglu","description":"IFE 5025 Y\u00fcksek Lisans Dersi","potentialAction":[{"@type":"SearchAction","target":{"@type":"EntryPoint","urlTemplate":"https:\/\/icaseonline.net\/bircan\/?s={search_term_string}"},"query-input":{"@type":"PropertyValueSpecification","valueRequired":true,"valueName":"search_term_string"}}],"inLanguage":"en-US"}]}},"jetpack_sharing_enabled":true,"_links":{"self":[{"href":"https:\/\/icaseonline.net\/bircan\/wp-json\/wp\/v2\/pages\/78","targetHints":{"allow":["GET"]}}],"collection":[{"href":"https:\/\/icaseonline.net\/bircan\/wp-json\/wp\/v2\/pages"}],"about":[{"href":"https:\/\/icaseonline.net\/bircan\/wp-json\/wp\/v2\/types\/page"}],"author":[{"embeddable":true,"href":"https:\/\/icaseonline.net\/bircan\/wp-json\/wp\/v2\/users\/1"}],"replies":[{"embeddable":true,"href":"https:\/\/icaseonline.net\/bircan\/wp-json\/wp\/v2\/comments?post=78"}],"version-history":[{"count":4,"href":"https:\/\/icaseonline.net\/bircan\/wp-json\/wp\/v2\/pages\/78\/revisions"}],"predecessor-version":[{"id":117,"href":"https:\/\/icaseonline.net\/bircan\/wp-json\/wp\/v2\/pages\/78\/revisions\/117"}],"up":[{"embeddable":true,"href":"https:\/\/icaseonline.net\/bircan\/wp-json\/wp\/v2\/pages\/11"}],"wp:attachment":[{"href":"https:\/\/icaseonline.net\/bircan\/wp-json\/wp\/v2\/media?parent=78"}],"curies":[{"name":"wp","href":"https:\/\/api.w.org\/{rel}","templated":true}]}}