{"id":21,"date":"2022-10-10T10:59:01","date_gmt":"2022-10-10T10:59:01","guid":{"rendered":"https:\/\/icaseonline.net\/bircan\/?page_id=21"},"modified":"2022-10-17T10:36:38","modified_gmt":"2022-10-17T10:36:38","slug":"anasayfa","status":"publish","type":"page","link":"https:\/\/icaseonline.net\/bircan\/","title":{"rendered":"Anasayfa"},"content":{"rendered":"\n<figure class=\"wp-block-image size-full is-resized\"><img loading=\"lazy\" decoding=\"async\" src=\"https:\/\/icaseonline.net\/bircan\/wp-content\/uploads\/2022\/10\/images.jpg\" alt=\"\" class=\"wp-image-90\" width=\"409\" height=\"327\"\/><\/figure>\n\n\n\n<p><strong>Bu y\u00fcksek lisans dersi fen ve teknoloji e\u011fitiminde modern \u00f6\u011fretim ve \u00f6\u011frenme teori ve modellerini kullanarak bilgi ve ileti\u015fim teknolojileri ile desteklendirilmi\u015f \u00f6\u011fretim materyalleri geli\u015ftirmeyi ve uygulamay\u0131 hedeflemektedir.<\/strong><\/p>\n\n\n\n<p>Bu ders \u00e7er\u00e7evesinde \u00e7ok \u00e7e\u015fitli uygulamalar yap\u0131lacakt\u0131r.<\/p>\n\n\n\n<p><strong>Derse Giri\u015f<\/strong><\/p>\n\n\n\n<p>Bilim ve teknolojide meydana gelen geli\u015fmeler bir\u00e7ok alana oldu\u011fu gibi e\u011fitim alan\u0131na da \u00f6nemli yenilikler getirmi\u015ftir. E\u011fitim giderek teknoloji destekli yap\u0131lmaya ba\u015flanm\u0131\u015f, hatta teknoloji temelli \u00f6\u011fretim sistemleri ortaya \u00e7\u0131km\u0131\u015ft\u0131r. Bu sistemlerde kullan\u0131lan teknoloji yayg\u0131n olarak bilgisayar ve internettir. Bilgisayar ve \u00f6zellikle internetin yayg\u0131nla\u015fmas\u0131, bilgiyi elde etme yollar\u0131nda ve ileti\u015fimde teknoloji kullan\u0131m\u0131n\u0131 \u00f6nemli \u00f6l\u00e7\u00fcde artt\u0131rm\u0131\u015ft\u0131r. Teknoloji her ge\u00e7en g\u00fcn daha fazla g\u00fcndelik hayat\u0131n i\u00e7erisine girmektedir. \u0130nternet kullan\u0131m\u0131 ve bir\u00e7ok de\u011fi\u015fik hizmetin elektronik ortamlardan sunulmas\u0131 giderek daha fazla yayg\u0131nla\u015fmaktad\u0131r. Buna ba\u011fl\u0131 olarak, e\u011fitim sistemleri de bilgi ve ileti\u015fim teknolojilerini kullanmak ve onlar\u0131 kullanan insanlar yeti\u015ftirmek zorundad\u0131r (Bayrak\u00e7\u0131, 2005).<\/p>\n\n\n\n<p>Bilgi teknolojileri, bilgisayar ve ileti\u015fim teknolojilerinin birlikte kullan\u0131lmas\u0131yla olu\u015fturulmu\u015f sistemlerdir. Bilgi teknolojileri; mikro elektronik ve veri iletiminin yan\u0131nda, faks makineleri, mobil telefonlar, kablolu televizyon, bilgisayarlar, bilgi a\u011flar\u0131, videoteks, software ve online veri tabanlar\u0131n\u0131 i\u00e7eren teknolojilerdir.<\/p>\n\n\n\n<p>\u00d6\u011frenciler; bilgi ve ileti\u015fim ara\u00e7lar\u0131n\u0131, d\u00fc\u015f\u00fcnerek ve sorumluluk duyarak, bilgiyi aramak, ke\u015ffetmek, analiz etmek, sunmak, g\u00f6ndermek ve ay\u0131klamak i\u00e7in kullan\u0131yorlar. Ayr\u0131ca, onlar, d\u00fcnyan\u0131n \u00e7e\u015fitli yerlerindeki insanlardan, topluluklardan ve k\u00fclt\u00fcrlerden bilgi ve deneyimlere an\u0131nda nas\u0131l eri\u015febileceklerini \u00f6\u011freniyorlar.<\/p>\n\n\n\n<figure class=\"wp-block-image size-full is-resized\"><img loading=\"lazy\" decoding=\"async\" src=\"https:\/\/icaseonline.net\/bircan\/wp-content\/uploads\/2022\/10\/indir.jpg\" alt=\"\" class=\"wp-image-89\" width=\"474\" height=\"237\" srcset=\"https:\/\/icaseonline.net\/bircan\/wp-content\/uploads\/2022\/10\/indir.jpg 318w, https:\/\/icaseonline.net\/bircan\/wp-content\/uploads\/2022\/10\/indir-300x150.jpg 300w\" sizes=\"auto, (max-width: 474px) 100vw, 474px\" \/><\/figure>\n","protected":false},"excerpt":{"rendered":"<p>Bu y\u00fcksek lisans dersi fen ve teknoloji e\u011fitiminde modern \u00f6\u011fretim ve \u00f6\u011frenme teori ve modellerini kullanarak bilgi ve ileti\u015fim teknolojileri ile desteklendirilmi\u015f \u00f6\u011fretim materyalleri geli\u015ftirmeyi ve uygulamay\u0131 hedeflemektedir. Bu ders \u00e7er\u00e7evesinde \u00e7ok \u00e7e\u015fitli uygulamalar yap\u0131lacakt\u0131r. Derse Giri\u015f Bilim ve teknolojide meydana gelen geli\u015fmeler bir\u00e7ok alana oldu\u011fu gibi e\u011fitim alan\u0131na da \u00f6nemli yenilikler getirmi\u015ftir. E\u011fitim giderek [&hellip;]<\/p>\n","protected":false},"author":1,"featured_media":0,"parent":0,"menu_order":0,"comment_status":"open","ping_status":"closed","template":"","meta":{"om_disable_all_campaigns":false,"_exactmetrics_skip_tracking":false,"_exactmetrics_sitenote_active":false,"_exactmetrics_sitenote_note":"","_exactmetrics_sitenote_category":0,"_monsterinsights_skip_tracking":false,"_monsterinsights_sitenote_active":false,"_monsterinsights_sitenote_note":"","_monsterinsights_sitenote_category":0,"footnotes":""},"class_list":["post-21","page","type-page","status-publish","hentry"],"yoast_head":"<!-- This site is optimized with the Yoast SEO plugin v27.2 - https:\/\/yoast.com\/product\/yoast-seo-wordpress\/ -->\n<title>Anasayfa - Bircan Kas\u0131moglu<\/title>\n<meta name=\"robots\" content=\"index, follow, max-snippet:-1, max-image-preview:large, max-video-preview:-1\" \/>\n<link rel=\"canonical\" href=\"https:\/\/icaseonline.net\/bircan\/\" \/>\n<meta property=\"og:locale\" content=\"en_US\" \/>\n<meta property=\"og:type\" content=\"article\" \/>\n<meta property=\"og:title\" content=\"Anasayfa - Bircan Kas\u0131moglu\" \/>\n<meta property=\"og:description\" content=\"Bu y\u00fcksek lisans dersi fen ve teknoloji e\u011fitiminde modern \u00f6\u011fretim ve \u00f6\u011frenme teori ve modellerini kullanarak bilgi ve ileti\u015fim teknolojileri ile desteklendirilmi\u015f \u00f6\u011fretim materyalleri geli\u015ftirmeyi ve uygulamay\u0131 hedeflemektedir. Bu ders \u00e7er\u00e7evesinde \u00e7ok \u00e7e\u015fitli uygulamalar yap\u0131lacakt\u0131r. Derse Giri\u015f Bilim ve teknolojide meydana gelen geli\u015fmeler bir\u00e7ok alana oldu\u011fu gibi e\u011fitim alan\u0131na da \u00f6nemli yenilikler getirmi\u015ftir. E\u011fitim giderek [&hellip;]\" \/>\n<meta property=\"og:url\" content=\"https:\/\/icaseonline.net\/bircan\/\" \/>\n<meta property=\"og:site_name\" content=\"Bircan Kas\u0131moglu\" \/>\n<meta property=\"article:modified_time\" content=\"2022-10-17T10:36:38+00:00\" \/>\n<meta property=\"og:image\" content=\"https:\/\/icaseonline.net\/bircan\/wp-content\/uploads\/2022\/10\/images.jpg\" \/>\n<meta name=\"twitter:card\" content=\"summary_large_image\" \/>\n<meta name=\"twitter:label1\" content=\"Est. reading time\" \/>\n\t<meta name=\"twitter:data1\" content=\"2 minutes\" \/>\n<script type=\"application\/ld+json\" class=\"yoast-schema-graph\">{\"@context\":\"https:\/\/schema.org\",\"@graph\":[{\"@type\":\"WebPage\",\"@id\":\"https:\/\/icaseonline.net\/bircan\/\",\"url\":\"https:\/\/icaseonline.net\/bircan\/\",\"name\":\"Anasayfa - Bircan Kas\u0131moglu\",\"isPartOf\":{\"@id\":\"https:\/\/icaseonline.net\/bircan\/#website\"},\"primaryImageOfPage\":{\"@id\":\"https:\/\/icaseonline.net\/bircan\/#primaryimage\"},\"image\":{\"@id\":\"https:\/\/icaseonline.net\/bircan\/#primaryimage\"},\"thumbnailUrl\":\"https:\/\/icaseonline.net\/bircan\/wp-content\/uploads\/2022\/10\/images.jpg\",\"datePublished\":\"2022-10-10T10:59:01+00:00\",\"dateModified\":\"2022-10-17T10:36:38+00:00\",\"breadcrumb\":{\"@id\":\"https:\/\/icaseonline.net\/bircan\/#breadcrumb\"},\"inLanguage\":\"en-US\",\"potentialAction\":[{\"@type\":\"ReadAction\",\"target\":[\"https:\/\/icaseonline.net\/bircan\/\"]}]},{\"@type\":\"ImageObject\",\"inLanguage\":\"en-US\",\"@id\":\"https:\/\/icaseonline.net\/bircan\/#primaryimage\",\"url\":\"https:\/\/icaseonline.net\/bircan\/wp-content\/uploads\/2022\/10\/images.jpg\",\"contentUrl\":\"https:\/\/icaseonline.net\/bircan\/wp-content\/uploads\/2022\/10\/images.jpg\",\"width\":251,\"height\":201},{\"@type\":\"BreadcrumbList\",\"@id\":\"https:\/\/icaseonline.net\/bircan\/#breadcrumb\",\"itemListElement\":[{\"@type\":\"ListItem\",\"position\":1,\"name\":\"Home\",\"item\":\"https:\/\/icaseonline.net\/bircan\/\"},{\"@type\":\"ListItem\",\"position\":2,\"name\":\"Anasayfa\"}]},{\"@type\":\"WebSite\",\"@id\":\"https:\/\/icaseonline.net\/bircan\/#website\",\"url\":\"https:\/\/icaseonline.net\/bircan\/\",\"name\":\"Bircan Kas\u0131moglu\",\"description\":\"IFE 5025 Y\u00fcksek Lisans Dersi\",\"potentialAction\":[{\"@type\":\"SearchAction\",\"target\":{\"@type\":\"EntryPoint\",\"urlTemplate\":\"https:\/\/icaseonline.net\/bircan\/?s={search_term_string}\"},\"query-input\":{\"@type\":\"PropertyValueSpecification\",\"valueRequired\":true,\"valueName\":\"search_term_string\"}}],\"inLanguage\":\"en-US\"}]}<\/script>\n<!-- \/ Yoast SEO plugin. -->","yoast_head_json":{"title":"Anasayfa - Bircan Kas\u0131moglu","robots":{"index":"index","follow":"follow","max-snippet":"max-snippet:-1","max-image-preview":"max-image-preview:large","max-video-preview":"max-video-preview:-1"},"canonical":"https:\/\/icaseonline.net\/bircan\/","og_locale":"en_US","og_type":"article","og_title":"Anasayfa - Bircan Kas\u0131moglu","og_description":"Bu y\u00fcksek lisans dersi fen ve teknoloji e\u011fitiminde modern \u00f6\u011fretim ve \u00f6\u011frenme teori ve modellerini kullanarak bilgi ve ileti\u015fim teknolojileri ile desteklendirilmi\u015f \u00f6\u011fretim materyalleri geli\u015ftirmeyi ve uygulamay\u0131 hedeflemektedir. Bu ders \u00e7er\u00e7evesinde \u00e7ok \u00e7e\u015fitli uygulamalar yap\u0131lacakt\u0131r. Derse Giri\u015f Bilim ve teknolojide meydana gelen geli\u015fmeler bir\u00e7ok alana oldu\u011fu gibi e\u011fitim alan\u0131na da \u00f6nemli yenilikler getirmi\u015ftir. E\u011fitim giderek [&hellip;]","og_url":"https:\/\/icaseonline.net\/bircan\/","og_site_name":"Bircan Kas\u0131moglu","article_modified_time":"2022-10-17T10:36:38+00:00","og_image":[{"url":"https:\/\/icaseonline.net\/bircan\/wp-content\/uploads\/2022\/10\/images.jpg","type":"","width":"","height":""}],"twitter_card":"summary_large_image","twitter_misc":{"Est. reading time":"2 minutes"},"schema":{"@context":"https:\/\/schema.org","@graph":[{"@type":"WebPage","@id":"https:\/\/icaseonline.net\/bircan\/","url":"https:\/\/icaseonline.net\/bircan\/","name":"Anasayfa - Bircan Kas\u0131moglu","isPartOf":{"@id":"https:\/\/icaseonline.net\/bircan\/#website"},"primaryImageOfPage":{"@id":"https:\/\/icaseonline.net\/bircan\/#primaryimage"},"image":{"@id":"https:\/\/icaseonline.net\/bircan\/#primaryimage"},"thumbnailUrl":"https:\/\/icaseonline.net\/bircan\/wp-content\/uploads\/2022\/10\/images.jpg","datePublished":"2022-10-10T10:59:01+00:00","dateModified":"2022-10-17T10:36:38+00:00","breadcrumb":{"@id":"https:\/\/icaseonline.net\/bircan\/#breadcrumb"},"inLanguage":"en-US","potentialAction":[{"@type":"ReadAction","target":["https:\/\/icaseonline.net\/bircan\/"]}]},{"@type":"ImageObject","inLanguage":"en-US","@id":"https:\/\/icaseonline.net\/bircan\/#primaryimage","url":"https:\/\/icaseonline.net\/bircan\/wp-content\/uploads\/2022\/10\/images.jpg","contentUrl":"https:\/\/icaseonline.net\/bircan\/wp-content\/uploads\/2022\/10\/images.jpg","width":251,"height":201},{"@type":"BreadcrumbList","@id":"https:\/\/icaseonline.net\/bircan\/#breadcrumb","itemListElement":[{"@type":"ListItem","position":1,"name":"Home","item":"https:\/\/icaseonline.net\/bircan\/"},{"@type":"ListItem","position":2,"name":"Anasayfa"}]},{"@type":"WebSite","@id":"https:\/\/icaseonline.net\/bircan\/#website","url":"https:\/\/icaseonline.net\/bircan\/","name":"Bircan Kas\u0131moglu","description":"IFE 5025 Y\u00fcksek Lisans Dersi","potentialAction":[{"@type":"SearchAction","target":{"@type":"EntryPoint","urlTemplate":"https:\/\/icaseonline.net\/bircan\/?s={search_term_string}"},"query-input":{"@type":"PropertyValueSpecification","valueRequired":true,"valueName":"search_term_string"}}],"inLanguage":"en-US"}]}},"jetpack_sharing_enabled":true,"_links":{"self":[{"href":"https:\/\/icaseonline.net\/bircan\/wp-json\/wp\/v2\/pages\/21","targetHints":{"allow":["GET"]}}],"collection":[{"href":"https:\/\/icaseonline.net\/bircan\/wp-json\/wp\/v2\/pages"}],"about":[{"href":"https:\/\/icaseonline.net\/bircan\/wp-json\/wp\/v2\/types\/page"}],"author":[{"embeddable":true,"href":"https:\/\/icaseonline.net\/bircan\/wp-json\/wp\/v2\/users\/1"}],"replies":[{"embeddable":true,"href":"https:\/\/icaseonline.net\/bircan\/wp-json\/wp\/v2\/comments?post=21"}],"version-history":[{"count":9,"href":"https:\/\/icaseonline.net\/bircan\/wp-json\/wp\/v2\/pages\/21\/revisions"}],"predecessor-version":[{"id":123,"href":"https:\/\/icaseonline.net\/bircan\/wp-json\/wp\/v2\/pages\/21\/revisions\/123"}],"wp:attachment":[{"href":"https:\/\/icaseonline.net\/bircan\/wp-json\/wp\/v2\/media?parent=21"}],"curies":[{"name":"wp","href":"https:\/\/api.w.org\/{rel}","templated":true}]}}