{"id":16,"date":"2022-10-10T10:50:14","date_gmt":"2022-10-10T10:50:14","guid":{"rendered":"https:\/\/icaseonline.net\/bircan\/?page_id=16"},"modified":"2022-10-17T10:09:40","modified_gmt":"2022-10-17T10:09:40","slug":"hakkinda","status":"publish","type":"page","link":"https:\/\/icaseonline.net\/bircan\/hakkinda\/","title":{"rendered":"Hakk\u0131nda"},"content":{"rendered":"\n<p><strong>Merhabalar, ben Bircan KASIMO\u011eLU. 2022 y\u0131l\u0131nda Ege \u00dcniversitesi E\u011fitim Fak\u00fcltesin ve Anadolu \u00dcniversitesi Sa\u011fl\u0131k Y\u00f6netimi b\u00f6l\u00fcm\u00fcnden mezun oldum. Fen Bilimleri \u00d6\u011fretmeniyim. Dokuz Eyl\u00fcl \u00dcniversitede Fen Bilgisi \u00d6\u011fretmenli\u011fi Y\u00fcksek Lisans program\u0131na devam etmekteyim.<\/strong><\/p>\n","protected":false},"excerpt":{"rendered":"<p>Merhabalar, ben Bircan KASIMO\u011eLU. 2022 y\u0131l\u0131nda Ege \u00dcniversitesi E\u011fitim Fak\u00fcltesin ve Anadolu \u00dcniversitesi Sa\u011fl\u0131k Y\u00f6netimi b\u00f6l\u00fcm\u00fcnden mezun oldum. Fen Bilimleri \u00d6\u011fretmeniyim. Dokuz Eyl\u00fcl \u00dcniversitede Fen Bilgisi \u00d6\u011fretmenli\u011fi Y\u00fcksek Lisans program\u0131na devam etmekteyim.<\/p>\n","protected":false},"author":1,"featured_media":0,"parent":0,"menu_order":0,"comment_status":"closed","ping_status":"closed","template":"","meta":{"om_disable_all_campaigns":false,"_exactmetrics_skip_tracking":false,"_exactmetrics_sitenote_active":false,"_exactmetrics_sitenote_note":"","_exactmetrics_sitenote_category":0,"_monsterinsights_skip_tracking":false,"_monsterinsights_sitenote_active":false,"_monsterinsights_sitenote_note":"","_monsterinsights_sitenote_category":0,"footnotes":""},"class_list":["post-16","page","type-page","status-publish","hentry"],"yoast_head":"<!-- This site is optimized with the Yoast SEO plugin v27.2 - https:\/\/yoast.com\/product\/yoast-seo-wordpress\/ -->\n<title>Hakk\u0131nda - Bircan Kas\u0131moglu<\/title>\n<meta name=\"robots\" content=\"index, follow, max-snippet:-1, max-image-preview:large, max-video-preview:-1\" \/>\n<link rel=\"canonical\" href=\"https:\/\/icaseonline.net\/bircan\/hakkinda\/\" \/>\n<meta property=\"og:locale\" content=\"en_US\" \/>\n<meta property=\"og:type\" content=\"article\" \/>\n<meta property=\"og:title\" content=\"Hakk\u0131nda - Bircan Kas\u0131moglu\" \/>\n<meta property=\"og:description\" content=\"Merhabalar, ben Bircan KASIMO\u011eLU. 2022 y\u0131l\u0131nda Ege \u00dcniversitesi E\u011fitim Fak\u00fcltesin ve Anadolu \u00dcniversitesi Sa\u011fl\u0131k Y\u00f6netimi b\u00f6l\u00fcm\u00fcnden mezun oldum. Fen Bilimleri \u00d6\u011fretmeniyim. Dokuz Eyl\u00fcl \u00dcniversitede Fen Bilgisi \u00d6\u011fretmenli\u011fi Y\u00fcksek Lisans program\u0131na devam etmekteyim.\" \/>\n<meta property=\"og:url\" content=\"https:\/\/icaseonline.net\/bircan\/hakkinda\/\" \/>\n<meta property=\"og:site_name\" content=\"Bircan Kas\u0131moglu\" \/>\n<meta property=\"article:modified_time\" content=\"2022-10-17T10:09:40+00:00\" \/>\n<meta name=\"twitter:card\" content=\"summary_large_image\" \/>\n<meta name=\"twitter:label1\" content=\"Est. reading time\" \/>\n\t<meta name=\"twitter:data1\" content=\"1 minute\" \/>\n<script type=\"application\/ld+json\" class=\"yoast-schema-graph\">{\"@context\":\"https:\/\/schema.org\",\"@graph\":[{\"@type\":\"WebPage\",\"@id\":\"https:\/\/icaseonline.net\/bircan\/hakkinda\/\",\"url\":\"https:\/\/icaseonline.net\/bircan\/hakkinda\/\",\"name\":\"Hakk\u0131nda - Bircan Kas\u0131moglu\",\"isPartOf\":{\"@id\":\"https:\/\/icaseonline.net\/bircan\/#website\"},\"datePublished\":\"2022-10-10T10:50:14+00:00\",\"dateModified\":\"2022-10-17T10:09:40+00:00\",\"breadcrumb\":{\"@id\":\"https:\/\/icaseonline.net\/bircan\/hakkinda\/#breadcrumb\"},\"inLanguage\":\"en-US\",\"potentialAction\":[{\"@type\":\"ReadAction\",\"target\":[\"https:\/\/icaseonline.net\/bircan\/hakkinda\/\"]}]},{\"@type\":\"BreadcrumbList\",\"@id\":\"https:\/\/icaseonline.net\/bircan\/hakkinda\/#breadcrumb\",\"itemListElement\":[{\"@type\":\"ListItem\",\"position\":1,\"name\":\"Home\",\"item\":\"https:\/\/icaseonline.net\/bircan\/\"},{\"@type\":\"ListItem\",\"position\":2,\"name\":\"Hakk\u0131nda\"}]},{\"@type\":\"WebSite\",\"@id\":\"https:\/\/icaseonline.net\/bircan\/#website\",\"url\":\"https:\/\/icaseonline.net\/bircan\/\",\"name\":\"Bircan Kas\u0131moglu\",\"description\":\"IFE 5025 Y\u00fcksek Lisans Dersi\",\"potentialAction\":[{\"@type\":\"SearchAction\",\"target\":{\"@type\":\"EntryPoint\",\"urlTemplate\":\"https:\/\/icaseonline.net\/bircan\/?s={search_term_string}\"},\"query-input\":{\"@type\":\"PropertyValueSpecification\",\"valueRequired\":true,\"valueName\":\"search_term_string\"}}],\"inLanguage\":\"en-US\"}]}<\/script>\n<!-- \/ Yoast SEO plugin. -->","yoast_head_json":{"title":"Hakk\u0131nda - Bircan Kas\u0131moglu","robots":{"index":"index","follow":"follow","max-snippet":"max-snippet:-1","max-image-preview":"max-image-preview:large","max-video-preview":"max-video-preview:-1"},"canonical":"https:\/\/icaseonline.net\/bircan\/hakkinda\/","og_locale":"en_US","og_type":"article","og_title":"Hakk\u0131nda - Bircan Kas\u0131moglu","og_description":"Merhabalar, ben Bircan KASIMO\u011eLU. 2022 y\u0131l\u0131nda Ege \u00dcniversitesi E\u011fitim Fak\u00fcltesin ve Anadolu \u00dcniversitesi Sa\u011fl\u0131k Y\u00f6netimi b\u00f6l\u00fcm\u00fcnden mezun oldum. Fen Bilimleri \u00d6\u011fretmeniyim. Dokuz Eyl\u00fcl \u00dcniversitede Fen Bilgisi \u00d6\u011fretmenli\u011fi Y\u00fcksek Lisans program\u0131na devam etmekteyim.","og_url":"https:\/\/icaseonline.net\/bircan\/hakkinda\/","og_site_name":"Bircan Kas\u0131moglu","article_modified_time":"2022-10-17T10:09:40+00:00","twitter_card":"summary_large_image","twitter_misc":{"Est. reading time":"1 minute"},"schema":{"@context":"https:\/\/schema.org","@graph":[{"@type":"WebPage","@id":"https:\/\/icaseonline.net\/bircan\/hakkinda\/","url":"https:\/\/icaseonline.net\/bircan\/hakkinda\/","name":"Hakk\u0131nda - Bircan Kas\u0131moglu","isPartOf":{"@id":"https:\/\/icaseonline.net\/bircan\/#website"},"datePublished":"2022-10-10T10:50:14+00:00","dateModified":"2022-10-17T10:09:40+00:00","breadcrumb":{"@id":"https:\/\/icaseonline.net\/bircan\/hakkinda\/#breadcrumb"},"inLanguage":"en-US","potentialAction":[{"@type":"ReadAction","target":["https:\/\/icaseonline.net\/bircan\/hakkinda\/"]}]},{"@type":"BreadcrumbList","@id":"https:\/\/icaseonline.net\/bircan\/hakkinda\/#breadcrumb","itemListElement":[{"@type":"ListItem","position":1,"name":"Home","item":"https:\/\/icaseonline.net\/bircan\/"},{"@type":"ListItem","position":2,"name":"Hakk\u0131nda"}]},{"@type":"WebSite","@id":"https:\/\/icaseonline.net\/bircan\/#website","url":"https:\/\/icaseonline.net\/bircan\/","name":"Bircan Kas\u0131moglu","description":"IFE 5025 Y\u00fcksek Lisans Dersi","potentialAction":[{"@type":"SearchAction","target":{"@type":"EntryPoint","urlTemplate":"https:\/\/icaseonline.net\/bircan\/?s={search_term_string}"},"query-input":{"@type":"PropertyValueSpecification","valueRequired":true,"valueName":"search_term_string"}}],"inLanguage":"en-US"}]}},"jetpack_sharing_enabled":true,"_links":{"self":[{"href":"https:\/\/icaseonline.net\/bircan\/wp-json\/wp\/v2\/pages\/16","targetHints":{"allow":["GET"]}}],"collection":[{"href":"https:\/\/icaseonline.net\/bircan\/wp-json\/wp\/v2\/pages"}],"about":[{"href":"https:\/\/icaseonline.net\/bircan\/wp-json\/wp\/v2\/types\/page"}],"author":[{"embeddable":true,"href":"https:\/\/icaseonline.net\/bircan\/wp-json\/wp\/v2\/users\/1"}],"replies":[{"embeddable":true,"href":"https:\/\/icaseonline.net\/bircan\/wp-json\/wp\/v2\/comments?post=16"}],"version-history":[{"count":5,"href":"https:\/\/icaseonline.net\/bircan\/wp-json\/wp\/v2\/pages\/16\/revisions"}],"predecessor-version":[{"id":121,"href":"https:\/\/icaseonline.net\/bircan\/wp-json\/wp\/v2\/pages\/16\/revisions\/121"}],"wp:attachment":[{"href":"https:\/\/icaseonline.net\/bircan\/wp-json\/wp\/v2\/media?parent=16"}],"curies":[{"name":"wp","href":"https:\/\/api.w.org\/{rel}","templated":true}]}}