{"id":126,"date":"2022-10-17T11:29:04","date_gmt":"2022-10-17T11:29:04","guid":{"rendered":"https:\/\/icaseonline.net\/bircan\/?page_id=126"},"modified":"2022-10-17T11:57:42","modified_gmt":"2022-10-17T11:57:42","slug":"quiz","status":"publish","type":"page","link":"https:\/\/icaseonline.net\/bircan\/haftalar\/3-hafta\/quiz\/","title":{"rendered":"Quiz"},"content":{"rendered":"\n<div class=\"forminator-guttenberg\"><div class=\"forminator-ui forminator-custom-form forminator-custom-form-124 forminator-design--default  forminator_ajax\" data-forminator-render=\"0\" data-form=\"forminator-module-124\" data-uid=\"69d289de74162\"><br\/><\/div><form\n\t\t\t\tid=\"forminator-module-124\"\n\t\t\t\tclass=\"forminator-ui forminator-custom-form forminator-custom-form-124 forminator-design--default  forminator_ajax\"\n\t\t\t\tmethod=\"post\"\n\t\t\t\tdata-forminator-render=\"0\"\n\t\t\t\tdata-form-id=\"124\"\n\t\t\t\t data-color-option=\"default\" data-design=\"default\" data-grid=\"open\" style=\"display: none;\"\n\t\t\t\tdata-uid=\"69d289de74162\"\n\t\t\t><div role=\"alert\" aria-live=\"polite\" class=\"forminator-response-message forminator-error\" aria-hidden=\"true\"><\/div><div class=\"forminator-row\"><div id=\"name-1\" class=\"forminator-field-name forminator-col forminator-col-12 \"><div class=\"forminator-field\"><label for=\"forminator-field-name-1_69d289de74162\" id=\"forminator-field-name-1_69d289de74162-label\" class=\"forminator-label\">\u00d6\u011frencinin Ad-Soyad<\/label><input type=\"text\" name=\"name-1\" value=\"\" placeholder=\"\" id=\"forminator-field-name-1_69d289de74162\" class=\"forminator-input forminator-name--field\" aria-required=\"false\" autocomplete=\"name\" \/><\/div><\/div><\/div><div class=\"forminator-row\"><div id=\"address-1\" class=\"forminator-field-address forminator-col forminator-col-12 \"><div class=\"forminator-row\"><div id=\"address-1-street_address\" class=\"forminator-col\"><div class=\"forminator-field\"><label for=\"forminator-field-address-1-street_address_69d289de74162\" id=\"forminator-field-address-1-street_address_69d289de74162-label\" class=\"forminator-label\">Okul \u0130smi<\/label><input type=\"text\" name=\"address-1-street_address\" placeholder=\"\" id=\"forminator-field-address-1-street_address_69d289de74162\" class=\"forminator-input\" data-required=\"\" aria-required=\"false\" autocomplete=\"address-line1\" value=\"\" \/><\/div><\/div><\/div><\/div><\/div><div class=\"forminator-row\"><div id=\"number-1\" class=\"forminator-field-number forminator-col forminator-col-12 \"><div class=\"forminator-field\"><label for=\"forminator-field-number-1_69d289de74162\" id=\"forminator-field-number-1_69d289de74162-label\" class=\"forminator-label\">Okul Numaras\u0131<\/label><input name=\"number-1\" value=\"\" placeholder=\"\" id=\"forminator-field-number-1_69d289de74162\" class=\"forminator-input forminator-number--field\" inputmode=\"decimal\" data-required=\"\" data-decimals=\"0\" aria-required=\"false\" data-inputmask=\"&#039;groupSeparator&#039;: &#039;&#039;, &#039;radixPoint&#039;: &#039;&#039;, &#039;digits&#039;: &#039;0&#039;\" type=\"number\" step=\"any\" min=\"1\" max=\"1500\" \/><\/div><\/div><\/div><div class=\"forminator-row\"><div id=\"textarea-1\" class=\"forminator-field-textarea forminator-col forminator-col-12 \"><div class=\"forminator-field\"><label for=\"forminator-field-textarea-1_69d289de74162\" id=\"forminator-field-textarea-1_69d289de74162-label\" class=\"forminator-label\">Mitoz b\u00f6l\u00fcnme evrelerini k\u0131saca a\u00e7\u0131klay\u0131n\u0131z.<\/label><textarea name=\"textarea-1\" placeholder=\"cevab\u0131n\u0131z\u0131 buraya yaz\u0131n.\" id=\"forminator-field-textarea-1_69d289de74162\" class=\"forminator-textarea\" rows=\"6\" style=\"min-height:140px;\" ><\/textarea><\/div><\/div><\/div><div class=\"forminator-row\"><div id=\"select-1\" class=\"forminator-field-select forminator-col forminator-col-12 \"><div class=\"forminator-field\"><label for=\"forminator-form-124__field--select-1_69d289de74162\" id=\"forminator-form-124__field--select-1_69d289de74162-label\" class=\"forminator-label\">1.Sentrozomlar\u0131n e\u015flenmesi 2.\u00c7ekirdek b\u00f6l\u00fcnmesi 3.Kromozomlar\u0131n birbirinden ayr\u0131lmas\u0131 4.B\u00f6l\u00fcnme sonunda olu\u015fan h\u00fccrelerin kromozom say\u0131s\u0131n\u0131n yar\u0131ya inmesi<\/label><select  id=\"forminator-form-124__field--select-1_69d289de74162\" class=\"forminator-select--field forminator-select2 forminator-select2-multiple\" data-required=\"\" name=\"select-1\" data-default-value=\"4\" data-placeholder=\"Hangisi mayoz b\u00f6l\u00fcnmeye \u00f6zg\u00fc bir \u00f6zelliktir?\" data-search=\"false\" data-search-placeholder=\"Hangisi mayoz b\u00f6l\u00fcnmeye \u00f6zg\u00fc bir \u00f6zelliktir?\" data-checkbox=\"false\" data-allow-clear=\"false\" aria-labelledby=\"forminator-form-124__field--select-1_69d289de74162-label\"><option value=\"\"  >Hangisi mayoz b\u00f6l\u00fcnmeye \u00f6zg\u00fc bir \u00f6zelliktir?<\/option><option value=\"one\"  data-calculation=\"0\">1<\/option><option value=\"two\"  data-calculation=\"0\">2<\/option><option value=\"3\"  data-calculation=\"0\">3<\/option><option value=\"4\" selected=\"selected\" data-calculation=\"0\">4<\/option><\/select><\/div><\/div><\/div><div class=\"forminator-row\"><div id=\"select-2\" class=\"forminator-field-select forminator-col forminator-col-12 \"><div class=\"forminator-field\"><label for=\"forminator-form-124__field--select-2_69d289de74162\" id=\"forminator-form-124__field--select-2_69d289de74162-label\" class=\"forminator-label\">A\u015fa\u011f\u0131da verilen h\u00fccrelerden hangisi mayoz b\u00f6l\u00fcnme ge\u00e7irebilir?<\/label><select  id=\"forminator-form-124__field--select-2_69d289de74162\" class=\"forminator-select--field forminator-select2 forminator-select2-multiple\" data-required=\"\" name=\"select-2\" data-default-value=\"Kedideki-yumurta-ana-h\u00fccresi\" data-placeholder=\"\" data-search=\"false\" data-search-placeholder=\"\" data-checkbox=\"false\" data-allow-clear=\"false\" aria-labelledby=\"forminator-form-124__field--select-2_69d289de74162-label\"><option value=\"one\"  data-calculation=\"0\">\u0130nsandaki karaci\u011fer h\u00fccresi<\/option><option value=\"two\"  data-calculation=\"0\">G\u00fcvercindeki sperm h\u00fccresi<\/option><option value=\"Elma-a\u011fac\u0131ndaki-yaprak-h\u00fccresi\"  data-calculation=\"0\">Elma a\u011fac\u0131ndaki yaprak h\u00fccresi<\/option><option value=\"Kedideki-yumurta-ana-h\u00fccresi\" selected=\"selected\" data-calculation=\"0\">Kedideki yumurta ana h\u00fccresi<\/option><\/select><\/div><\/div><\/div><div class=\"forminator-row\"><div id=\"textarea-2\" class=\"forminator-field-textarea forminator-col forminator-col-12 \"><div class=\"forminator-field\"><label for=\"forminator-field-textarea-2_69d289de74162\" id=\"forminator-field-textarea-2_69d289de74162-label\" class=\"forminator-label\">E\u015feyli \u00fcreyen bir canl\u0131 t\u00fcr\u00fcnde mayoz b\u00f6l\u00fcnme sonucu, kromozom say\u0131s\u0131 yar\u0131ya inerek \u00fcreme h\u00fccreleri olu\u015fur. Bu t\u00fcr\u00fcn di\u015fi ve erkek bireyleri aras\u0131nda meydana gelebilecek d\u00f6llenme olay\u0131 ise yavru bireyleri olu\u015fturur. Buna g\u00f6re, mayozda kromozom say\u0131s\u0131n\u0131n yar\u0131ya inmesi, neye neden olur?<\/label><textarea name=\"textarea-2\" placeholder=\"\" id=\"forminator-field-textarea-2_69d289de74162\" class=\"forminator-textarea\" rows=\"6\" style=\"min-height:140px;\" ><\/textarea><\/div><\/div><\/div><div class=\"forminator-row\"><div id=\"select-3\" class=\"forminator-field-select forminator-col forminator-col-12 \"><div class=\"forminator-field\"><label for=\"forminator-form-124__field--select-3_69d289de74162\" id=\"forminator-form-124__field--select-3_69d289de74162-label\" class=\"forminator-label\">A\u015fa\u011f\u0131dakilerden hangisi mitoz h\u00fccre b\u00f6l\u00fcnmesi yapan t\u00fcm canl\u0131larda ortakt\u0131r?<\/label><select  id=\"forminator-form-124__field--select-3_69d289de74162\" class=\"forminator-select--field forminator-select2 forminator-select2-multiple\" data-required=\"\" name=\"select-3\" data-default-value=\"Kromozom-say\u0131s\u0131n\u0131n-sabit-kalmas\u0131\" data-placeholder=\"\" data-search=\"false\" data-search-placeholder=\"\" data-checkbox=\"false\" data-allow-clear=\"false\" aria-labelledby=\"forminator-form-124__field--select-3_69d289de74162-label\"><option value=\"one\"  data-calculation=\"0\">V\u00fccut h\u00fccrelerinde g\u00f6r\u00fclmesi<\/option><option value=\"two\"  data-calculation=\"0\">B\u00fcy\u00fcme ve geli\u015fmeyi sa\u011flamas\u0131<\/option><option value=\"Kromozom-say\u0131s\u0131n\u0131n-sabit-kalmas\u0131\" selected=\"selected\" data-calculation=\"0\">Kromozom say\u0131s\u0131n\u0131n sabit kalmas\u0131<\/option><option value=\"Yaralar\u0131n-iyile\u015fmesini-sa\u011flamas\u0131\"  data-calculation=\"0\">Yaralar\u0131n iyile\u015fmesini sa\u011flamas\u0131<\/option><\/select><\/div><\/div><\/div><input type=\"hidden\" name=\"referer_url\" value=\"\" \/><div class=\"forminator-row forminator-row-last\"><div class=\"forminator-col\"><div class=\"forminator-field\"><button class=\"forminator-button forminator-button-submit\">Send Message<\/button><\/div><\/div><\/div><input type=\"hidden\" id=\"forminator_nonce\" name=\"forminator_nonce\" value=\"a4b3380877\" \/><input type=\"hidden\" name=\"_wp_http_referer\" value=\"\/bircan\/wp-json\/wp\/v2\/pages\/126\" \/><input type=\"hidden\" name=\"form_id\" value=\"124\"><input type=\"hidden\" name=\"page_id\" value=\"126\"><input type=\"hidden\" name=\"form_type\" value=\"default\"><input type=\"hidden\" name=\"current_url\" value=\"https:\/\/icaseonline.net\/bircan\/haftalar\/3-hafta\/quiz\/\"><input type=\"hidden\" name=\"render_id\" value=\"0\"><input type=\"hidden\" name=\"action\" value=\"forminator_submit_form_custom-forms\"><\/form><\/div>\n","protected":false},"excerpt":{"rendered":"","protected":false},"author":1,"featured_media":0,"parent":129,"menu_order":0,"comment_status":"closed","ping_status":"closed","template":"","meta":{"om_disable_all_campaigns":false,"_exactmetrics_skip_tracking":false,"_exactmetrics_sitenote_active":false,"_exactmetrics_sitenote_note":"","_exactmetrics_sitenote_category":0,"_monsterinsights_skip_tracking":false,"_monsterinsights_sitenote_active":false,"_monsterinsights_sitenote_note":"","_monsterinsights_sitenote_category":0,"footnotes":""},"class_list":["post-126","page","type-page","status-publish","hentry"],"yoast_head":"<!-- This site is optimized with the Yoast SEO plugin v27.2 - https:\/\/yoast.com\/product\/yoast-seo-wordpress\/ -->\n<title>Quiz - Bircan Kas\u0131moglu<\/title>\n<meta name=\"robots\" content=\"index, follow, max-snippet:-1, max-image-preview:large, max-video-preview:-1\" \/>\n<link rel=\"canonical\" href=\"https:\/\/icaseonline.net\/bircan\/haftalar\/3-hafta\/quiz\/\" \/>\n<meta property=\"og:locale\" content=\"en_US\" \/>\n<meta property=\"og:type\" content=\"article\" \/>\n<meta property=\"og:title\" content=\"Quiz - Bircan Kas\u0131moglu\" \/>\n<meta property=\"og:url\" content=\"https:\/\/icaseonline.net\/bircan\/haftalar\/3-hafta\/quiz\/\" \/>\n<meta property=\"og:site_name\" content=\"Bircan Kas\u0131moglu\" \/>\n<meta property=\"article:modified_time\" content=\"2022-10-17T11:57:42+00:00\" \/>\n<meta name=\"twitter:card\" content=\"summary_large_image\" \/>\n<meta name=\"twitter:label1\" content=\"Est. reading time\" \/>\n\t<meta name=\"twitter:data1\" content=\"1 minute\" \/>\n<script type=\"application\/ld+json\" class=\"yoast-schema-graph\">{\"@context\":\"https:\/\/schema.org\",\"@graph\":[{\"@type\":\"WebPage\",\"@id\":\"https:\/\/icaseonline.net\/bircan\/haftalar\/3-hafta\/quiz\/\",\"url\":\"https:\/\/icaseonline.net\/bircan\/haftalar\/3-hafta\/quiz\/\",\"name\":\"Quiz - Bircan Kas\u0131moglu\",\"isPartOf\":{\"@id\":\"https:\/\/icaseonline.net\/bircan\/#website\"},\"datePublished\":\"2022-10-17T11:29:04+00:00\",\"dateModified\":\"2022-10-17T11:57:42+00:00\",\"breadcrumb\":{\"@id\":\"https:\/\/icaseonline.net\/bircan\/haftalar\/3-hafta\/quiz\/#breadcrumb\"},\"inLanguage\":\"en-US\",\"potentialAction\":[{\"@type\":\"ReadAction\",\"target\":[\"https:\/\/icaseonline.net\/bircan\/haftalar\/3-hafta\/quiz\/\"]}]},{\"@type\":\"BreadcrumbList\",\"@id\":\"https:\/\/icaseonline.net\/bircan\/haftalar\/3-hafta\/quiz\/#breadcrumb\",\"itemListElement\":[{\"@type\":\"ListItem\",\"position\":1,\"name\":\"Home\",\"item\":\"https:\/\/icaseonline.net\/bircan\/\"},{\"@type\":\"ListItem\",\"position\":2,\"name\":\"Haftalar\",\"item\":\"https:\/\/icaseonline.net\/bircan\/haftalar\/\"},{\"@type\":\"ListItem\",\"position\":3,\"name\":\"3.Hafta\",\"item\":\"https:\/\/icaseonline.net\/bircan\/haftalar\/3-hafta\/\"},{\"@type\":\"ListItem\",\"position\":4,\"name\":\"Quiz\"}]},{\"@type\":\"WebSite\",\"@id\":\"https:\/\/icaseonline.net\/bircan\/#website\",\"url\":\"https:\/\/icaseonline.net\/bircan\/\",\"name\":\"Bircan Kas\u0131moglu\",\"description\":\"IFE 5025 Y\u00fcksek Lisans Dersi\",\"potentialAction\":[{\"@type\":\"SearchAction\",\"target\":{\"@type\":\"EntryPoint\",\"urlTemplate\":\"https:\/\/icaseonline.net\/bircan\/?s={search_term_string}\"},\"query-input\":{\"@type\":\"PropertyValueSpecification\",\"valueRequired\":true,\"valueName\":\"search_term_string\"}}],\"inLanguage\":\"en-US\"}]}<\/script>\n<!-- \/ Yoast SEO plugin. -->","yoast_head_json":{"title":"Quiz - Bircan Kas\u0131moglu","robots":{"index":"index","follow":"follow","max-snippet":"max-snippet:-1","max-image-preview":"max-image-preview:large","max-video-preview":"max-video-preview:-1"},"canonical":"https:\/\/icaseonline.net\/bircan\/haftalar\/3-hafta\/quiz\/","og_locale":"en_US","og_type":"article","og_title":"Quiz - Bircan Kas\u0131moglu","og_url":"https:\/\/icaseonline.net\/bircan\/haftalar\/3-hafta\/quiz\/","og_site_name":"Bircan Kas\u0131moglu","article_modified_time":"2022-10-17T11:57:42+00:00","twitter_card":"summary_large_image","twitter_misc":{"Est. reading time":"1 minute"},"schema":{"@context":"https:\/\/schema.org","@graph":[{"@type":"WebPage","@id":"https:\/\/icaseonline.net\/bircan\/haftalar\/3-hafta\/quiz\/","url":"https:\/\/icaseonline.net\/bircan\/haftalar\/3-hafta\/quiz\/","name":"Quiz - Bircan Kas\u0131moglu","isPartOf":{"@id":"https:\/\/icaseonline.net\/bircan\/#website"},"datePublished":"2022-10-17T11:29:04+00:00","dateModified":"2022-10-17T11:57:42+00:00","breadcrumb":{"@id":"https:\/\/icaseonline.net\/bircan\/haftalar\/3-hafta\/quiz\/#breadcrumb"},"inLanguage":"en-US","potentialAction":[{"@type":"ReadAction","target":["https:\/\/icaseonline.net\/bircan\/haftalar\/3-hafta\/quiz\/"]}]},{"@type":"BreadcrumbList","@id":"https:\/\/icaseonline.net\/bircan\/haftalar\/3-hafta\/quiz\/#breadcrumb","itemListElement":[{"@type":"ListItem","position":1,"name":"Home","item":"https:\/\/icaseonline.net\/bircan\/"},{"@type":"ListItem","position":2,"name":"Haftalar","item":"https:\/\/icaseonline.net\/bircan\/haftalar\/"},{"@type":"ListItem","position":3,"name":"3.Hafta","item":"https:\/\/icaseonline.net\/bircan\/haftalar\/3-hafta\/"},{"@type":"ListItem","position":4,"name":"Quiz"}]},{"@type":"WebSite","@id":"https:\/\/icaseonline.net\/bircan\/#website","url":"https:\/\/icaseonline.net\/bircan\/","name":"Bircan Kas\u0131moglu","description":"IFE 5025 Y\u00fcksek Lisans Dersi","potentialAction":[{"@type":"SearchAction","target":{"@type":"EntryPoint","urlTemplate":"https:\/\/icaseonline.net\/bircan\/?s={search_term_string}"},"query-input":{"@type":"PropertyValueSpecification","valueRequired":true,"valueName":"search_term_string"}}],"inLanguage":"en-US"}]}},"jetpack_sharing_enabled":true,"_links":{"self":[{"href":"https:\/\/icaseonline.net\/bircan\/wp-json\/wp\/v2\/pages\/126","targetHints":{"allow":["GET"]}}],"collection":[{"href":"https:\/\/icaseonline.net\/bircan\/wp-json\/wp\/v2\/pages"}],"about":[{"href":"https:\/\/icaseonline.net\/bircan\/wp-json\/wp\/v2\/types\/page"}],"author":[{"embeddable":true,"href":"https:\/\/icaseonline.net\/bircan\/wp-json\/wp\/v2\/users\/1"}],"replies":[{"embeddable":true,"href":"https:\/\/icaseonline.net\/bircan\/wp-json\/wp\/v2\/comments?post=126"}],"version-history":[{"count":1,"href":"https:\/\/icaseonline.net\/bircan\/wp-json\/wp\/v2\/pages\/126\/revisions"}],"predecessor-version":[{"id":127,"href":"https:\/\/icaseonline.net\/bircan\/wp-json\/wp\/v2\/pages\/126\/revisions\/127"}],"up":[{"embeddable":true,"href":"https:\/\/icaseonline.net\/bircan\/wp-json\/wp\/v2\/pages\/129"}],"wp:attachment":[{"href":"https:\/\/icaseonline.net\/bircan\/wp-json\/wp\/v2\/media?parent=126"}],"curies":[{"name":"wp","href":"https:\/\/api.w.org\/{rel}","templated":true}]}}