{"id":104,"date":"2022-10-15T15:12:03","date_gmt":"2022-10-15T15:12:03","guid":{"rendered":"https:\/\/icaseonline.net\/bircan\/?page_id=104"},"modified":"2022-10-16T20:07:56","modified_gmt":"2022-10-16T20:07:56","slug":"2-hafta","status":"publish","type":"page","link":"https:\/\/icaseonline.net\/bircan\/haftalar\/2-hafta\/","title":{"rendered":"2.Hafta: Uzaktan E\u011fitim \u0130\u00e7in Web Sayfas\u0131 Tasar\u0131m\u0131 Teorik \u00c7er\u00e7eve"},"content":{"rendered":"\n<p><strong><mark style=\"background-color:rgba(0, 0, 0, 0)\" class=\"has-inline-color has-luminous-vivid-orange-color\">\u0130yi Bir Web Sitesi Tasar\u0131m\u0131 Nas\u0131l Olur?<\/mark><\/strong><br>Bunu web tasar\u0131mc\u0131lara soracak olursan\u0131z bir\u00e7ok farkl\u0131 cevapla kar\u015f\u0131la\u015fman\u0131z m\u00fcmk\u00fcn. Ancak detaya girmeden temel prensiplere inecek olursak; iyi bir web sitesi tasar\u0131m\u0131, grafik tasar\u0131m\u0131 a\u00e7\u0131s\u0131ndan g\u00f6ze ho\u015f gelmeli, kullan\u0131\u015fl\u0131 olmal\u0131 ve ziyaret\u00e7ilerde memnuniyet yaratmal\u0131 diyebiliriz. \u0130yi bir web sitesi tasar\u0131m\u0131 i\u00e7in ba\u011fl\u0131 kalman\u0131z gereken prensipler ise;<\/p>\n\n\n\n<p><strong><mark style=\"background-color:rgba(0, 0, 0, 0)\" class=\"has-inline-color has-vivid-green-cyan-color\">1- \u0130yi Bir Web Sitesi Tasar\u0131m\u0131, \u00dcr\u00fcn\u00fc \/ Hizmeti Anla\u015f\u0131labilir K\u0131lmal\u0131<\/mark><\/strong><br>Web sitenizin amac\u0131, ziyaret\u00e7i siteye girer girmez anla\u015f\u0131labilir olmal\u0131! Web sitenizi tasarlay\u0131p geli\u015ftirirken pazarlama mesaj\u0131n\u0131z\u0131 ana sayfaya (landing page), 5 kelimeyi ge\u00e7meden ve bakan ki\u015finin sorular\u0131na cevap verebilecek veya o ki\u015finin \u00fcr\u00fcn\u00fcn\u00fczden \/ servisinizden ne elde edece\u011fini a\u00e7\u0131klayacak \u015fekilde koyun.<\/p>\n\n\n\n<p><strong><mark style=\"background-color:rgba(0, 0, 0, 0)\" class=\"has-inline-color has-vivid-green-cyan-color\">2- \u0130yi Bir Web Sitesi Tasar\u0131m\u0131, \u00dcr\u00fcn\u00fc \/ Hizmeti Kullan\u0131\u015fl\u0131 K\u0131lmal\u0131<\/mark><\/strong><br>\u0130yi bir web sitesi, \u00fcr\u00fcn\u00fcn \/ hizmetin ne denli kullan\u0131\u015fl\u0131, hayat kurtar\u0131c\u0131, yararl\u0131, gerekli vb. oldu\u011funa de\u011finir ve bunun aksine ima dahi eden t\u00fcm vurgulardan ka\u00e7\u0131n\u0131r. Yani web siteniz sadece \u00fcr\u00fcnlerin \/ hizmetin yer ald\u0131\u011f\u0131 bir vitrin olmamal\u0131, onu potansiyel m\u00fc\u015fterilerinize anlatmal\u0131, sevdirmeli, ona ihtiya\u00e7lar\u0131 oldu\u011funa ikna etmeli!<\/p>\n\n\n\n<p><strong><mark style=\"background-color:rgba(0, 0, 0, 0)\" class=\"has-inline-color has-vivid-green-cyan-color\">3- \u0130yi Bir Web Sitesi Estetik A\u00e7\u0131dan Cezbedici Olmal\u0131<\/mark><\/strong><br>Ki\u015filerin g\u00fcnl\u00fck hayatlar\u0131nda yer ald\u0131klar\u0131 ve onlar\u0131n iyi bir ruh haline sahip olmalar\u0131 \u00fczerinde do\u011frudan etkisi oldu\u011fundan, \u00fcr\u00fcnler estetik a\u00e7\u0131dan cezbedici olmal\u0131 (buna web siteleri de dahil, \u00e7\u00fcnk\u00fc o da sizin bir \u00fcr\u00fcn\u00fcn\u00fcz).<\/p>\n\n\n\n<p>Temel prensipleri uygularken, temel ve etkisi kan\u0131tlanm\u0131\u015f bir d\u00fczene de sahip olmas\u0131 gerekiyor tabii ki. Bu d\u00fczenin ilk ve olmazsa olmaz unsuru &#8220;Ana Sayfa&#8221;. Web sitenizi ziyaret eden ki\u015filerin dikkatini \u00e7ekebilmesi ve ki\u015filerin sayfada daha fazla kalmas\u0131n\u0131 sa\u011flayabilmesi i\u00e7in ana sayfan\u0131z\u0131n, ziyaret\u00e7ilerin ilgi alan\u0131na hitap edecek alakal\u0131 i\u00e7eriklere, d\u00fczenli bir yap\u0131ya sahip olmas\u0131 ve kolay okunabilir olmas\u0131 gerekli.<\/p>\n\n\n\n<p><strong><em><mark style=\"background-color:rgba(0, 0, 0, 0)\" class=\"has-inline-color has-vivid-red-color\">WordPress Web Sayfas\u0131 Nas\u0131l Yap\u0131l\u0131r?<\/mark><\/em><\/strong><\/p>\n\n\n\n<figure class=\"wp-block-image size-full\"><img loading=\"lazy\" decoding=\"async\" width=\"847\" height=\"450\" src=\"https:\/\/icaseonline.net\/bircan\/wp-content\/uploads\/2022\/10\/1.png\" alt=\"\" class=\"wp-image-105\" srcset=\"https:\/\/icaseonline.net\/bircan\/wp-content\/uploads\/2022\/10\/1.png 847w, https:\/\/icaseonline.net\/bircan\/wp-content\/uploads\/2022\/10\/1-300x159.png 300w, https:\/\/icaseonline.net\/bircan\/wp-content\/uploads\/2022\/10\/1-768x408.png 768w\" sizes=\"auto, (max-width: 847px) 100vw, 847px\" \/><\/figure>\n\n\n\n<p><\/p>\n\n\n\n<ol class=\"wp-block-list\"><li>URL\u2019yi arama \u00e7ubu\u011funuza yazarak sitenizi kurmaya ba\u015flay\u0131n. <a href=\"https:\/\/wordpress.com\/tr\/\">https:\/\/wordpress.com\/tr\/<\/a><\/li><li> Gerekli yerleri doldurduktan sonra e-posta adresinize gelen e-posta ile mail adresinizi do\u011frulay\u0131p hesab\u0131n\u0131z\u0131 etkinle\u015ftirin.<\/li><li>\u0130stedi\u011finiz bir alan ad\u0131n\u0131 yazd\u0131ktan sonra wordpess\u2019in sa\u011flam\u0131\u015f oldu\u011fu \u00fccretsiz alan ad\u0131n\u0131 se\u00e7in.<\/li><li>Sitenizin kurulumu ger\u00e7ekle\u015fti, art\u0131k sitenize bir tema belirleyebilir ve sayfalar\u0131n\u0131z\u0131 diledi\u011finiz gibi d\u00fczenleyebilirsiniz.<\/li><li>Sitenizin URL\u2019sinin sonuna \u201c\/admin\u201d yaz\u0131s\u0131n\u0131 ekleyerek kontrol paneline ula\u015fabilirsiniz.<\/li><li>Kontrol paneli \u00fczerinden sitenize sayfa ekleyip \u00e7\u0131karabilir ve sayfalar\u0131n\u0131z\u0131n i\u00e7eri\u011fini d\u00fczenleyebilirsiniz.<\/li><li>Kontrol paneli \u00fczerinden sitenize sayfa ekleyip \u00e7\u0131karabilir ve sayfalar\u0131n\u0131z\u0131n i\u00e7eri\u011fini d\u00fczenleyebilirsiniz.<\/li><li>Kontrol paneli \u00fczerindeki g\u00f6r\u00fcn\u00fcm b\u00f6l\u00fcm\u00fcnden; Sitenize bir tema ayarlayabilirsiniz.<\/li><li>Men\u00fclerinize ekleme ve \u00e7\u0131karmalar yaparak adlar\u0131n\u0131 d\u00fczenleyebilirsiniz.<\/li><li>Bile\u015fenler b\u00f6l\u00fcm\u00fcnden sayfan\u0131z\u0131n a\u015fa\u011f\u0131 ya da yan k\u0131s\u0131mlar\u0131na; arama, blog istatistikleri ve takvim gibi daha bir\u00e7ok bile\u015feni ekleyebilirsiniz.<\/li><\/ol>\n\n\n\n<figure class=\"wp-block-embed is-type-video is-provider-youtube wp-block-embed-youtube wp-embed-aspect-16-9 wp-has-aspect-ratio\"><div class=\"wp-block-embed__wrapper\">\n<iframe loading=\"lazy\" title=\"Wordpress E\u011fitimi 2020 - Ders 2 - WordPress Tema Kurulumu ve Basit Sayfa D\u00fczenleme\" width=\"900\" height=\"506\" src=\"https:\/\/www.youtube.com\/embed\/2nKUhsRtJTA?start=2&#038;feature=oembed\" frameborder=\"0\" allow=\"accelerometer; autoplay; clipboard-write; encrypted-media; gyroscope; picture-in-picture\" allowfullscreen><\/iframe>\n<\/div><\/figure>\n\n\n\n<p><\/p>\n","protected":false},"excerpt":{"rendered":"<p>\u0130yi Bir Web Sitesi Tasar\u0131m\u0131 Nas\u0131l Olur?Bunu web tasar\u0131mc\u0131lara soracak olursan\u0131z bir\u00e7ok farkl\u0131 cevapla kar\u015f\u0131la\u015fman\u0131z m\u00fcmk\u00fcn. Ancak detaya girmeden temel prensiplere inecek olursak; iyi bir web sitesi tasar\u0131m\u0131, grafik tasar\u0131m\u0131 a\u00e7\u0131s\u0131ndan g\u00f6ze ho\u015f gelmeli, kullan\u0131\u015fl\u0131 olmal\u0131 ve ziyaret\u00e7ilerde memnuniyet yaratmal\u0131 diyebiliriz. \u0130yi bir web sitesi tasar\u0131m\u0131 i\u00e7in ba\u011fl\u0131 kalman\u0131z gereken prensipler ise; 1- \u0130yi Bir [&hellip;]<\/p>\n","protected":false},"author":1,"featured_media":0,"parent":11,"menu_order":0,"comment_status":"closed","ping_status":"closed","template":"","meta":{"om_disable_all_campaigns":false,"_exactmetrics_skip_tracking":false,"_exactmetrics_sitenote_active":false,"_exactmetrics_sitenote_note":"","_exactmetrics_sitenote_category":0,"_monsterinsights_skip_tracking":false,"_monsterinsights_sitenote_active":false,"_monsterinsights_sitenote_note":"","_monsterinsights_sitenote_category":0,"footnotes":""},"class_list":["post-104","page","type-page","status-publish","hentry"],"yoast_head":"<!-- This site is optimized with the Yoast SEO plugin v27.2 - https:\/\/yoast.com\/product\/yoast-seo-wordpress\/ -->\n<title>2.Hafta: Uzaktan E\u011fitim \u0130\u00e7in Web Sayfas\u0131 Tasar\u0131m\u0131 Teorik \u00c7er\u00e7eve - Bircan Kas\u0131moglu<\/title>\n<meta name=\"robots\" content=\"index, follow, max-snippet:-1, max-image-preview:large, max-video-preview:-1\" \/>\n<link rel=\"canonical\" href=\"https:\/\/icaseonline.net\/bircan\/haftalar\/2-hafta\/\" \/>\n<meta property=\"og:locale\" content=\"en_US\" \/>\n<meta property=\"og:type\" content=\"article\" \/>\n<meta property=\"og:title\" content=\"2.Hafta: Uzaktan E\u011fitim \u0130\u00e7in Web Sayfas\u0131 Tasar\u0131m\u0131 Teorik \u00c7er\u00e7eve - Bircan Kas\u0131moglu\" \/>\n<meta property=\"og:description\" content=\"\u0130yi Bir Web Sitesi Tasar\u0131m\u0131 Nas\u0131l Olur?Bunu web tasar\u0131mc\u0131lara soracak olursan\u0131z bir\u00e7ok farkl\u0131 cevapla kar\u015f\u0131la\u015fman\u0131z m\u00fcmk\u00fcn. Ancak detaya girmeden temel prensiplere inecek olursak; iyi bir web sitesi tasar\u0131m\u0131, grafik tasar\u0131m\u0131 a\u00e7\u0131s\u0131ndan g\u00f6ze ho\u015f gelmeli, kullan\u0131\u015fl\u0131 olmal\u0131 ve ziyaret\u00e7ilerde memnuniyet yaratmal\u0131 diyebiliriz. \u0130yi bir web sitesi tasar\u0131m\u0131 i\u00e7in ba\u011fl\u0131 kalman\u0131z gereken prensipler ise; 1- \u0130yi Bir [&hellip;]\" \/>\n<meta property=\"og:url\" content=\"https:\/\/icaseonline.net\/bircan\/haftalar\/2-hafta\/\" \/>\n<meta property=\"og:site_name\" content=\"Bircan Kas\u0131moglu\" \/>\n<meta property=\"article:modified_time\" content=\"2022-10-16T20:07:56+00:00\" \/>\n<meta property=\"og:image\" content=\"https:\/\/icaseonline.net\/bircan\/wp-content\/uploads\/2022\/10\/1.png\" \/>\n<meta name=\"twitter:card\" content=\"summary_large_image\" \/>\n<meta name=\"twitter:label1\" content=\"Est. reading time\" \/>\n\t<meta name=\"twitter:data1\" content=\"2 minutes\" \/>\n<script type=\"application\/ld+json\" class=\"yoast-schema-graph\">{\"@context\":\"https:\/\/schema.org\",\"@graph\":[{\"@type\":\"WebPage\",\"@id\":\"https:\/\/icaseonline.net\/bircan\/haftalar\/2-hafta\/\",\"url\":\"https:\/\/icaseonline.net\/bircan\/haftalar\/2-hafta\/\",\"name\":\"2.Hafta: Uzaktan E\u011fitim \u0130\u00e7in Web Sayfas\u0131 Tasar\u0131m\u0131 Teorik \u00c7er\u00e7eve - Bircan Kas\u0131moglu\",\"isPartOf\":{\"@id\":\"https:\/\/icaseonline.net\/bircan\/#website\"},\"primaryImageOfPage\":{\"@id\":\"https:\/\/icaseonline.net\/bircan\/haftalar\/2-hafta\/#primaryimage\"},\"image\":{\"@id\":\"https:\/\/icaseonline.net\/bircan\/haftalar\/2-hafta\/#primaryimage\"},\"thumbnailUrl\":\"https:\/\/icaseonline.net\/bircan\/wp-content\/uploads\/2022\/10\/1.png\",\"datePublished\":\"2022-10-15T15:12:03+00:00\",\"dateModified\":\"2022-10-16T20:07:56+00:00\",\"breadcrumb\":{\"@id\":\"https:\/\/icaseonline.net\/bircan\/haftalar\/2-hafta\/#breadcrumb\"},\"inLanguage\":\"en-US\",\"potentialAction\":[{\"@type\":\"ReadAction\",\"target\":[\"https:\/\/icaseonline.net\/bircan\/haftalar\/2-hafta\/\"]}]},{\"@type\":\"ImageObject\",\"inLanguage\":\"en-US\",\"@id\":\"https:\/\/icaseonline.net\/bircan\/haftalar\/2-hafta\/#primaryimage\",\"url\":\"https:\/\/icaseonline.net\/bircan\/wp-content\/uploads\/2022\/10\/1.png\",\"contentUrl\":\"https:\/\/icaseonline.net\/bircan\/wp-content\/uploads\/2022\/10\/1.png\",\"width\":847,\"height\":450},{\"@type\":\"BreadcrumbList\",\"@id\":\"https:\/\/icaseonline.net\/bircan\/haftalar\/2-hafta\/#breadcrumb\",\"itemListElement\":[{\"@type\":\"ListItem\",\"position\":1,\"name\":\"Home\",\"item\":\"https:\/\/icaseonline.net\/bircan\/\"},{\"@type\":\"ListItem\",\"position\":2,\"name\":\"Haftalar\",\"item\":\"https:\/\/icaseonline.net\/bircan\/haftalar\/\"},{\"@type\":\"ListItem\",\"position\":3,\"name\":\"2.Hafta: Uzaktan E\u011fitim \u0130\u00e7in Web Sayfas\u0131 Tasar\u0131m\u0131 Teorik \u00c7er\u00e7eve\"}]},{\"@type\":\"WebSite\",\"@id\":\"https:\/\/icaseonline.net\/bircan\/#website\",\"url\":\"https:\/\/icaseonline.net\/bircan\/\",\"name\":\"Bircan Kas\u0131moglu\",\"description\":\"IFE 5025 Y\u00fcksek Lisans Dersi\",\"potentialAction\":[{\"@type\":\"SearchAction\",\"target\":{\"@type\":\"EntryPoint\",\"urlTemplate\":\"https:\/\/icaseonline.net\/bircan\/?s={search_term_string}\"},\"query-input\":{\"@type\":\"PropertyValueSpecification\",\"valueRequired\":true,\"valueName\":\"search_term_string\"}}],\"inLanguage\":\"en-US\"}]}<\/script>\n<!-- \/ Yoast SEO plugin. -->","yoast_head_json":{"title":"2.Hafta: Uzaktan E\u011fitim \u0130\u00e7in Web Sayfas\u0131 Tasar\u0131m\u0131 Teorik \u00c7er\u00e7eve - Bircan Kas\u0131moglu","robots":{"index":"index","follow":"follow","max-snippet":"max-snippet:-1","max-image-preview":"max-image-preview:large","max-video-preview":"max-video-preview:-1"},"canonical":"https:\/\/icaseonline.net\/bircan\/haftalar\/2-hafta\/","og_locale":"en_US","og_type":"article","og_title":"2.Hafta: Uzaktan E\u011fitim \u0130\u00e7in Web Sayfas\u0131 Tasar\u0131m\u0131 Teorik \u00c7er\u00e7eve - Bircan Kas\u0131moglu","og_description":"\u0130yi Bir Web Sitesi Tasar\u0131m\u0131 Nas\u0131l Olur?Bunu web tasar\u0131mc\u0131lara soracak olursan\u0131z bir\u00e7ok farkl\u0131 cevapla kar\u015f\u0131la\u015fman\u0131z m\u00fcmk\u00fcn. Ancak detaya girmeden temel prensiplere inecek olursak; iyi bir web sitesi tasar\u0131m\u0131, grafik tasar\u0131m\u0131 a\u00e7\u0131s\u0131ndan g\u00f6ze ho\u015f gelmeli, kullan\u0131\u015fl\u0131 olmal\u0131 ve ziyaret\u00e7ilerde memnuniyet yaratmal\u0131 diyebiliriz. \u0130yi bir web sitesi tasar\u0131m\u0131 i\u00e7in ba\u011fl\u0131 kalman\u0131z gereken prensipler ise; 1- \u0130yi Bir [&hellip;]","og_url":"https:\/\/icaseonline.net\/bircan\/haftalar\/2-hafta\/","og_site_name":"Bircan Kas\u0131moglu","article_modified_time":"2022-10-16T20:07:56+00:00","og_image":[{"url":"https:\/\/icaseonline.net\/bircan\/wp-content\/uploads\/2022\/10\/1.png","type":"","width":"","height":""}],"twitter_card":"summary_large_image","twitter_misc":{"Est. reading time":"2 minutes"},"schema":{"@context":"https:\/\/schema.org","@graph":[{"@type":"WebPage","@id":"https:\/\/icaseonline.net\/bircan\/haftalar\/2-hafta\/","url":"https:\/\/icaseonline.net\/bircan\/haftalar\/2-hafta\/","name":"2.Hafta: Uzaktan E\u011fitim \u0130\u00e7in Web Sayfas\u0131 Tasar\u0131m\u0131 Teorik \u00c7er\u00e7eve - Bircan Kas\u0131moglu","isPartOf":{"@id":"https:\/\/icaseonline.net\/bircan\/#website"},"primaryImageOfPage":{"@id":"https:\/\/icaseonline.net\/bircan\/haftalar\/2-hafta\/#primaryimage"},"image":{"@id":"https:\/\/icaseonline.net\/bircan\/haftalar\/2-hafta\/#primaryimage"},"thumbnailUrl":"https:\/\/icaseonline.net\/bircan\/wp-content\/uploads\/2022\/10\/1.png","datePublished":"2022-10-15T15:12:03+00:00","dateModified":"2022-10-16T20:07:56+00:00","breadcrumb":{"@id":"https:\/\/icaseonline.net\/bircan\/haftalar\/2-hafta\/#breadcrumb"},"inLanguage":"en-US","potentialAction":[{"@type":"ReadAction","target":["https:\/\/icaseonline.net\/bircan\/haftalar\/2-hafta\/"]}]},{"@type":"ImageObject","inLanguage":"en-US","@id":"https:\/\/icaseonline.net\/bircan\/haftalar\/2-hafta\/#primaryimage","url":"https:\/\/icaseonline.net\/bircan\/wp-content\/uploads\/2022\/10\/1.png","contentUrl":"https:\/\/icaseonline.net\/bircan\/wp-content\/uploads\/2022\/10\/1.png","width":847,"height":450},{"@type":"BreadcrumbList","@id":"https:\/\/icaseonline.net\/bircan\/haftalar\/2-hafta\/#breadcrumb","itemListElement":[{"@type":"ListItem","position":1,"name":"Home","item":"https:\/\/icaseonline.net\/bircan\/"},{"@type":"ListItem","position":2,"name":"Haftalar","item":"https:\/\/icaseonline.net\/bircan\/haftalar\/"},{"@type":"ListItem","position":3,"name":"2.Hafta: Uzaktan E\u011fitim \u0130\u00e7in Web Sayfas\u0131 Tasar\u0131m\u0131 Teorik \u00c7er\u00e7eve"}]},{"@type":"WebSite","@id":"https:\/\/icaseonline.net\/bircan\/#website","url":"https:\/\/icaseonline.net\/bircan\/","name":"Bircan Kas\u0131moglu","description":"IFE 5025 Y\u00fcksek Lisans Dersi","potentialAction":[{"@type":"SearchAction","target":{"@type":"EntryPoint","urlTemplate":"https:\/\/icaseonline.net\/bircan\/?s={search_term_string}"},"query-input":{"@type":"PropertyValueSpecification","valueRequired":true,"valueName":"search_term_string"}}],"inLanguage":"en-US"}]}},"jetpack_sharing_enabled":true,"_links":{"self":[{"href":"https:\/\/icaseonline.net\/bircan\/wp-json\/wp\/v2\/pages\/104","targetHints":{"allow":["GET"]}}],"collection":[{"href":"https:\/\/icaseonline.net\/bircan\/wp-json\/wp\/v2\/pages"}],"about":[{"href":"https:\/\/icaseonline.net\/bircan\/wp-json\/wp\/v2\/types\/page"}],"author":[{"embeddable":true,"href":"https:\/\/icaseonline.net\/bircan\/wp-json\/wp\/v2\/users\/1"}],"replies":[{"embeddable":true,"href":"https:\/\/icaseonline.net\/bircan\/wp-json\/wp\/v2\/comments?post=104"}],"version-history":[{"count":2,"href":"https:\/\/icaseonline.net\/bircan\/wp-json\/wp\/v2\/pages\/104\/revisions"}],"predecessor-version":[{"id":118,"href":"https:\/\/icaseonline.net\/bircan\/wp-json\/wp\/v2\/pages\/104\/revisions\/118"}],"up":[{"embeddable":true,"href":"https:\/\/icaseonline.net\/bircan\/wp-json\/wp\/v2\/pages\/11"}],"wp:attachment":[{"href":"https:\/\/icaseonline.net\/bircan\/wp-json\/wp\/v2\/media?parent=104"}],"curies":[{"name":"wp","href":"https:\/\/api.w.org\/{rel}","templated":true}]}}